{"id":3,"date":"2024-03-29T19:18:31","date_gmt":"2024-03-29T18:18:31","guid":{"rendered":"http:\/\/serwer229958.lh.pl\/autoinstalator\/serwer229958.lh.pl\/wordpress62166\/?page_id=3"},"modified":"2026-02-09T06:48:21","modified_gmt":"2026-02-09T05:48:21","slug":"polityka-prywatnosci","status":"publish","type":"page","link":"https:\/\/rddsklep.pl\/de\/polityka-prywatnosci\/","title":{"rendered":"Datenschutzrichtlinie"},"content":{"rendered":"<div data-elementor-type=\"wp-page\" data-elementor-id=\"3\" class=\"elementor elementor-3\" data-elementor-post-type=\"page\">\n\t\t\t\t<div class=\"wd-negative-gap elementor-element elementor-element-79afd189 e-flex e-con-boxed e-con e-parent\" data-id=\"79afd189\" data-element_type=\"container\" data-e-type=\"container\">\n\t\t\t\t\t<div class=\"e-con-inner\">\n\t\t\t\t<div class=\"elementor-element elementor-element-312d7b color-scheme-inherit text-left elementor-widget elementor-widget-text-editor\" data-id=\"312d7b\" data-element_type=\"widget\" data-e-type=\"widget\" data-widget_type=\"text-editor.default\">\n\t\t\t\t<div class=\"elementor-widget-container\">\n\t\t\t\t\t\t\t\t\t<p><b>Datenschutzerkl\u00e4rung des Online-Shops www.rddsklep.pl<\/b><\/p><ol><li aria-level=\"1\"><b>Datenschutzbeauftragter<\/b><\/li><\/ol><p>Der Verantwortliche f\u00fcr die personenbezogenen Daten ist\u00a0<b>Produktions-, Handels- und Dienstleistungsunternehmen \u201eRDD\u201d Robert Dorsz mit Sitz in 89-510 Bys\u0142aw, Bys\u0142awek 83, USt-IdNr. 5611452395, REGON 366657771<\/b>\u00a0 , das unter der Domain www.rddsklep.pl Online-Verk\u00e4ufe durchf\u00fchrt. Der Administrator kann bez\u00fcglich der Verarbeitung personenbezogener Daten \u00fcber die auf der Website angegebenen Kontaktdaten kontaktiert werden.<\/p><ol><li aria-level=\"1\"><b>Umfang der erhobenen personenbezogenen Daten<\/b><\/li><\/ol><p>Zu den erhobenen Daten geh\u00f6ren unter anderem Ihr Name, Ihre E-Mail-Adresse, Ihre Telefonnummer, Ihre Lieferadresse und Ihre Zahlungsinformationen. Bei der Nutzung der Website werden au\u00dferdem automatisch Daten wie Ihre IP-Adresse, Navigationsdaten und Cookies erfasst.<\/p><ol><li aria-level=\"1\"><b>Datenverarbeitungszwecke<\/b><\/li><\/ol><p>Personenbezogene Daten werden zu Zwecken wie Auftragsabwicklung, Kundenkontoverwaltung, Beschwerdebearbeitung, Marketing und Kundenkommunikation verarbeitet. Dar\u00fcber hinaus k\u00f6nnen die Daten, unter anderem mithilfe von Cookies, zur Verbesserung der Website-Funktionalit\u00e4t verwendet werden.<\/p><ol><li aria-level=\"1\"><b>Rechtsgrundlage f\u00fcr die Datenverarbeitung<\/b><\/li><\/ol><p>Die Datenverarbeitung erfolgt auf Grundlage der Einwilligung des Nutzers, des abgeschlossenen Vertrags und der berechtigten Interessen des Administrators, wie z. B. Direktmarketing und Verbesserung der Funktionalit\u00e4t der Website.<\/p><ol><li aria-level=\"1\"><b>Weitergabe personenbezogener Daten<\/b><\/li><\/ol><p>Die personenbezogenen Daten der Nutzer k\u00f6nnen an Dritte, wie beispielsweise Kurierdienste, Online-Zahlungsdienstleister und Technologiepartner, weitergegeben werden. Die Daten werden nicht verkauft oder zu anderen als den in der Datenschutzerkl\u00e4rung genannten Zwecken an Dritte weitergegeben.<\/p><ol><li aria-level=\"1\"><b>\u00dcbermittlung personenbezogener Daten au\u00dferhalb des EWR<\/b><\/li><\/ol><p>Werden personenbezogene Daten von Nutzern in Drittl\u00e4nder au\u00dferhalb des Europ\u00e4ischen Wirtschaftsraums \u00fcbermittelt, werden geeignete Schutzma\u00dfnahmen getroffen, z. B. Datenschutzvereinbarungen.<\/p><ol><li aria-level=\"1\"><b>Nutzerrechte in Bezug auf personenbezogene Daten<\/b><\/li><\/ol><p>Nutzer haben jederzeit das Recht auf Auskunft, Berichtigung, L\u00f6schung, Einschr\u00e4nkung der Verarbeitung, Daten\u00fcbertragbarkeit, Widerspruch gegen die Verarbeitung und Widerruf der Einwilligung. Um diese Rechte auszu\u00fcben, wenden Sie sich bitte an den Administrator.<\/p><ol><li aria-level=\"1\"><b>Cookie-Richtlinie<\/b><\/li><\/ol><p>Diese Website verwendet verschiedene Arten von Cookies, darunter technische, analytische und Marketing-Cookies. Cookies dienen prim\u00e4r der Verbesserung der Website-Funktionalit\u00e4t. Nutzer k\u00f6nnen ihre Einwilligung \u00fcber die Browsereinstellungen oder spezielle Tools auf der Website verwalten.<\/p><ol><li aria-level=\"1\"><b>Datenspeicherungsdauer<\/b><\/li><\/ol><p>Personenbezogene Daten werden so lange gespeichert, wie es zur Abwicklung der Bestellung erforderlich ist, bis die Einwilligung zur Verarbeitung widerrufen wird oder bis die gesetzlich vorgeschriebene Frist abgelaufen ist. Cookies k\u00f6nnen je nach Art (Sitzungs-Cookies, dauerhafte Cookies) unterschiedlich lange gespeichert werden.<\/p><ol><li aria-level=\"1\"><b>Datensicherheit<\/b><\/li><\/ol><p><b>Produktions-, Handels- und Dienstleistungsunternehmen \u201eRDD\u201d Robert Dorsz mit Sitz in 89-510 Bys\u0142aw, Bys\u0142awek 83, USt-IdNr. 5611452395, REGON 366657771<\/b> Der Shop setzt geeignete technische und organisatorische Ma\u00dfnahmen zum Schutz personenbezogener Daten ein, darunter Verschl\u00fcsselung, Zugriffsrichtlinien und Mitarbeiterschulungen. Der Shop unternimmt alle Anstrengungen, die Sicherheit der verarbeiteten personenbezogenen Daten zu gew\u00e4hrleisten. Sie haben das Recht, Anfragen bez\u00fcglich Ihrer Daten oder deren Verarbeitung in elektronischer Form zu stellen.<\/p><ol><li aria-level=\"1\"><b>\u00c4nderungen der Datenschutzrichtlinie\u00a0 \u00a0 \u00a0 <\/b><b>\u00a0<\/b><\/li><\/ol><p>Diese Datenschutzrichtlinie kann von Zeit zu Zeit aktualisiert werden, und die Nutzer werden \u00fcber alle \u00c4nderungen benachrichtigt. Die aktuelle Richtlinie tritt mit dem Datum ihrer Ver\u00f6ffentlichung in Kraft.<\/p><ol><li><strong>Informationen zu Kundenrechten<\/strong> . Der Kunde hat das Recht, sich hinsichtlich der Verarbeitung seiner personenbezogenen Daten bei der Aufsichtsbeh\u00f6rde (dem Pr\u00e4sidenten des Amtes f\u00fcr den Schutz personenbezogener Daten) zu beschweren.1<\/li><li>Das Recht, Anfragen auf Auskunft \u00fcber Daten oder deren Verarbeitung in elektronischer Form zu stellen.<\/li><li><div class=\"otQkpb\" role=\"heading\" aria-level=\"3\" data-animation-nesting=\"\" data-sfc-cp=\"\" data-complete=\"true\" data-processed=\"true\" data-sae=\"\"><strong class=\"Yjhzub\" data-complete=\"true\">Bestimmungen zur Profilerstellung und automatisierten Entscheidungsfindung<\/strong><\/div><ol class=\"IaGLZe VimKh\" data-complete=\"true\" data-processed=\"true\"><li data-hveid=\"CAEIBBAA\" data-complete=\"true\" data-sae=\"\"><span class=\"T286Pc\" data-sfc-cp=\"\" data-complete=\"true\"><strong class=\"Yjhzub\" data-complete=\"true\">Was ist Profiling?<\/strong><br data-serialized-params=\"[]\" data-complete=\"true\" \/>Im Rahmen des Betriebs des Online-Shops rddsklep.pl k\u00f6nnen wir Profiling einsetzen. Dies beinhaltet die automatische Analyse Ihrer Aktivit\u00e4ten auf unserer Website (z. B. angesehene Produkte, Kaufhistorie, Standort), um Ihre Bed\u00fcrfnisse und Einkaufsvorlieben besser zu verstehen.<\/span><\/li><li data-hveid=\"CAEIBBAB\" data-complete=\"true\" data-sae=\"\"><span class=\"T286Pc\" data-sfc-cp=\"\" data-complete=\"true\"><strong class=\"Yjhzub\" data-complete=\"true\">Profiling-Effekte f\u00fcr Sie:<\/strong><\/span><br \/><ul class=\"KsbFXc U6u95\" data-complete=\"true\"><li data-hveid=\"CAEIBBAC\" data-complete=\"true\" data-sae=\"\"><span class=\"T286Pc\" data-sfc-cp=\"\" data-complete=\"true\"><strong class=\"Yjhzub\" data-complete=\"true\">Personalisierung von Angeboten:<\/strong>\u00a0Wir zeigen Ihnen m\u00f6glicherweise Werbung oder senden Ihnen Rabattcodes, die auf Produkte zugeschnitten sind, die Sie interessieren.<\/span><\/li><li data-hveid=\"CAEIBBAD\" data-complete=\"true\" data-sae=\"\"><span class=\"T286Pc\" data-sfc-cp=\"\" data-complete=\"true\"><strong class=\"Yjhzub\" data-complete=\"true\">Einkaufskomfort:<\/strong>\u00a0Wir schlagen Ihnen Produkte vor, die Ihre bisherigen Bestellungen erg\u00e4nzen k\u00f6nnen.<\/span><\/li><li data-hveid=\"CAEIBBAE\" data-complete=\"true\" data-sae=\"\"><span class=\"T286Pc\" data-sfc-cp=\"\" data-complete=\"true\"><strong class=\"Yjhzub\" data-complete=\"true\">Keine negativen rechtlichen Konsequenzen:<\/strong>\u00a0Unsere Profilerstellung hat keinen Einfluss auf Ihre M\u00f6glichkeit, einen Vertrag abzuschlie\u00dfen oder Produktpreise diskriminierend zu \u00e4ndern.<\/span><\/li><\/ul><\/li><li data-hveid=\"CAEIBBAF\" data-complete=\"true\" data-sae=\"\"><span class=\"T286Pc\" data-sfc-cp=\"\" data-complete=\"true\"><strong class=\"Yjhzub\" data-complete=\"true\">Rechtsgrundlage und Ihre Rechte:<\/strong><br data-serialized-params=\"[]\" data-complete=\"true\" \/>Die Datenverarbeitung in dieser Form basiert auf unserem berechtigten Interesse (Direktmarketing) oder Ihrer freiwilligen Einwilligung (z. B. durch Cookie-Einstellungen).\u00a0<span data-sfc-cp=\"\" data-complete=\"true\"><a class=\"H23r4e\" href=\"https:\/\/gdpr.pl\/artykuly\/profilowanie\" target=\"_blank\" rel=\"noopener\" data-hveid=\"CAEIBBAG\">Grunds\u00e4tze der DSGVO<\/a><\/span>, Sie haben jederzeit das Recht:<\/span><br \/><ul class=\"KsbFXc U6u95\" data-complete=\"true\"><li data-hveid=\"CAEIBBAH\" data-complete=\"true\" data-sae=\"\"><span class=\"T286Pc\" data-sfc-cp=\"\" data-complete=\"true\"><strong class=\"Yjhzub\" data-complete=\"true\">Einwand gegen Profiling<\/strong>\u00a0\u2013 Sie k\u00f6nnen beantragen, dass wir die Analyse Ihres Verhaltens zu Marketingzwecken einstellen.<\/span><\/li><li data-hveid=\"CAEIBBAI\" data-complete=\"true\" data-sae=\"\"><span class=\"T286Pc\" data-sfc-cp=\"\" data-complete=\"true\" aria-owns=\"action-menu-parent-container\"><strong class=\"Yjhzub\" data-complete=\"true\">Menschliches Eingreifen<\/strong>\u00a0\u2013 Sollte eine automatisierte Entscheidung Ihre Rechte beeintr\u00e4chtigen (z. B. Ablehnung der Ratenzahlung), haben Sie das Recht, diese anzufechten und die Angelegenheit mit unserem Mitarbeiter zu kl\u00e4ren.<\/span><\/li><\/ul><\/li><\/ol><\/li><\/ol><ol><li aria-level=\"1\"><b>Kontakt<\/b><\/li><\/ol><p>Fragen zur Verarbeitung personenbezogener Daten und zur Cookie-Richtlinie k\u00f6nnen Sie an den Administrator unter den auf www.rddsklep.pl angegebenen Kontaktdaten richten.<\/p><ol><li>Das Recht, Anfragen auf Auskunft \u00fcber Daten oder deren Verarbeitung in elektronischer Form zu stellen.<\/li><\/ol><h3 data-start=\"192\" data-end=\"221\"><strong data-start=\"196\" data-end=\"221\">Details zur Firmenregistrierung<\/strong><\/h3><p data-start=\"222\" data-end=\"393\">Das Unternehmen ist im Handelsregister eingetragen:<br data-start=\"253\" data-end=\"256\" \/><strong data-start=\"256\" data-end=\"328\">Zentrales Registrierungs- und Informationszentrum f\u00fcr Wirtschaftst\u00e4tigkeit (CEIDG)<\/strong><br data-start=\"328\" data-end=\"331\" \/>Die Stelle, die das Register f\u00fchrt:<br data-start=\"356\" data-end=\"359\" \/><strong data-start=\"359\" data-end=\"393\">Minister f\u00fcr Entwicklung und Technologie<\/strong><\/p><hr data-start=\"395\" data-end=\"398\" \/><h3 data-start=\"400\" data-end=\"424\"><strong data-start=\"404\" data-end=\"424\">Zahlungsmethoden<\/strong><\/h3><p data-start=\"425\" data-end=\"483\">In unserem Shop stehen Ihnen folgende Zahlungsmethoden zur Verf\u00fcgung:<\/p><ul data-start=\"484\" data-end=\"613\"><li data-start=\"484\" data-end=\"529\"><p data-start=\"486\" data-end=\"529\">schnelle Online-Zahlungen (einschlie\u00dflich <strong data-start=\"518\" data-end=\"527\">Mein Schatz<\/strong>),<\/p><\/li><li data-start=\"530\" data-end=\"551\"><p data-start=\"532\" data-end=\"551\">traditionelle \u00dcberweisung,<\/p><\/li><li data-start=\"552\" data-end=\"569\"><p data-start=\"554\" data-end=\"569\">Kartenzahlung,<\/p><\/li><li data-start=\"570\" data-end=\"613\"><p data-start=\"572\" data-end=\"613\">Barzahlung bei Lieferung (falls zutreffend).<\/p><\/li><\/ul><hr data-start=\"615\" data-end=\"618\" \/><h3 data-start=\"620\" data-end=\"642\"><strong data-start=\"624\" data-end=\"642\">Versandkosten<\/strong><\/h3><p data-start=\"643\" data-end=\"737\">Die Lieferkosten h\u00e4ngen von der Art der Bestellung, den Produktabmessungen und der Transportart ab.<\/p><p data-start=\"739\" data-end=\"805\">Die ungef\u00e4hren Lieferkosten betragen:<br data-start=\"773\" data-end=\"776\" \/><strong data-start=\"776\" data-end=\"805\">von PLN XX bis PLN XXX brutto<\/strong><\/p><p data-start=\"807\" data-end=\"916\">Die genauen Lieferkosten werden immer bei der Bestellung und in der Produktbeschreibung angegeben.<\/p><hr data-start=\"918\" data-end=\"921\" \/><h1 data-start=\"923\" data-end=\"960\">\u2705 <strong data-start=\"927\" data-end=\"960\">ZU DEN BESTIMMUNGEN \u2013 FERTIGE REGISTRIERUNGEN<\/strong><\/h1><p data-start=\"962\" data-end=\"1057\">Sie k\u00f6nnen die folgenden Punkte direkt in die Verordnung einf\u00fcgen (als separate Abs\u00e4tze oder Unterpunkte).<\/p><hr data-start=\"1059\" data-end=\"1062\" \/><h2 data-start=\"1064\" data-end=\"1142\">\ud83d\udccc <strong data-start=\"1070\" data-end=\"1142\">Das Widerrufsrecht f\u00fcr Unternehmer mit Verbraucherrechten<\/strong><\/h2><p data-start=\"1144\" data-end=\"1486\">Unternehmer, die Eink\u00e4ufe zu gesch\u00e4ftlichen, aber nicht zu beruflichen Zwecken t\u00e4tigen, haben das Recht, innerhalb von [Anzahl der Tage] Tagen vom Fernabsatzvertrag zur\u00fcckzutreten. <strong data-start=\"1362\" data-end=\"1372\">14 Tage<\/strong> ohne Angabe von Gr\u00fcnden, gem\u00e4\u00df den f\u00fcr Verbraucher geltenden Bedingungen und Bestimmungen des Verbraucherrechtegesetzes.<\/p><p data-start=\"1488\" data-end=\"1598\">Die Frist f\u00fcr den Widerruf des Vertrags betr\u00e4gt 14 Tage ab dem Tag, an dem der K\u00e4ufer die Ware in Besitz genommen hat.<\/p><p data-start=\"1600\" data-end=\"1754\">Um sein Widerrufsrecht auszu\u00fcben, muss der K\u00e4ufer den Verk\u00e4ufer mittels einer unmissverst\u00e4ndlichen Erkl\u00e4rung (z. B. per E-Mail) \u00fcber seine Entscheidung informieren.<\/p><hr data-start=\"1756\" data-end=\"1759\" \/><h2 data-start=\"1761\" data-end=\"1793\">\ud83d\udccc <strong data-start=\"1767\" data-end=\"1793\">Beschwerdeverfahren<\/strong><\/h2><ol data-start=\"1795\" data-end=\"2654\"><li data-start=\"1795\" data-end=\"1921\"><p data-start=\"1798\" data-end=\"1921\">Der Verk\u00e4ufer haftet dem K\u00e4ufer f\u00fcr die \u00dcbereinstimmung der Ware mit dem Vertrag gem\u00e4\u00df den im anwendbaren Recht festgelegten Grunds\u00e4tzen.<\/p><\/li><li data-start=\"1923\" data-end=\"2043\"><p data-start=\"1926\" data-end=\"1955\">Beschwerden k\u00f6nnen eingereicht werden:<\/p><ul data-start=\"1959\" data-end=\"2043\"><li data-start=\"1959\" data-end=\"2004\"><p data-start=\"1961\" data-end=\"2004\">elektronisch an die E-Mail-Adresse des Gesch\u00e4fts,<\/p><\/li><li data-start=\"2008\" data-end=\"2043\"><p data-start=\"2010\" data-end=\"2043\">in schriftlicher Form an die eingetragene Gesch\u00e4ftsadresse des Unternehmens.<\/p><\/li><\/ul><\/li><li data-start=\"2045\" data-end=\"2198\"><p data-start=\"2048\" data-end=\"2076\">Die Beschwerde sollte Folgendes enthalten:<\/p><ul data-start=\"2080\" data-end=\"2198\"><li data-start=\"2080\" data-end=\"2112\"><p data-start=\"2082\" data-end=\"2112\">Vorname und Nachname \/ Firmenname,<\/p><\/li><li data-start=\"2116\" data-end=\"2134\"><p data-start=\"2118\" data-end=\"2134\">Kontaktdaten,<\/p><\/li><li data-start=\"2138\" data-end=\"2157\"><p data-start=\"2140\" data-end=\"2157\">Bestellnummer,<\/p><\/li><li data-start=\"2161\" data-end=\"2173\"><p data-start=\"2163\" data-end=\"2173\">Beschreibung des Defekts,<\/p><\/li><li data-start=\"2177\" data-end=\"2198\"><p data-start=\"2179\" data-end=\"2198\">Wunsch des K\u00e4ufers.<\/p><\/li><\/ul><\/li><li data-start=\"2200\" data-end=\"2275\"><p data-start=\"2203\" data-end=\"2275\">Beschwerden werden zeitnah bearbeitet. <strong data-start=\"2241\" data-end=\"2251\">14 Tage<\/strong> ab dem Datum ihres Eingangs.<\/p><\/li><li data-start=\"2277\" data-end=\"2493\"><p data-start=\"2280\" data-end=\"2493\">Das Recht, eine Beschwerde einzureichen, steht auch Unternehmern zu, die Eink\u00e4ufe zu Gesch\u00e4ftszwecken und nicht zu beruflichen Zwecken t\u00e4tigen, unter den gleichen Bedingungen wie Verbrauchern.<\/p><\/li><li data-start=\"2495\" data-end=\"2654\"><p data-start=\"2498\" data-end=\"2540\">Wird die Reklamation akzeptiert, gilt Folgendes f\u00fcr den Verk\u00e4ufer:<\/p><ul data-start=\"2544\" data-end=\"2654\"><li data-start=\"2544\" data-end=\"2562\"><p data-start=\"2546\" data-end=\"2562\">Das Produkt ersetzen,<\/p><\/li><li data-start=\"2566\" data-end=\"2584\"><p data-start=\"2568\" data-end=\"2584\">Reparieren Sie das Produkt.,<\/p><\/li><li data-start=\"2588\" data-end=\"2602\"><p data-start=\"2590\" data-end=\"2602\">wird den Preis senken,<\/p><\/li><li data-start=\"2606\" data-end=\"2654\"><p data-start=\"2608\" data-end=\"2654\">wird den f\u00e4lligen Betrag gem\u00e4\u00df den gesetzlichen Bestimmungen zur\u00fcckerstatten.<\/p><\/li><\/ul><\/li><\/ol><hr data-start=\"2656\" data-end=\"2659\" \/><h2 data-start=\"2661\" data-end=\"2691\">\ud83d\udccc <strong data-start=\"2667\" data-end=\"2691\">Herstellergarantie<\/strong><\/h2><p data-start=\"2693\" data-end=\"2773\">F\u00fcr ausgew\u00e4hlte Produkte, die im Gesch\u00e4ft verkauft werden, kann eine Herstellergarantie gelten.<\/p><p data-start=\"2775\" data-end=\"2869\">Die Garantiebedingungen sind auf der dem Produkt beiliegenden Garantiekarte oder in der Dokumentation des Herstellers angegeben.<\/p><p data-start=\"2871\" data-end=\"3011\">Die Gew\u00e4hrleistung schlie\u00dft die Rechte des K\u00e4ufers aus den Bestimmungen \u00fcber die Gew\u00e4hrleistung und die \u00dcbereinstimmung der Ware mit dem Vertrag weder aus, beschr\u00e4nkt noch setzt sie diese aus.<\/p><p>Cookies sind kleine Textdateien, die von einem Webserver gesendet und auf dem Ger\u00e4t des Nutzers gespeichert werden. Ihre Standardeinstellungen erlauben es nur dem Server, der sie erstellt hat, die darin enthaltenen Informationen zu lesen. Cookies werden f\u00fcr Funktionen wie Z\u00e4hler, Umfragen, die Verwaltung von Online-Shops, Benutzeranmeldung, Werbung und die \u00dcberwachung der Besucheraktivit\u00e4ten verwendet.<\/p><p>Wir verwenden Cookies, um:\u00a0<\/p><ul><li aria-level=\"1\">Erm\u00f6glichung der Nutzung des Kundenpanels,<\/li><li aria-level=\"1\">Anpassung der Website an die Benutzerpr\u00e4ferenzen,<\/li><li aria-level=\"1\">Erhebung anonymer Daten dar\u00fcber, wie Nutzer die Website nutzen,<\/li><li aria-level=\"1\">Dadurch wird es den Nutzern erleichtert, auf der Website zu navigieren und sie zu nutzen.,<\/li><li aria-level=\"1\">Gew\u00e4hrleistung von Sicherheitsstandards.<\/li><\/ul><p>Wir verwenden persistente und Session-Cookies. Persistente Cookies verbleiben im Webbrowser des Ger\u00e4ts, bis der Nutzer sie l\u00f6scht oder bis eine in den Cookie-Parametern festgelegte Zeitspanne abgelaufen ist. Session-Cookies bleiben im Browser gespeichert, bis Sie diesen schlie\u00dfen oder sich von der Website abmelden, auf der sie platziert wurden.\u00a0<\/p><p>Cookies werden auch von einem Kooperationspartner \u2013 Google Inc. \u2013 verwendet. Wir nutzen Google Analytics und YouTube, die jeweils eigene Datenschutzrichtlinien haben:\u00a0<\/p><p>Google Analytics-Datenschutzbestimmungen &gt;\u00a0<a href=\"http:\/\/www.google.pl\/intl\/pl\/analytics\/privacyoverview.html\" target=\"_blank\" rel=\"noopener\">http:\/\/www.google.pl\/intl\/pl\/analytics\/privacyoverview.html<\/a>\u00a0<br \/>YouTube-Datenschutzrichtlinie &gt;\u00a0<a href=\"http:\/\/www.google.pl\/intl\/pl\/policies\/privacy\/\" target=\"_blank\" rel=\"noopener\">http:\/\/www.google.pl\/intl\/pl\/policies\/privacy\/<\/a>\u00a0<\/p><p>Alle modernen Browser erm\u00f6glichen es Ihnen, Cookies zu aktivieren oder zu deaktivieren (in der Regel sind sie standardm\u00e4\u00dfig aktiviert). Wenn Sie keine Cookies erhalten m\u00f6chten, k\u00f6nnen Sie Ihre Browsereinstellungen \u00e4ndern.\u00a0<br \/>Das Deaktivieren von Cookies kann die Nutzung vieler Websites erheblich erschweren oder unm\u00f6glich machen.\u00a0<\/p><p>Informationen zur \u00c4nderung der Cookie-Einstellungen in einzelnen Browsern finden Sie auf den folgenden Webseiten:\u00a0<\/p><ul><li aria-level=\"1\">Chrome &gt;\u00a0<a href=\"http:\/\/support.google.com\/chrome\/bin\/answer.py?hl=pl&amp;answer=95647\" target=\"_blank\" rel=\"noopener\">http:\/\/support.google.com\/chrome\/bin\/answer.py?hl=pl&amp;answer=95647<\/a><\/li><li aria-level=\"1\">Firefox &gt;\u00a0<a href=\"http:\/\/support.mozilla.org\/pl\/kb\/W%C5%82%C4%85czanie%20i%20wy%C5%82%C4%85czanie%20obs%C5%82ugi%20ciasteczek\" target=\"_blank\" rel=\"noopener\">http:\/\/support.mozilla.org\/pl\/kb\/W%C5%82%C4%85czanie%20i%20wy%C5%82%C4%85czanie%20obs%C5%82ugi%20ciasteczek<\/a><\/li><li aria-level=\"1\">Internet Explorer &gt;\u00a0<a href=\"http:\/\/support.microsoft.com\/kb\/196955\" target=\"_blank\" rel=\"noopener\">http:\/\/support.microsoft.com\/kb\/196955<\/a><\/li><li aria-level=\"1\">Opera &gt;\u00a0<a href=\"http:\/\/help.opera.com\/Windows\/12.10\/pl\/cookies.html\" target=\"_blank\" rel=\"noopener\">http:\/\/help.opera.com\/Windows\/12.10\/pl\/cookies.html<\/a><\/li><li aria-level=\"1\">Safari &gt;\u00a0<a href=\"http:\/\/support.apple.com\/kb\/PH5042\" target=\"_blank\" rel=\"noopener\">http:\/\/support.apple.com\/kb\/PH5042<\/a><\/li><\/ul><p>Anleitung f\u00fcr mobile Ger\u00e4te:\u00a0<\/p><ul><li aria-level=\"1\">Android &gt;\u00a0<a href=\"http:\/\/support.google.com\/chrome\/bin\/answer.py?hl=pl&amp;answer=95647\" target=\"_blank\" rel=\"noopener\">http:\/\/support.google.com\/chrome\/bin\/answer.py?hl=pl&amp;answer=95647<\/a><\/li><li aria-level=\"1\">Blackberry &gt;\u00a0<a href=\"http:\/\/docs.blackberry.com\/en\/smartphone_users\/deliverables\/32004\/Turn_off_cookies_in_the_browser_60_1072866_11.jsp\" target=\"_blank\" rel=\"noopener\">http:\/\/docs.blackberry.com\/en\/smartphone_users\/deliverables\/32004\/Turn_off_cookies_in_the_browser_60_1072866_11.jsp<\/a><\/li><li aria-level=\"1\">iOS (Safari) &gt;\u00a0<a href=\"http:\/\/support.apple.com\/kb\/HT1677?viewlocale=pl_PL\" target=\"_blank\" rel=\"noopener\">http:\/\/support.apple.com\/kb\/HT1677?viewlocale=pl_PL<\/a><\/li><li aria-level=\"1\">Windows Phone &gt;\u00a0<a href=\"http:\/\/www.windowsphone.com\/pl-pl\/how-to\/wp7\/web\/changing-privacy-and-other-browser-settings\" target=\"_blank\" rel=\"noopener\">http:\/\/www.windowsphone.com\/pl-pl\/how-to\/wp7\/web\/changing-privacy-and-other-browser-settings<\/a><\/li><\/ul>\t\t\t\t\t\t\t\t<\/div>\n\t\t\t\t<\/div>\n\t\t\t\t\t<\/div>\n\t\t\t\t<\/div>\n\t\t\t\t<\/div>","protected":false},"excerpt":{"rendered":"<p>Polityka Prywatno\u015bci Sklepu Internetowego www.rddsklep.pl Administrator danych osobowych Administratorem danych osobowych jest\u00a0Przedsi\u0119biorstwo Produkcyjno Handlowo Us\u0142ugowe &#8222;RDD&#8221; Robert Dorsz z siedzib\u0105<\/p>","protected":false},"author":9,"featured_media":0,"parent":0,"menu_order":0,"comment_status":"closed","ping_status":"open","template":"elementor_header_footer","meta":{"footnotes":""},"class_list":["post-3","page","type-page","status-publish","hentry"],"_links":{"self":[{"href":"https:\/\/rddsklep.pl\/de\/wp-json\/wp\/v2\/pages\/3","targetHints":{"allow":["GET"]}}],"collection":[{"href":"https:\/\/rddsklep.pl\/de\/wp-json\/wp\/v2\/pages"}],"about":[{"href":"https:\/\/rddsklep.pl\/de\/wp-json\/wp\/v2\/types\/page"}],"author":[{"embeddable":true,"href":"https:\/\/rddsklep.pl\/de\/wp-json\/wp\/v2\/users\/9"}],"replies":[{"embeddable":true,"href":"https:\/\/rddsklep.pl\/de\/wp-json\/wp\/v2\/comments?post=3"}],"version-history":[{"count":9,"href":"https:\/\/rddsklep.pl\/de\/wp-json\/wp\/v2\/pages\/3\/revisions"}],"predecessor-version":[{"id":36219,"href":"https:\/\/rddsklep.pl\/de\/wp-json\/wp\/v2\/pages\/3\/revisions\/36219"}],"wp:attachment":[{"href":"https:\/\/rddsklep.pl\/de\/wp-json\/wp\/v2\/media?parent=3"}],"curies":[{"name":"wp","href":"https:\/\/api.w.org\/{rel}","templated":true}]}}