{"id":35175,"date":"2024-12-09T14:42:29","date_gmt":"2024-12-09T13:42:29","guid":{"rendered":"https:\/\/wyrwisusz1.testowestronydemo.pl\/?page_id=35175"},"modified":"2026-03-09T15:45:27","modified_gmt":"2026-03-09T14:45:27","slug":"regulamin-sklepu","status":"publish","type":"page","link":"https:\/\/rddsklep.pl\/de\/regulamin-sklepu\/","title":{"rendered":"Ladenbestimmungen"},"content":{"rendered":"<div data-elementor-type=\"wp-page\" data-elementor-id=\"35175\" class=\"elementor elementor-35175\" data-elementor-post-type=\"page\">\n\t\t\t\t<div class=\"wd-negative-gap elementor-element elementor-element-1270ac0 e-flex e-con-boxed e-con e-parent\" data-id=\"1270ac0\" data-element_type=\"container\" data-e-type=\"container\">\n\t\t\t\t\t<div class=\"e-con-inner\">\n\t\t\t\t<div class=\"elementor-element elementor-element-da5f5e7 color-scheme-inherit text-left elementor-widget elementor-widget-text-editor\" data-id=\"da5f5e7\" data-element_type=\"widget\" data-e-type=\"widget\" data-widget_type=\"text-editor.default\">\n\t\t\t\t<div class=\"elementor-widget-container\">\n\t\t\t\t\t\t\t\t\t<p><b>Vorschriften f\u00fcr Online-Shops\u00a0<\/b><\/p><ul><li><b>1. Allgemeine Bestimmungen<\/b><\/li><\/ul><ol><li aria-level=\"1\">Diese Bestimmungen regeln die Nutzung des Online-Shops unter www.rddsklep.pl<\/li><li aria-level=\"1\">Der Inhaber des Ladens ist\u00a0<b>Produktions-, Handels- und Dienstleistungsunternehmen \u201eRDD\u201d Robert Dorsz mit Sitz in 89-510 Bys\u0142aw, Bys\u0142awek 83, USt-IdNr. 5611452395, REGON 366657771<\/b><\/li><li aria-level=\"1\">Der Online-Shop betreibt Einzelhandelsverk\u00e4ufe von Waren \u00fcber das Internet.<\/li><li aria-level=\"1\">Jede nat\u00fcrliche Person, juristische Person oder Organisationseinheit mit Rechtsf\u00e4higkeit kann Kunde des Gesch\u00e4fts sein.<\/li><li aria-level=\"1\">Die Nutzung des Shops gilt als Zustimmung zu diesen Bestimmungen.<\/li><\/ol><ul><li><b>2. Preise und Angebot<\/b><\/li><\/ul><ol><li aria-level=\"1\">Alle in unserem Shop angebotenen Produkte sind neu oder gebraucht gem\u00e4\u00df der Angebotsbeschreibung, frei von physischen und rechtlichen M\u00e4ngeln und wurden rechtm\u00e4\u00dfig auf dem polnischen Markt eingef\u00fchrt.<\/li><li aria-level=\"1\">Die auf der Website angegebenen Preise sind Bruttopreise (einschlie\u00dflich Mehrwertsteuer) und werden in polnischen Zloty (PLN) angegeben.<\/li><li aria-level=\"1\">Der Shop www.rddsklep.pl beh\u00e4lt sich das Recht vor, Produktpreise zu \u00e4ndern, neue Produkte ins Angebot aufzunehmen, Werbeaktionen auf der Website des Shops durchzuf\u00fchren und abzubrechen oder \u00c4nderungen daran vorzunehmen.<\/li><li aria-level=\"1\">Aktionen des Gesch\u00e4fts k\u00f6nnen nicht miteinander kombiniert werden, es sei denn, die Bedingungen der jeweiligen Aktion sehen etwas anderes vor.<\/li><li aria-level=\"1\">Jegliche Darstellung, Beschreibung oder Beschreibung der Waren auf der Website des Verk\u00e4ufers, in den Produktbeschreibungen, Katalogen und sonstigen Werbematerialien dient ausschlie\u00dflich Informationszwecken und stellt eine Aufforderung zur Abgabe eines Vertrags dar, jedoch kein Angebot im Sinne von Artikel 66 des B\u00fcrgerlichen Gesetzbuches. Der Vertrag kommt erst mit der Best\u00e4tigung der Annahme der Bestellung des Kunden zustande, die dieser Aufforderung zur Abgabe eines Vertrags nachgekommen ist. Die Aufnahme von Waren auf die Website, in den Katalog, die Preisliste oder sonstige Werbematerialien des Verk\u00e4ufers garantiert weder deren Verf\u00fcgbarkeit noch die Lieferung innerhalb der in der Ank\u00fcndigung angegebenen Frist. .<\/li><li aria-level=\"1\">Der Verk\u00e4ufer beh\u00e4lt sich das Recht vor, jederzeit \u00c4nderungen an den technischen Parametern oder Eigenschaften der auf der Website des Verk\u00e4ufers, in Katalogen oder Werbematerialien pr\u00e4sentierten, beschriebenen und spezifizierten Waren vorzunehmen.<\/li><\/ol><ul><li><b>3. Bestellungen aufgeben<\/b><\/li><\/ul><ol><li aria-level=\"1\">Bestellungen k\u00f6nnen rund um die Uhr \u00fcber die Website www.rddsklep.pl aufgegeben werden.<\/li><li aria-level=\"1\">Der Kunde gibt eine Bestellung auf, indem er ausgew\u00e4hlte Produkte in den Warenkorb legt, anschlie\u00dfend das Bestellformular ausf\u00fcllt und es best\u00e4tigt.<\/li><li aria-level=\"1\">Nach Eingang der Bestellung erh\u00e4lt der Kunde eine E-Mail, die die Annahme der Bestellung best\u00e4tigt. Der Kaufvertrag kommt mit dem Erhalt dieser Best\u00e4tigung durch den Kunden zustande.<\/li><li aria-level=\"1\">Falls die bestellten Waren nicht verf\u00fcgbar sind, wird der Shop den Kunden unverz\u00fcglich informieren. Dieser kann dann entscheiden, ob er die Bestellung teilweise ausf\u00fchren, die Wartezeit verl\u00e4ngern oder die Bestellung stornieren m\u00f6chte.<\/li><li aria-level=\"1\">Der Verk\u00e4ufer kann die Annahme einer Bestellung von Vorauszahlung oder der Stellung einer angemessenen Zahlungssicherheit abh\u00e4ngig machen, wenn die Umst\u00e4nde darauf hindeuten, dass der Kunde seiner Zahlungsverpflichtung nicht nachkommen kann, wenn das Produkt nicht zum regul\u00e4ren Sortiment des Verk\u00e4ufers geh\u00f6rt oder wenn die bestellte Menge den verf\u00fcgbaren Lagerbestand \u00fcbersteigt. Der Verk\u00e4ufer ist au\u00dferdem berechtigt, die Ausf\u00fchrung einer Bestellung trotz vorheriger Annahme zur\u00fcckzuhalten, wenn sich die finanzielle Situation des Kunden nach Best\u00e4tigung der Bestellung \u00e4ndert, insbesondere wenn das Kreditlimit des Kunden beim Verk\u00e4ufer zum Zeitpunkt der Ausf\u00fchrung nicht ausreicht. In diesem Fall ist der Verk\u00e4ufer verpflichtet, den Kunden unverz\u00fcglich \u00fcber die Zur\u00fcckhaltung der Bestellung zu informieren und ihm eine Frist zur Vorauszahlung oder Stellung einer angemessenen Sicherheit zu setzen. Andernfalls wird die Bestellung storniert.<\/li><li aria-level=\"1\">Wir bearbeiten keine Auftr\u00e4ge von konkurrierenden Unternehmen, die in der gleichen Branche t\u00e4tig sind, d. h. in der Herstellung von Blechbearbeitungsmaschinen und anderen \u00e4hnlichen T\u00e4tigkeiten wie wir, oder von Personen, die mit diesen Unternehmen in Verbindung stehen.<\/li><\/ol><ul><li><b>4. Zahlungsmethoden<\/b><\/li><\/ul><ol><li aria-level=\"1\">Der Online-Shop www.rddsklep.pl bietet folgende Zahlungsmethoden an:<ul><li aria-level=\"2\">Traditionelle \u00dcberweisung auf das Bankkonto des Gesch\u00e4fts,<\/li><li aria-level=\"2\">Schnelle Online-Zahlungen (\u00dcberweisungen, BLIK, Zahlungskarten),<\/li><li aria-level=\"2\">Zahlung bei Lieferung (Barzahlung bei Lieferung).<\/li><li aria-level=\"2\">IMO<\/li><\/ul><\/li><li aria-level=\"1\">Bei Zahlung per Bank\u00fcberweisung beginnt die Auftragsbearbeitung, nachdem das Geld dem Konto des Shops gutgeschrieben wurde.<\/li><\/ol><ul><li><b>5. Lieferung<\/b><\/li><\/ul><ol><li aria-level=\"1\">Die bestellten Produkte werden innerhalb Polens per Kurierdienst geliefert.<\/li><li aria-level=\"1\">Die Versandkosten werden dem Bestellwert hinzugerechnet und sind bei der Bestellung sichtbar.<\/li><li aria-level=\"1\">Die Bearbeitungszeit f\u00fcr Bestellungen betr\u00e4gt 2 bis 14 Werktage, sofern in der Produktbeschreibung nichts anderes angegeben ist.<\/li><li aria-level=\"1\">Das Gesch\u00e4ft \u00fcbernimmt keine Verantwortung f\u00fcr Lieferverz\u00f6gerungen, die auf Gr\u00fcnde zur\u00fcckzuf\u00fchren sind, die dem Kurierdienst zuzuschreiben sind.<\/li><li aria-level=\"1\">Der K\u00e4ufer von Waren auf der Online-Plattform www.rddsklep.pl mit der Zahlungsoption \u201eNachnahme\u201c ist f\u00fcr die Abholung und Bezahlung der Ware verantwortlich. Werden die bestellten Waren nicht abgeholt, wird auf Grundlage der Bestelldetails eine Gutschrift oder eine Mehrwertsteuerrechnung \u00fcber 10.000 PLN ausgestellt, die innerhalb von 10 Tagen nach Nichtabholung f\u00e4llig ist.<\/li><\/ol><ul><li><b>6. R\u00fccktritt vom Vertrag und R\u00fcckgabe<\/b><\/li><\/ul><ol><li aria-level=\"1\">Der Kunde, der Verbraucher ist, hat das Recht, innerhalb von 14 Tagen nach Erhalt der Ware ohne Angabe von Gr\u00fcnden vom Kaufvertrag zur\u00fcckzutreten.<\/li><li aria-level=\"1\">Um vom Vertrag zur\u00fcckzutreten, muss der Kunde seine Entscheidung per E-Mail an die angegebene Adresse mitteilen.\u00a0<a href=\"mailto:pphurdd@gmail.com\">pphurdd@gmail.com<\/a>\u00a0Bitte geben Sie in der Nachricht Ihre Bestellnummer und Ihre Kontaktdaten an.<\/li><li aria-level=\"1\">Zur\u00fcckgesendete Produkte m\u00fcssen unbenutzt sein, sich in der Originalverpackung befinden und von einem Kaufbeleg begleitet werden.<\/li><li aria-level=\"1\">Die Kosten f\u00fcr die R\u00fccksendung tr\u00e4gt der Kunde.<\/li><li aria-level=\"1\">Die R\u00fcckerstattung erfolgt auf das vom Kunden angegebene Bankkonto innerhalb von 7 Werktagen nach Eingang und Annahme der R\u00fccksendung durch das Gesch\u00e4ft.<\/li><\/ol><ul><li><b>7. Beschwerden<\/b><\/li><\/ul><ol><li aria-level=\"1\">Reklamationen bez\u00fcglich M\u00e4ngeln an Produkten, die im Gesch\u00e4ft www.rddsklep.pl gekauft wurden, sollten an die E-Mail-Adresse gemeldet werden. <a href=\"mailto:pphurdd@gmail.com\">pphurdd@gmail.com<\/a>\u00a0oder telefonisch unter 609211015<\/li><li aria-level=\"1\">In der Reklamation sollte der Kunde die Bestellnummer, eine Beschreibung des Mangels und seine Kontaktdaten angeben.<\/li><li aria-level=\"1\">Das Gesch\u00e4ft verpflichtet sich, die Beschwerde innerhalb von 14 Werktagen nach deren Eingang zu pr\u00fcfen.<\/li><li aria-level=\"1\">Wird die Reklamation anerkannt, ersetzt das Gesch\u00e4ft die Ware oder repariert sie. Ist dies nicht m\u00f6glich, erh\u00e4lt der Kunde eine vollst\u00e4ndige R\u00fcckerstattung.<\/li><\/ol><ul><li><b>8. Schutz personenbezogener Daten<\/b><\/li><\/ul><ol><li aria-level=\"1\">Sklepwww.rddsklep.pl - verarbeitet personenbezogene Daten von Kunden in \u00dcbereinstimmung mit geltendem Recht, einschlie\u00dflich der DSGVO.<\/li><li aria-level=\"1\">Detaillierte Informationen zum Schutz personenbezogener Daten finden sich in den Verordnungen \u2013<a href=\"https:\/\/dekarski-sklep.pl\/news\/n\/134\/Polityka-prywatnosci\" target=\"_blank\" rel=\"noopener\">\u00a0<\/a>Erh\u00e4ltlich am Firmensitz oder auf Wunsch des K\u00e4ufers in elektronischer Form an die E-Mail-Adresse<\/li><\/ol><ul><li><b>9. Schutz des geistigen Eigentums<\/b><b><br \/><\/b><b> <\/b><\/li><\/ul><ol><li aria-level=\"1\">Alle Beschreibungen, Fotos, Grafiken, Logos, Seitenlayouts und sonstige Inhalte, die auf der Website ver\u00f6ffentlicht werden.\u00a0<b>www.rddsklep.pl <\/b>stellen geistiges Eigentum dar und sind durch Urheberrechte und andere Vorschriften zum Schutz des geistigen Eigentums gesch\u00fctzt.<\/li><li aria-level=\"1\">Der Inhaber der oben genannten Inhalte ist\u00a0\u00a0<b>Produktions-, Handels- und Dienstleistungsunternehmen \u201eRDD\u201d Robert Dorsz mit Sitz in 89-510 Bys\u0142aw, Bys\u0142awek 83, USt-IdNr. 5611452395, REGON 366657771<\/b><\/li><li aria-level=\"1\">Das Kopieren, Ver\u00e4ndern, Verbreiten, Ver\u00f6ffentlichen oder Verwenden der Inhalte dieser Website ohne vorherige ausdr\u00fcckliche schriftliche Zustimmung ist untersagt.\u00a0\u00a0<b>Produktions-, Handels- und Dienstleistungsunternehmen \u201eRDD\u201d Robert Dorsz mit Sitz in 89-510 Bys\u0142aw, Bys\u0142awek 83, USt-IdNr. 5611452395, REGON 366657771<\/b>\u00a0\u00a0\u00a0ist verboten.<\/li><li aria-level=\"1\">Im Falle einer Verletzung von Rechten an geistigem Eigentum\u00a0\u00a0<b>Produktions-, Handels- und Dienstleistungsunternehmen \u201eRDD\u201d Robert Dorsz mit Sitz in 89-510 Bys\u0142aw, Bys\u0142awek 83, USt-IdNr. 5611452395, REGON 366657771<\/b>\u00a0 beh\u00e4lt sich das Recht vor, geeignete rechtliche Schritte einzuleiten, einschlie\u00dflich der Geltendmachung von Schadensersatzanspr\u00fcchen.<\/li><\/ol><ul><li><b>10. Schlussbestimmungen<\/b><\/li><\/ul><ol><li aria-level=\"1\">Der Online-Shop www.rddsklep.pl beh\u00e4lt sich das Recht vor, diese Allgemeinen Gesch\u00e4ftsbedingungen zu \u00e4ndern. \u00c4nderungen treten mit ihrer Ver\u00f6ffentlichung auf der Website des Shops in Kraft.<\/li><li aria-level=\"1\">In Angelegenheiten, die in diesen Vorschriften nicht geregelt sind, gelten die Bestimmungen des B\u00fcrgerlichen Gesetzbuches und andere anwendbare Rechtsvorschriften.<\/li><li aria-level=\"1\"><h3 data-section-id=\"1c58sm7\" data-start=\"247\" data-end=\"288\">\u00a0Verkaufs- und Vertriebsbeschr\u00e4nkungen<\/h3><ol data-start=\"290\" data-end=\"1336\"><li data-section-id=\"yma6dq\" data-start=\"290\" data-end=\"461\"><p data-start=\"293\" data-end=\"461\">Die im Online-Shop angebotenen Produkte sind in erster Linie f\u00fcr Endverbraucher bestimmt, die sie f\u00fcr ihr eigenes Unternehmen oder f\u00fcr den privaten Gebrauch verwenden.<\/p><\/li><li data-section-id=\"174j0un\" data-start=\"463\" data-end=\"676\"><p data-start=\"466\" data-end=\"676\">Der Kauf von Produkten zum Zwecke des Weiterverkaufs, des kommerziellen Vertriebs oder des Anbietens in anderen Online-Shops, Auktionsplattformen oder Verkaufsstellen ohne vorherige Zustimmung des Verk\u00e4ufers ist untersagt.<\/p><\/li><li data-section-id=\"19uo7d7\" data-start=\"678\" data-end=\"885\"><p data-start=\"681\" data-end=\"885\">Der Verk\u00e4ufer beh\u00e4lt sich das Recht vor, die Bestellung zu \u00fcberpr\u00fcfen, insbesondere bei Bestellungen von Unternehmen, die in einer Branche t\u00e4tig sind, die der T\u00e4tigkeit des Verk\u00e4ufers \u00e4hnelt.<\/p><\/li><li data-section-id=\"rg6xyg\" data-start=\"887\" data-end=\"1229\"><p data-start=\"890\" data-end=\"1095\">Im Falle eines begr\u00fcndeten Verdachts, dass die Bestellung zum Zwecke des Weiterverkaufs oder von einem mit dem Verk\u00e4ufer konkurrierenden Unternehmen aufgegeben wurde, beh\u00e4lt sich der Verk\u00e4ufer das Recht vor:<\/p><ul data-start=\"1099\" data-end=\"1229\"><li data-section-id=\"17ag89i\" data-start=\"1099\" data-end=\"1145\"><p data-start=\"1101\" data-end=\"1145\">Beschr\u00e4nkungen der Anzahl bestellter Produkte,<\/p><\/li><li data-section-id=\"8r8pf7\" data-start=\"1149\" data-end=\"1182\"><p data-start=\"1151\" data-end=\"1182\">Verweigerung der Auftragserf\u00fcllung,<\/p><\/li><li data-section-id=\"z35lq9\" data-start=\"1186\" data-end=\"1229\"><p data-start=\"1188\" data-end=\"1229\">Stornieren Sie Ihre Bestellung, bevor sie versendet wird.<\/p><\/li><\/ul><\/li><li data-section-id=\"1jmzu2g\" data-start=\"1231\" data-end=\"1336\"><p data-start=\"1234\" data-end=\"1336\">Im Falle einer Stornierung der Bestellung erstattet der Verk\u00e4ufer dem Kunden unverz\u00fcglich die gesamte geleistete Zahlung zur\u00fcck.<\/p><\/li><\/ol><\/li><li aria-level=\"1\"><h3 data-start=\"192\" data-end=\"221\"><strong data-start=\"196\" data-end=\"221\">Details zur Firmenregistrierung<\/strong><\/h3><p data-start=\"222\" data-end=\"393\">Das Unternehmen ist im Handelsregister eingetragen:<br data-start=\"253\" data-end=\"256\" \/><strong data-start=\"256\" data-end=\"328\">Zentrales Registrierungs- und Informationszentrum f\u00fcr Wirtschaftst\u00e4tigkeit (CEIDG)<\/strong><br data-start=\"328\" data-end=\"331\" \/>Die Stelle, die das Register f\u00fchrt:<br data-start=\"356\" data-end=\"359\" \/><strong data-start=\"359\" data-end=\"393\">Minister f\u00fcr Entwicklung und Technologie<\/strong><\/p><hr data-start=\"395\" data-end=\"398\" \/><h3 data-start=\"400\" data-end=\"424\"><strong data-start=\"404\" data-end=\"424\">Zahlungsmethoden<\/strong><\/h3><p data-start=\"425\" data-end=\"483\">In unserem Shop stehen Ihnen folgende Zahlungsmethoden zur Verf\u00fcgung:<\/p><ul data-start=\"484\" data-end=\"613\"><li data-start=\"484\" data-end=\"529\"><p data-start=\"486\" data-end=\"529\">schnelle Online-Zahlungen (einschlie\u00dflich <strong data-start=\"518\" data-end=\"527\">Mein Schatz<\/strong>),<\/p><\/li><li data-start=\"530\" data-end=\"551\"><p data-start=\"532\" data-end=\"551\">traditionelle \u00dcberweisung,<\/p><\/li><li data-start=\"552\" data-end=\"569\"><p data-start=\"554\" data-end=\"569\">Kartenzahlung,<\/p><\/li><li data-start=\"570\" data-end=\"613\"><p data-start=\"572\" data-end=\"613\">Barzahlung bei Lieferung (falls zutreffend).<\/p><\/li><\/ul><hr data-start=\"615\" data-end=\"618\" \/><h3 data-start=\"620\" data-end=\"642\"><strong data-start=\"624\" data-end=\"642\">Versandkosten<\/strong><\/h3><p data-start=\"643\" data-end=\"737\">Die Lieferkosten h\u00e4ngen von der Art der Bestellung, den Produktabmessungen und der Transportart ab.<\/p><p data-start=\"739\" data-end=\"805\">Die ungef\u00e4hren Lieferkosten betragen:<br data-start=\"773\" data-end=\"776\" \/><strong data-start=\"776\" data-end=\"805\">von 20 PLN bis 1.000 PLN brutto<\/strong><\/p><p data-start=\"807\" data-end=\"916\">F\u00fcr Sammelgutsendungen betragen die Versandkosten 30 PLN brutto, f\u00fcr Palettensendungen 150 PLN brutto. Bei \u00fcbergro\u00dfen Sendungen bis zu 1.000 PLN brutto wird der Preis individuell ermittelt. Die genauen Versandkosten werden Ihnen bei der Bestellung und in der Produktbeschreibung angezeigt.<\/p><hr data-start=\"918\" data-end=\"921\" \/><h1 data-start=\"923\" data-end=\"960\">\u00a0<\/h1><h2 data-start=\"1064\" data-end=\"1142\"><strong data-start=\"1070\" data-end=\"1142\">Das Widerrufsrecht f\u00fcr Unternehmer mit Verbraucherrechten<\/strong><\/h2><p data-start=\"1144\" data-end=\"1486\">Unternehmer, die Eink\u00e4ufe zu gesch\u00e4ftlichen, aber nicht zu beruflichen Zwecken t\u00e4tigen, haben das Recht, innerhalb von [Anzahl der Tage] Tagen vom Fernabsatzvertrag zur\u00fcckzutreten. <strong data-start=\"1362\" data-end=\"1372\">14 Tage<\/strong> ohne Angabe von Gr\u00fcnden, gem\u00e4\u00df den f\u00fcr Verbraucher geltenden Bedingungen und Bestimmungen des Verbraucherrechtegesetzes.<\/p><p data-start=\"1488\" data-end=\"1598\">Die Frist f\u00fcr den Widerruf des Vertrags betr\u00e4gt 14 Tage ab dem Tag, an dem der K\u00e4ufer die Ware in Besitz genommen hat.<\/p><p data-start=\"1600\" data-end=\"1754\">Um sein Widerrufsrecht auszu\u00fcben, muss der K\u00e4ufer den Verk\u00e4ufer mittels einer unmissverst\u00e4ndlichen Erkl\u00e4rung (z. B. per E-Mail) \u00fcber seine Entscheidung informieren.<\/p><h2 data-start=\"1761\" data-end=\"1793\"><strong data-start=\"1767\" data-end=\"1793\">Beschwerdeverfahren<\/strong><\/h2><ol data-start=\"1795\" data-end=\"2654\"><li data-start=\"1795\" data-end=\"1921\"><p data-start=\"1798\" data-end=\"1921\">Der Verk\u00e4ufer haftet dem K\u00e4ufer f\u00fcr die \u00dcbereinstimmung der Ware mit dem Vertrag gem\u00e4\u00df den im anwendbaren Recht festgelegten Grunds\u00e4tzen.<\/p><\/li><li data-start=\"1923\" data-end=\"2043\"><p data-start=\"1926\" data-end=\"1955\">Beschwerden k\u00f6nnen eingereicht werden:<\/p><ul data-start=\"1959\" data-end=\"2043\"><li data-start=\"1959\" data-end=\"2004\"><p data-start=\"1961\" data-end=\"2004\">elektronisch an die E-Mail-Adresse des Gesch\u00e4fts,<\/p><\/li><li data-start=\"2008\" data-end=\"2043\"><p data-start=\"2010\" data-end=\"2043\">in schriftlicher Form an die eingetragene Gesch\u00e4ftsadresse des Unternehmens.<\/p><\/li><\/ul><\/li><li data-start=\"2045\" data-end=\"2198\"><p data-start=\"2048\" data-end=\"2076\">Die Beschwerde sollte Folgendes enthalten:<\/p><ul data-start=\"2080\" data-end=\"2198\"><li data-start=\"2080\" data-end=\"2112\"><p data-start=\"2082\" data-end=\"2112\">Vorname und Nachname \/ Firmenname,<\/p><\/li><li data-start=\"2116\" data-end=\"2134\"><p data-start=\"2118\" data-end=\"2134\">Kontaktdaten,<\/p><\/li><li data-start=\"2138\" data-end=\"2157\"><p data-start=\"2140\" data-end=\"2157\">Bestellnummer,<\/p><\/li><li data-start=\"2161\" data-end=\"2173\"><p data-start=\"2163\" data-end=\"2173\">Beschreibung des Defekts,<\/p><\/li><li data-start=\"2177\" data-end=\"2198\"><p data-start=\"2179\" data-end=\"2198\">Wunsch des K\u00e4ufers.<\/p><\/li><\/ul><\/li><li data-start=\"2200\" data-end=\"2275\"><p data-start=\"2203\" data-end=\"2275\">Beschwerden werden zeitnah bearbeitet. <strong data-start=\"2241\" data-end=\"2251\">14 Tage<\/strong> ab dem Datum ihres Eingangs.<\/p><\/li><li data-start=\"2277\" data-end=\"2493\"><p data-start=\"2280\" data-end=\"2493\">Das Recht, eine Beschwerde einzureichen, steht auch Unternehmern zu, die Eink\u00e4ufe zu Gesch\u00e4ftszwecken und nicht zu beruflichen Zwecken t\u00e4tigen, unter den gleichen Bedingungen wie Verbrauchern.<\/p><\/li><li data-start=\"2495\" data-end=\"2654\"><p data-start=\"2498\" data-end=\"2540\">Wird die Reklamation akzeptiert, gilt Folgendes f\u00fcr den Verk\u00e4ufer:<\/p><ul data-start=\"2544\" data-end=\"2654\"><li data-start=\"2544\" data-end=\"2562\"><p data-start=\"2546\" data-end=\"2562\">Das Produkt ersetzen,<\/p><\/li><li data-start=\"2566\" data-end=\"2584\"><p data-start=\"2568\" data-end=\"2584\">Reparieren Sie das Produkt.,<\/p><\/li><li data-start=\"2588\" data-end=\"2602\"><p data-start=\"2590\" data-end=\"2602\">wird den Preis senken,<\/p><\/li><li data-start=\"2606\" data-end=\"2654\"><p data-start=\"2608\" data-end=\"2654\">wird den f\u00e4lligen Betrag gem\u00e4\u00df den gesetzlichen Bestimmungen zur\u00fcckerstatten.<\/p><\/li><\/ul><\/li><\/ol><hr data-start=\"2656\" data-end=\"2659\" \/><h2 data-start=\"2661\" data-end=\"2691\">\ud83d\udccc <strong data-start=\"2667\" data-end=\"2691\">Herstellergarantie<\/strong><\/h2><p data-start=\"2693\" data-end=\"2773\">F\u00fcr ausgew\u00e4hlte Produkte, die im Gesch\u00e4ft verkauft werden, kann eine Herstellergarantie gelten.<\/p><p data-start=\"2775\" data-end=\"2869\">Die Garantiebedingungen sind auf der dem Produkt beiliegenden Garantiekarte oder in der Dokumentation des Herstellers angegeben.<\/p><p data-start=\"2871\" data-end=\"3011\">Die Gew\u00e4hrleistung schlie\u00dft die Rechte des K\u00e4ufers aus den Bestimmungen \u00fcber die Gew\u00e4hrleistung und die \u00dcbereinstimmung der Ware mit dem Vertrag weder aus, beschr\u00e4nkt noch setzt sie diese aus.<\/p><\/li><li aria-level=\"1\">Diese Regelungen gelten ab dem 1. M\u00e4rz 2024.<\/li><\/ol>\t\t\t\t\t\t\t\t<\/div>\n\t\t\t\t<\/div>\n\t\t\t\t\t<\/div>\n\t\t\t\t<\/div>\n\t\t\t\t<\/div>","protected":false},"excerpt":{"rendered":"<p>Regulamin Sklepu Internetowego\u00a0 1. Postanowienia og\u00f3lne Niniejszy regulamin okre\u015bla zasady korzystania ze sklepu internetowego dost\u0119pnego pod adresem www.rddsklep.pl W\u0142a\u015bcicielem sklepu<\/p>","protected":false},"author":9,"featured_media":0,"parent":0,"menu_order":0,"comment_status":"closed","ping_status":"closed","template":"elementor_header_footer","meta":{"footnotes":""},"class_list":["post-35175","page","type-page","status-publish","hentry"],"_links":{"self":[{"href":"https:\/\/rddsklep.pl\/de\/wp-json\/wp\/v2\/pages\/35175","targetHints":{"allow":["GET"]}}],"collection":[{"href":"https:\/\/rddsklep.pl\/de\/wp-json\/wp\/v2\/pages"}],"about":[{"href":"https:\/\/rddsklep.pl\/de\/wp-json\/wp\/v2\/types\/page"}],"author":[{"embeddable":true,"href":"https:\/\/rddsklep.pl\/de\/wp-json\/wp\/v2\/users\/9"}],"replies":[{"embeddable":true,"href":"https:\/\/rddsklep.pl\/de\/wp-json\/wp\/v2\/comments?post=35175"}],"version-history":[{"count":18,"href":"https:\/\/rddsklep.pl\/de\/wp-json\/wp\/v2\/pages\/35175\/revisions"}],"predecessor-version":[{"id":36332,"href":"https:\/\/rddsklep.pl\/de\/wp-json\/wp\/v2\/pages\/35175\/revisions\/36332"}],"wp:attachment":[{"href":"https:\/\/rddsklep.pl\/de\/wp-json\/wp\/v2\/media?parent=35175"}],"curies":[{"name":"wp","href":"https:\/\/api.w.org\/{rel}","templated":true}]}}