{"id":4400,"date":"2021-10-12T15:51:09","date_gmt":"2021-10-12T15:51:09","guid":{"rendered":"http:\/\/dummy.xtemos.com\/woodmart2\/elementor\/?page_id=4400"},"modified":"2026-01-17T12:18:34","modified_gmt":"2026-01-17T11:18:34","slug":"o-nas","status":"publish","type":"page","link":"https:\/\/rddsklep.pl\/de\/o-nas\/","title":{"rendered":"\u00dcber uns"},"content":{"rendered":"<div data-elementor-type=\"wp-page\" data-elementor-id=\"4400\" class=\"elementor elementor-4400\" data-elementor-post-type=\"page\">\n\t\t\t\t<div class=\"wd-negative-gap elementor-element elementor-element-1c90c3f wd-section-stretch e-flex e-con-boxed e-con e-parent\" data-id=\"1c90c3f\" data-element_type=\"container\" data-e-type=\"container\" data-settings=\"{&quot;background_background&quot;:&quot;classic&quot;}\">\n\t\t\t\t\t<div class=\"e-con-inner\">\n\t\t\t\t<div class=\"elementor-element elementor-element-5d57672 elementor-widget__width-initial elementor-widget-tablet__width-inherit wd-width-100 elementor-widget elementor-widget-wd_title\" data-id=\"5d57672\" data-element_type=\"widget\" data-e-type=\"widget\" data-widget_type=\"wd_title.default\">\n\t\t\t\t<div class=\"elementor-widget-container\">\n\t\t\t\t\t\t\t<div class=\"title-wrapper wd-set-mb reset-last-child wd-title-color-primary wd-title-style-default wd-title-size-large text-left\">\n\n\t\t\t\t\t\t\t\t\t\t\t<div class=\"title-subtitle subtitle-color-primary subtitle-style-default wd-fontsize-xs\">\n\t\t\t\t\tLernen Sie RDD kennen\t\t\t\t<\/div>\n\t\t\t\n\t\t\t<div class=\"liner-continer\">\n\t\t\t\t<h4 class=\"woodmart-title-container title wd-fontsize-xxl\">Professionelle Blechbearbeitungsmaschinen direkt vom Hersteller<\/h4> \n\t\t\t\t\t\t\t<\/div>\n\n\t\t\t\t\t<\/div>\n\t\t\t\t\t\t<\/div>\n\t\t\t\t<\/div>\n\t\t\t\t<div class=\"elementor-element elementor-element-9c05225 elementor-widget__width-initial elementor-widget elementor-widget-wd_infobox\" data-id=\"9c05225\" data-element_type=\"widget\" data-e-type=\"widget\" data-widget_type=\"wd_infobox.default\">\n\t\t\t\t<div class=\"elementor-widget-container\">\n\t\t\t\t\t\t\t<div class=\"info-box-wrapper\">\n\t\t\t<div class=\"wd-info-box text-left box-icon-align-top box-style-base color-scheme-\">\n\t\t\t\t\n\t\t\t\t<div class=\"info-box-content\">\n\t\t\t\t\t\n\t\t\t\t\t\t\t\t\t\t\t<h4\t\t\t\t\t\tclass=\"info-box-title title box-title-style-default wd-fontsize-m\" data-elementor-setting-key=\"title\">\n\t\t\t\t\t\t\t\tLernen Sie RDD kennen\t\t\t\t\t\t<\/h4>\n\t\t\t\t\t\n\t\t\t\t\t<div class=\"info-box-inner reset-last-child\"data-elementor-setting-key=\"content\"><p>Wir sind ein traditionsreicher Hersteller von Biegemaschinen mit umfassender Erfahrung in der Blech- und Dachbearbeitung. Unsere Anlagen genie\u00dfen europaweit Anerkennung \u2013 unter anderem in Gro\u00dfbritannien, Schweden, Ungarn, Deutschland und der Slowakei. Dank des Engagements und der Leidenschaft unseres Teams haben wir L\u00f6sungen entwickelt, die sich durch eine au\u00dfergew\u00f6hnlich niedrige Ausfallrate auszeichnen (die Reklamationsrate liegt unter 11 TP3T).<\/p>\n<\/div>\n\n\t\t\t\t\t\t\t\t\t<\/div>\n\n\t\t\t\t\t\t\t\t\t<a href=\"#\" class=\"wd-info-box-link wd-fill\" aria-label=\"Link zur Infobox\"><\/a>\n\t\t\t\t\t\t\t<\/div>\n\t\t<\/div>\n\t\t\t\t\t\t<\/div>\n\t\t\t\t<\/div>\n\t\t\t\t<div class=\"elementor-element elementor-element-ec30bde elementor-widget__width-initial elementor-widget elementor-widget-wd_infobox\" data-id=\"ec30bde\" data-element_type=\"widget\" data-e-type=\"widget\" data-widget_type=\"wd_infobox.default\">\n\t\t\t\t<div class=\"elementor-widget-container\">\n\t\t\t\t\t\t\t<div class=\"info-box-wrapper\">\n\t\t\t<div class=\"wd-info-box text-left box-icon-align-top box-style-base color-scheme-\">\n\t\t\t\t\n\t\t\t\t<div class=\"info-box-content\">\n\t\t\t\t\t\n\t\t\t\t\t\t\t\t\t\t\t<h4\t\t\t\t\t\tclass=\"info-box-title title box-title-style-default wd-fontsize-m\" data-elementor-setting-key=\"title\">\n\t\t\t\t\t\t\t\tUnsere Mission\t\t\t\t\t\t<\/h4>\n\t\t\t\t\t\n\t\t\t\t\t<div class=\"info-box-inner reset-last-child\"data-elementor-setting-key=\"content\"><p>Wir m\u00f6chten Profis und Hobbyanwendern Werkzeuge bieten, die die Blechbearbeitung vereinfachen und effizienter gestalten. Langlebigkeit, Pr\u00e4zision und Zuverl\u00e4ssigkeit sind uns wichtig \u2013 deshalb legen wir so gro\u00dfen Wert auf die solide Konstruktion jeder Maschine. Auch ein effizienter Garantie- und Kundendienst ist uns ein wichtiges Anliegen, sodass Sie sich jederzeit auf schnelle Unterst\u00fctzung verlassen k\u00f6nnen.<\/p>\n<\/div>\n\n\t\t\t\t\t\t\t\t\t<\/div>\n\n\t\t\t\t\t\t\t\t\t<a href=\"#\" class=\"wd-info-box-link wd-fill\" aria-label=\"Link zur Infobox\"><\/a>\n\t\t\t\t\t\t\t<\/div>\n\t\t<\/div>\n\t\t\t\t\t\t<\/div>\n\t\t\t\t<\/div>\n\t\t\t\t\t<\/div>\n\t\t\t\t<\/div>\n\t\t<div class=\"wd-negative-gap elementor-element elementor-element-7c7c544 e-flex e-con-boxed e-con e-parent\" data-id=\"7c7c544\" data-element_type=\"container\" data-e-type=\"container\">\n\t\t\t\t\t<div class=\"e-con-inner\">\n\t\t<div class=\"elementor-element elementor-element-e7cb5cd e-con-full e-flex e-con e-child\" data-id=\"e7cb5cd\" data-element_type=\"container\" data-e-type=\"container\">\n\t\t\t\t<div class=\"elementor-element elementor-element-56aec39 elementor-widget elementor-widget-wd_image_or_svg\" data-id=\"56aec39\" data-element_type=\"widget\" data-e-type=\"widget\" data-widget_type=\"wd_image_or_svg.default\">\n\t\t\t\t<div class=\"elementor-widget-container\">\n\t\t\t\t\t\n\t\t<div class=\"wd-image text-left\">\n\t\t\t\t\t\t\t\t<img loading=\"lazy\" decoding=\"async\" width=\"2048\" height=\"2048\" src=\"https:\/\/rddsklep.pl\/wp-content\/uploads\/2025\/02\/1000005410.png\" class=\"attachment-full size-full\" alt=\"\" srcset=\"https:\/\/rddsklep.pl\/wp-content\/uploads\/2025\/02\/1000005410.png 2048w, https:\/\/rddsklep.pl\/wp-content\/uploads\/2025\/02\/1000005410-430x430.png 430w, https:\/\/rddsklep.pl\/wp-content\/uploads\/2025\/02\/1000005410-190x190.png 190w, https:\/\/rddsklep.pl\/wp-content\/uploads\/2025\/02\/1000005410-700x700.png 700w, https:\/\/rddsklep.pl\/wp-content\/uploads\/2025\/02\/1000005410-300x300.png 300w, https:\/\/rddsklep.pl\/wp-content\/uploads\/2025\/02\/1000005410-800x800.png 800w, https:\/\/rddsklep.pl\/wp-content\/uploads\/2025\/02\/1000005410-150x150.png 150w, https:\/\/rddsklep.pl\/wp-content\/uploads\/2025\/02\/1000005410-768x768.png 768w, https:\/\/rddsklep.pl\/wp-content\/uploads\/2025\/02\/1000005410-1536x1536.png 1536w, https:\/\/rddsklep.pl\/wp-content\/uploads\/2025\/02\/1000005410-860x860.png 860w\" sizes=\"auto, (max-width: 2048px) 100vw, 2048px\" \/>\t\t\t\t\t<\/div>\n\n\t\t\t\t\t\t<\/div>\n\t\t\t\t<\/div>\n\t\t\t\t<\/div>\n\t\t<div class=\"elementor-element elementor-element-97d6084 e-con-full e-flex e-con e-child\" data-id=\"97d6084\" data-element_type=\"container\" data-e-type=\"container\">\n\t\t\t\t<div class=\"elementor-element elementor-element-98d830b elementor-widget__width-initial wd-width-100 elementor-widget elementor-widget-wd_title\" data-id=\"98d830b\" data-element_type=\"widget\" data-e-type=\"widget\" data-widget_type=\"wd_title.default\">\n\t\t\t\t<div class=\"elementor-widget-container\">\n\t\t\t\t\t\t\t<div class=\"title-wrapper wd-set-mb reset-last-child wd-title-color-primary wd-title-style-default wd-title-size-large text-left\">\n\n\t\t\t\n\t\t\t<div class=\"liner-continer\">\n\t\t\t\t<h4 class=\"woodmart-title-container title wd-fontsize-xxl\">Wie arbeiten wir?<\/h4> \n\t\t\t\t\t\t\t<\/div>\n\n\t\t\t\t\t<\/div>\n\t\t\t\t\t\t<\/div>\n\t\t\t\t<\/div>\n\t\t\t\t<div class=\"elementor-element elementor-element-66e47ad elementor-widget elementor-widget-wd_text_block\" data-id=\"66e47ad\" data-element_type=\"widget\" data-e-type=\"widget\" data-widget_type=\"wd_text_block.default\">\n\t\t\t\t<div class=\"elementor-widget-container\">\n\t\t\t\t\t\t\t<div class=\"wd-text-block reset-last-child text-left\">\n\t\t\t\n\t\t\t<p data-start=\"1298\" data-end=\"1353\"><strong data-start=\"1298\" data-end=\"1353\">Vom Entwurf bis zum fertigen Produkt \u2013 wir k\u00fcmmern uns um jedes Detail<\/strong><\/p><ol data-start=\"1355\" data-end=\"2051\"><li data-start=\"1355\" data-end=\"1571\"><p data-start=\"1358\" data-end=\"1571\"><strong data-start=\"1358\" data-end=\"1392\">Design und Prototyping<\/strong><br data-start=\"1392\" data-end=\"1395\" \/>Unser Team aus Designern und Ingenieuren arbeitet daran, bestehende L\u00f6sungen zu verbessern und neue Konzepte zu entwickeln, um sicherzustellen, dass die Maschinen den wachsenden Anforderungen des Marktes gerecht werden.<\/p><\/li><li data-start=\"1573\" data-end=\"1851\"><p data-start=\"1576\" data-end=\"1851\"><strong data-start=\"1576\" data-end=\"1608\">Produktion und Qualit\u00e4tskontrolle<\/strong><br data-start=\"1608\" data-end=\"1611\" \/>Dank unseres modernen Maschinenparks und strenger Pr\u00fcfverfahren zeichnen sich unsere Biegemaschinen durch hohe Pr\u00e4zision aus. Jede Produktcharge wird umfassend auf Langlebigkeit und Betriebssicherheit gepr\u00fcft.<\/p><\/li><li data-start=\"1853\" data-end=\"2051\"><p data-start=\"1856\" data-end=\"2051\"><strong data-start=\"1856\" data-end=\"1877\">Service und Support<\/strong><br data-start=\"1877\" data-end=\"1880\" \/>Wir bieten einen effizienten Garantie- und Kundendienst. Sollten Reparaturen erforderlich sein, diagnostiziert unser Team das Problem schnell und schl\u00e4gt die beste L\u00f6sung vor.<\/p><\/li><\/ol>\n\t\t\t\t\t<\/div>\n\t\t\t\t\t\t<\/div>\n\t\t\t\t<\/div>\n\t\t<div class=\"elementor-element elementor-element-3eef7d8 e-con-full e-flex e-con e-child\" data-id=\"3eef7d8\" data-element_type=\"container\" data-e-type=\"container\">\n\t\t\t\t<div class=\"elementor-element elementor-element-ee232e9 elementor-widget__width-auto elementor-hidden-phone elementor-widget elementor-widget-wd_social_buttons\" data-id=\"ee232e9\" data-element_type=\"widget\" data-e-type=\"widget\" data-widget_type=\"wd_social_buttons.default\">\n\t\t\t\t<div class=\"elementor-widget-container\">\n\t\t\t\t\t\t\t\t<div\n\t\t\t\t\t\tclass=\"wd-social-icons wd-style-colored-alt wd-size-small social-share wd-shape-circle color-scheme-dark text-left\">\n\t\t\t\t\n\t\t\t\t\n\t\t\t\t\t\t\t\t\t<a rel=\"noopener noreferrer nofollow\" href=\"https:\/\/www.facebook.com\/sharer\/sharer.php?u=https:\/\/rddsklep.pl\/de\/o-nas\/\" target=\"_blank\" class=\"wd-social-icon social-facebook\" aria-label=\"Facebook-Link\">\n\t\t\t\t\t\t<span class=\"wd-icon\"><\/span>\n\t\t\t\t\t\t\t\t\t\t\t<\/a>\n\t\t\t\t\n\t\t\t\t\t\t\t\t\t<a rel=\"noopener noreferrer nofollow\" href=\"https:\/\/x.com\/share?url=https:\/\/rddsklep.pl\/de\/o-nas\/\" target=\"_blank\" class=\"wd-social-icon social-twitter\" aria-label=\"X soziale Verbindung\">\n\t\t\t\t\t\t<span class=\"wd-icon\"><\/span>\n\t\t\t\t\t\t\t\t\t\t\t<\/a>\n\t\t\t\t\n\t\t\t\t\n\t\t\t\t\n\t\t\t\t\n\t\t\t\t\n\t\t\t\t\n\t\t\t\t\t\t\t\t\t<a rel=\"noopener noreferrer nofollow\" href=\"https:\/\/pinterest.com\/pin\/create\/button\/?url=https:\/\/rddsklep.pl\/de\/o-nas\/&media=https:\/\/rddsklep.pl\/wp-includes\/images\/media\/default.svg&description=O+Nas\" target=\"_blank\" class=\"wd-social-icon social-pinterest\" aria-label=\"Pinterest-Link\">\n\t\t\t\t\t\t<span class=\"wd-icon\"><\/span>\n\t\t\t\t\t\t\t\t\t\t\t<\/a>\n\t\t\t\t\n\t\t\t\t\n\t\t\t\t\t\t\t\t\t<a rel=\"noopener noreferrer nofollow\" href=\"https:\/\/www.linkedin.com\/shareArticle?mini=true&url=https:\/\/rddsklep.pl\/de\/o-nas\/\" target=\"_blank\" class=\"wd-social-icon social-linkedin\" aria-label=\"LinkedIn-Netzwerkverbindung\">\n\t\t\t\t\t\t<span class=\"wd-icon\"><\/span>\n\t\t\t\t\t\t\t\t\t\t\t<\/a>\n\t\t\t\t\n\t\t\t\t\n\t\t\t\t\n\t\t\t\t\n\t\t\t\t\n\t\t\t\t\n\t\t\t\t\n\t\t\t\t\n\t\t\t\t\n\t\t\t\t\n\t\t\t\t\n\t\t\t\t\n\t\t\t\t\n\t\t\t\t\n\t\t\t\t\n\t\t\t\t\t\t\t\t\t<a rel=\"noopener noreferrer nofollow\" href=\"https:\/\/telegram.me\/share\/url?url=https:\/\/rddsklep.pl\/de\/o-nas\/\" target=\"_blank\" class=\"wd-social-icon social-tg\" aria-label=\"Telegram-Link\">\n\t\t\t\t\t\t<span class=\"wd-icon\"><\/span>\n\t\t\t\t\t\t\t\t\t\t\t<\/a>\n\t\t\t\t\n\t\t\t\t\n\t\t\t<\/div>\n\n\t\t\t\t\t\t<\/div>\n\t\t\t\t<\/div>\n\t\t\t\t<\/div>\n\t\t\t\t<\/div>\n\t\t\t\t\t<\/div>\n\t\t\t\t<\/div>\n\t\t\t\t<\/div>","protected":false},"excerpt":{"rendered":"<p>Poznaj RDD Profesjonalne maszyny blacharskie prosto od producenta Poznaj RDD Jeste\u015bmy wieloletnim producentem zaginarek, z bogatym do\u015bwiadczeniem w tworzeniu maszyn<\/p>","protected":false},"author":9,"featured_media":0,"parent":0,"menu_order":0,"comment_status":"closed","ping_status":"closed","template":"","meta":{"footnotes":""},"class_list":["post-4400","page","type-page","status-publish","hentry"],"_links":{"self":[{"href":"https:\/\/rddsklep.pl\/de\/wp-json\/wp\/v2\/pages\/4400","targetHints":{"allow":["GET"]}}],"collection":[{"href":"https:\/\/rddsklep.pl\/de\/wp-json\/wp\/v2\/pages"}],"about":[{"href":"https:\/\/rddsklep.pl\/de\/wp-json\/wp\/v2\/types\/page"}],"author":[{"embeddable":true,"href":"https:\/\/rddsklep.pl\/de\/wp-json\/wp\/v2\/users\/9"}],"replies":[{"embeddable":true,"href":"https:\/\/rddsklep.pl\/de\/wp-json\/wp\/v2\/comments?post=4400"}],"version-history":[{"count":6,"href":"https:\/\/rddsklep.pl\/de\/wp-json\/wp\/v2\/pages\/4400\/revisions"}],"predecessor-version":[{"id":35887,"href":"https:\/\/rddsklep.pl\/de\/wp-json\/wp\/v2\/pages\/4400\/revisions\/35887"}],"wp:attachment":[{"href":"https:\/\/rddsklep.pl\/de\/wp-json\/wp\/v2\/media?parent=4400"}],"curies":[{"name":"wp","href":"https:\/\/api.w.org\/{rel}","templated":true}]}}