{"id":35724,"date":"2025-02-20T15:16:46","date_gmt":"2025-02-20T14:16:46","guid":{"rendered":"https:\/\/zaginarki.testowestronydemo.pl\/?post_type=product&#038;p=35724"},"modified":"2026-02-02T05:45:54","modified_gmt":"2026-02-02T04:45:54","slug":"karbownica-do-blachy","status":"publish","type":"product","link":"https:\/\/rddsklep.pl\/de\/product\/karbownica-do-blachy\/","title":{"rendered":"Blechverpresser"},"content":{"rendered":"","protected":false},"excerpt":{"rendered":"<p class=\"a-b-r-La\">Ein Ger\u00e4t zur \u00e4sthetischen Formgebung von Blechen f\u00fcr Fu\u00dfbodenheizungen, Br\u00fcstungsanschl\u00fcsse und zus\u00e4tzlichen Wasserschutz. Ideal zur Herstellung dekorativer Pr\u00e4gungen an Anschl\u00fcssen, Kaminverkleidungen etc. Arbeitsbreite: 37 cm.<\/p>","protected":false},"featured_media":35727,"comment_status":"open","ping_status":"closed","template":"","meta":[],"product_brand":[],"product_cat":[520],"product_tag":[574,573,578,576,575,565,577],"class_list":{"0":"post-35724","1":"product","2":"type-product","3":"status-publish","4":"has-post-thumbnail","6":"product_cat-karbownica-do-blachy","7":"product_tag-do-blachy","8":"product_tag-gietarka","9":"product_tag-gietarka-warsztatowa","10":"product_tag-kantownica","11":"product_tag-krawedziarka","12":"product_tag-zaginarka-segmentowa","13":"product_tag-zaginarka-warsztatowa","14":"product_shipping_class-opakowania-kartonowe","16":"first","17":"onbackorder","18":"shipping-taxable","19":"purchasable","20":"product-type-simple"},"_links":{"self":[{"href":"https:\/\/rddsklep.pl\/de\/wp-json\/wp\/v2\/product\/35724","targetHints":{"allow":["GET"]}}],"collection":[{"href":"https:\/\/rddsklep.pl\/de\/wp-json\/wp\/v2\/product"}],"about":[{"href":"https:\/\/rddsklep.pl\/de\/wp-json\/wp\/v2\/types\/product"}],"replies":[{"embeddable":true,"href":"https:\/\/rddsklep.pl\/de\/wp-json\/wp\/v2\/comments?post=35724"}],"version-history":[{"count":1,"href":"https:\/\/rddsklep.pl\/de\/wp-json\/wp\/v2\/product\/35724\/revisions"}],"predecessor-version":[{"id":36095,"href":"https:\/\/rddsklep.pl\/de\/wp-json\/wp\/v2\/product\/35724\/revisions\/36095"}],"wp:featuredmedia":[{"embeddable":true,"href":"https:\/\/rddsklep.pl\/de\/wp-json\/wp\/v2\/media\/35727"}],"wp:attachment":[{"href":"https:\/\/rddsklep.pl\/de\/wp-json\/wp\/v2\/media?parent=35724"}],"wp:term":[{"taxonomy":"product_brand","embeddable":true,"href":"https:\/\/rddsklep.pl\/de\/wp-json\/wp\/v2\/product_brand?post=35724"},{"taxonomy":"product_cat","embeddable":true,"href":"https:\/\/rddsklep.pl\/de\/wp-json\/wp\/v2\/product_cat?post=35724"},{"taxonomy":"product_tag","embeddable":true,"href":"https:\/\/rddsklep.pl\/de\/wp-json\/wp\/v2\/product_tag?post=35724"}],"curies":[{"name":"wp","href":"https:\/\/api.w.org\/{rel}","templated":true}]}}