{"id":35742,"date":"2025-02-20T15:26:51","date_gmt":"2025-02-20T14:26:51","guid":{"rendered":"https:\/\/zaginarki.testowestronydemo.pl\/?post_type=product&#038;p=35742"},"modified":"2026-02-02T05:45:42","modified_gmt":"2026-02-02T04:45:42","slug":"przymiar-magnetyczny-ms-270","status":"publish","type":"product","link":"https:\/\/rddsklep.pl\/de\/product\/przymiar-magnetyczny-ms-270\/","title":{"rendered":"MAGNETMESSER MS-270"},"content":{"rendered":"\t\t<div data-elementor-type=\"wp-post\" data-elementor-id=\"35742\" class=\"elementor elementor-35742\" data-elementor-post-type=\"product\">\n\t\t\t\t<div class=\"wd-negative-gap elementor-element elementor-element-916b037 e-flex e-con-boxed e-con e-parent\" data-id=\"916b037\" data-element_type=\"container\" data-e-type=\"container\">\n\t\t\t\t\t<div class=\"e-con-inner\">\n\t\t<div class=\"elementor-element elementor-element-771f478 text-center e-con-full e-flex e-con e-child\" data-id=\"771f478\" data-element_type=\"container\" data-e-type=\"container\">\n\t\t\t\t<div class=\"elementor-element elementor-element-2d4e6b7 wd-width-100 elementor-widget elementor-widget-wd_title\" data-id=\"2d4e6b7\" data-element_type=\"widget\" data-e-type=\"widget\" data-widget_type=\"wd_title.default\">\n\t\t\t\t<div class=\"elementor-widget-container\">\n\t\t\t\t\t\t\t<div class=\"title-wrapper wd-set-mb reset-last-child wd-title-color-default wd-title-style-default wd-title-size-extra-large text-center\">\n\n\t\t\t\n\t\t\t<div class=\"liner-continer\">\n\t\t\t\t<h4 class=\"woodmart-title-container title wd-fontsize-xxxl\">Cechy charakterystyczne przymiaru MS-270<\/h4> \n\t\t\t\t\t\t\t<\/div>\n\n\t\t\t\t\t\t\t<div class=\"title-after_title reset-last-child wd-fontsize-s\">\n\t\t\t\t\t<ol><li><p><strong>Precyzyjne pomiary<\/strong><br \/>Przymiar magnetyczny pozwala na dok\u0142adne ustawienie odleg\u0142o\u015bci od obrabiarki, co jest istotne w wielu zastosowaniach, takich jak obr\u00f3bka metali, monta\u017c czy budownictwo.<\/p><\/li><li><p><strong>Mocowanie magnetyczne<\/strong><br \/>Dzi\u0119ki wbudowanym magnesom, przymiar mo\u017cna \u0142atwo przymocowa\u0107 do stalowych element\u00f3w, co zwi\u0119ksza wygod\u0119 u\u017cytkowania i stabilno\u015b\u0107 podczas pomiaru.<\/p><\/li><li><p><strong>Wysoka jako\u015b\u0107 wykonania<\/strong><br \/>MS-270 charakteryzuje si\u0119 solidn\u0105 konstrukcj\u0105, co zapewnia trwa\u0142o\u015b\u0107 i odporno\u015b\u0107 na uszkodzenia mechaniczne oraz dzia\u0142anie warunk\u00f3w atmosferycznych.<\/p><\/li><li><p><strong>Czytelny wska\u017anik<\/strong><br \/>Narz\u0119dzie wyposa\u017cone jest w czytelny wska\u017anik, kt\u00f3ry umo\u017cliwia \u0142atwe odczytanie wynik\u00f3w pomiar\u00f3w.<\/p><\/li><li><p><strong>Wszechstronno\u015b\u0107 zastosowania<\/strong><br \/>Przymiar magnetyczny MS-270 sprawdzi si\u0119 w r\u00f3\u017cnych bran\u017cach, takich jak mechanika, budownictwo, stolarstwo oraz wsz\u0119dzie tam, gdzie precyzyjne pomiary maj\u0105 kluczowe znaczenie.<\/p><\/li><\/ol><p><strong>Dzi\u0119ki swoim zaletom, przymiar magnetyczny MS-270 jest nieocenionym narz\u0119dziem w r\u0119kach profesjonalist\u00f3w, jak i hobbyst\u00f3w, umo\u017cliwiaj\u0105c osi\u0105gni\u0119cie wysokiej precyzji w pracach pomiarowych.<\/strong><\/p>\t\t\t\t<\/div>\n\t\t\t\t\t<\/div>\n\t\t\t\t\t\t<\/div>\n\t\t\t\t<\/div>\n\t\t\t\t<div class=\"elementor-element elementor-element-b6c172e elementor-widget elementor-widget-wd_3d_view\" data-id=\"b6c172e\" data-element_type=\"widget\" data-e-type=\"widget\" data-widget_type=\"wd_3d_view.default\">\n\t\t\t\t<div class=\"elementor-widget-container\">\n\t\t\t\t\t\t\t<div class=\"wd-threed-view\" data-args='{\"frames_count\":4,\"images\":[\"https:\\\/\\\/rddsklep.pl\\\/wp-content\\\/uploads\\\/2025\\\/02\\\/IMG_20231016_181815-scaled-1300x800.jpg\",\"https:\\\/\\\/rddsklep.pl\\\/wp-content\\\/uploads\\\/2025\\\/02\\\/IMG_20231016_183931-scaled-1300x800.jpg\",\"https:\\\/\\\/rddsklep.pl\\\/wp-content\\\/uploads\\\/2025\\\/02\\\/Photoroom-20240625_224837-1300x800.png\",\"https:\\\/\\\/rddsklep.pl\\\/wp-content\\\/uploads\\\/2025\\\/02\\\/Photoroom-20240825_175116-1300x800.png\"],\"width\":1300,\"height\":800}'>\n\t\t\t<ul class=\"threed-view-images\"><\/ul>\n\t\t\t<div class=\"spinner\">\n\t\t\t\t<span>0%<\/span>\n\t\t\t<\/div>\n\t\t<\/div>\n\t\t\t\t\t\t<\/div>\n\t\t\t\t<\/div>\n\t\t\t\t<\/div>\n\t\t\t\t\t<\/div>\n\t\t\t\t<\/div>\n\t\t\t\t<\/div>\n\t\t","protected":false},"excerpt":{"rendered":"<p class=\"a-b-r-La\">Das magnetische Lineal MS-270 ist ein Messwerkzeug, das vorwiegend in Industrie und Werkst\u00e4tten zur pr\u00e4zisen Distanzmessung eingesetzt wird. Dank seiner Konstruktion mit Permanentmagneten l\u00e4sst es sich einfach und stabil an Metalloberfl\u00e4chen befestigen.<\/p>","protected":false},"featured_media":35747,"comment_status":"open","ping_status":"closed","template":"","meta":[],"product_brand":[],"product_cat":[521],"product_tag":[],"class_list":{"0":"post-35742","1":"product","2":"type-product","3":"status-publish","4":"has-post-thumbnail","6":"product_cat-przymiary-magnetyczne","8":"first","9":"instock","10":"shipping-taxable","11":"purchasable","12":"product-type-simple"},"_links":{"self":[{"href":"https:\/\/rddsklep.pl\/de\/wp-json\/wp\/v2\/product\/35742","targetHints":{"allow":["GET"]}}],"collection":[{"href":"https:\/\/rddsklep.pl\/de\/wp-json\/wp\/v2\/product"}],"about":[{"href":"https:\/\/rddsklep.pl\/de\/wp-json\/wp\/v2\/types\/product"}],"replies":[{"embeddable":true,"href":"https:\/\/rddsklep.pl\/de\/wp-json\/wp\/v2\/comments?post=35742"}],"version-history":[{"count":1,"href":"https:\/\/rddsklep.pl\/de\/wp-json\/wp\/v2\/product\/35742\/revisions"}],"predecessor-version":[{"id":36098,"href":"https:\/\/rddsklep.pl\/de\/wp-json\/wp\/v2\/product\/35742\/revisions\/36098"}],"wp:featuredmedia":[{"embeddable":true,"href":"https:\/\/rddsklep.pl\/de\/wp-json\/wp\/v2\/media\/35747"}],"wp:attachment":[{"href":"https:\/\/rddsklep.pl\/de\/wp-json\/wp\/v2\/media?parent=35742"}],"wp:term":[{"taxonomy":"product_brand","embeddable":true,"href":"https:\/\/rddsklep.pl\/de\/wp-json\/wp\/v2\/product_brand?post=35742"},{"taxonomy":"product_cat","embeddable":true,"href":"https:\/\/rddsklep.pl\/de\/wp-json\/wp\/v2\/product_cat?post=35742"},{"taxonomy":"product_tag","embeddable":true,"href":"https:\/\/rddsklep.pl\/de\/wp-json\/wp\/v2\/product_tag?post=35742"}],"curies":[{"name":"wp","href":"https:\/\/api.w.org\/{rel}","templated":true}]}}