{"id":35818,"date":"2025-03-07T16:49:59","date_gmt":"2025-03-07T15:49:59","guid":{"rendered":"https:\/\/rddsklep.pl\/?post_type=product&#038;p=35818"},"modified":"2026-02-02T05:45:14","modified_gmt":"2026-02-02T04:45:14","slug":"przymiar-magnetyczny-ms-320","status":"publish","type":"product","link":"https:\/\/rddsklep.pl\/de\/product\/przymiar-magnetyczny-ms-320\/","title":{"rendered":"Magnetmessger\u00e4t MS-320"},"content":{"rendered":"<p>Die innovative Verwendung von Neodym-Magneten vereinfacht die Befestigung des Messger\u00e4ts an den Maschinen- und Anlagenkomponenten erheblich. Das Messger\u00e4t vereinfacht die Bedienung durch eine einzelne Person an l\u00e4ngeren Werkzeugmaschinen, wie beispielsweise einer Blechbiegemaschine f\u00fcr Dachdeckerarbeiten, deutlich und senkt so die Arbeitskosten und beschleunigt die Arbeitsabl\u00e4ufe. Das Messger\u00e4t ist mit einer Skala ausgestattet, auf der sich ein Zeiger leichtg\u00e4ngig bewegt und das gew\u00fcnschte Ma\u00df am Werkst\u00fcck deutlich anzeigt. Das zentrale Befestigungselement, eine Eigenentwicklung, besteht aus einem Neodym-Magneten mit hoher Haftkraft, der mit einem Aluminiumprofil verbunden ist. Dieses Profil tr\u00e4gt eine Messskala mit integriertem Schiebezeiger und Arretierungsmechanismus zur Bestimmung des gew\u00fcnschten Ma\u00dfes.<img loading=\"lazy\" decoding=\"async\" class=\"alignnone size-medium wp-image-35744\" src=\"https:\/\/rddsklep.pl\/wp-content\/uploads\/2025\/02\/Photoroom-20240625_224837-400x300.png\" alt=\"\" width=\"400\" height=\"300\" \/><img loading=\"lazy\" decoding=\"async\" class=\"alignnone size-medium wp-image-35747\" src=\"https:\/\/rddsklep.pl\/wp-content\/uploads\/2025\/02\/Projekt-bez-nazwy-43-400x225.jpg\" alt=\"\" width=\"400\" height=\"225\" \/><\/p>","protected":false},"excerpt":{"rendered":"<p>Innowacyjno\u015bci\u0105 jest zastosowanie magnes\u00f3w neodymowych co znacznie u\u0142atwia monta\u017c przymiaru do element\u00f3w maszyn i urz\u0105dze\u0144 na kt\u00f3rych jest zamontowany\u00a0 .<\/p>","protected":false},"featured_media":35745,"comment_status":"open","ping_status":"closed","template":"","meta":[],"product_brand":[],"product_cat":[521],"product_tag":[574,573,578,576,575,579,565,577],"class_list":{"0":"post-35818","1":"product","2":"type-product","3":"status-publish","4":"has-post-thumbnail","6":"product_cat-przymiary-magnetyczne","7":"product_tag-do-blachy","8":"product_tag-gietarka","9":"product_tag-gietarka-warsztatowa","10":"product_tag-kantownica","11":"product_tag-krawedziarka","12":"product_tag-przymiar-magnetyczny","13":"product_tag-zaginarka-segmentowa","14":"product_tag-zaginarka-warsztatowa","15":"product_shipping_class-opakowania-kartonowe","17":"first","18":"instock","19":"shipping-taxable","20":"purchasable","21":"product-type-simple"},"_links":{"self":[{"href":"https:\/\/rddsklep.pl\/de\/wp-json\/wp\/v2\/product\/35818","targetHints":{"allow":["GET"]}}],"collection":[{"href":"https:\/\/rddsklep.pl\/de\/wp-json\/wp\/v2\/product"}],"about":[{"href":"https:\/\/rddsklep.pl\/de\/wp-json\/wp\/v2\/types\/product"}],"replies":[{"embeddable":true,"href":"https:\/\/rddsklep.pl\/de\/wp-json\/wp\/v2\/comments?post=35818"}],"version-history":[{"count":1,"href":"https:\/\/rddsklep.pl\/de\/wp-json\/wp\/v2\/product\/35818\/revisions"}],"predecessor-version":[{"id":36094,"href":"https:\/\/rddsklep.pl\/de\/wp-json\/wp\/v2\/product\/35818\/revisions\/36094"}],"wp:featuredmedia":[{"embeddable":true,"href":"https:\/\/rddsklep.pl\/de\/wp-json\/wp\/v2\/media\/35745"}],"wp:attachment":[{"href":"https:\/\/rddsklep.pl\/de\/wp-json\/wp\/v2\/media?parent=35818"}],"wp:term":[{"taxonomy":"product_brand","embeddable":true,"href":"https:\/\/rddsklep.pl\/de\/wp-json\/wp\/v2\/product_brand?post=35818"},{"taxonomy":"product_cat","embeddable":true,"href":"https:\/\/rddsklep.pl\/de\/wp-json\/wp\/v2\/product_cat?post=35818"},{"taxonomy":"product_tag","embeddable":true,"href":"https:\/\/rddsklep.pl\/de\/wp-json\/wp\/v2\/product_tag?post=35818"}],"curies":[{"name":"wp","href":"https:\/\/api.w.org\/{rel}","templated":true}]}}