{"id":35916,"date":"2026-01-22T09:20:48","date_gmt":"2026-01-22T08:20:48","guid":{"rendered":"https:\/\/rddsklep.pl\/?post_type=product&#038;p=35916"},"modified":"2026-02-14T19:29:53","modified_gmt":"2026-02-14T18:29:53","slug":"35916","status":"publish","type":"product","link":"https:\/\/rddsklep.pl\/de\/product\/35916\/","title":{"rendered":"ZGDS-100 Segmentbiegemaschine"},"content":{"rendered":"<p data-start=\"295\" data-end=\"734\"><strong data-start=\"295\" data-end=\"327\">ZGDS 100-Segment-Biegemaschine<\/strong> Unternehmen <strong data-start=\"334\" data-end=\"375\"><span class=\"hover:entity-accent entity-underline inline cursor-pointer align-baseline\"><span class=\"whitespace-normal\">RDD<\/span><\/span><\/strong> ist eine Maschine der Profiklasse <strong data-start=\"407\" data-end=\"418\">Pr\u00e4mie<\/strong>, entwickelt f\u00fcr die pr\u00e4zise, manuelle Blechbearbeitung in Dachdecker- und Blechwerkst\u00e4tten sowie in Produktionsbetrieben. Die Konstruktion des Ger\u00e4ts basiert auf <strong data-start=\"579\" data-end=\"657\">drei pr\u00e4zise gefertigte Tr\u00e4ger: fest, gebogen und druckbeaufschlagt.<\/strong>, was eine hohe Biegegenauigkeit und die volle Kontrolle \u00fcber den Bearbeitungsprozess gew\u00e4hrleistet.<\/p>\n<p data-start=\"736\" data-end=\"1037\">Das Modell ZGDS 100 eignet sich perfekt f\u00fcr die Durchf\u00fchrung von <strong data-start=\"790\" data-end=\"894\">Dacharbeiten, Profile, Kassetten, mehrstufige B\u00f6gen und Elemente mit Sonderformen<\/strong>. Die segmentierte Bauweise erm\u00f6glicht eine schnelle Anpassung der Arbeitskonfiguration an ein bestimmtes Teil und erh\u00f6ht so die Effizienz und den Komfort des Bedieners.<\/p>\n<p data-start=\"1039\" data-end=\"1338\">Die Maschine wurde gebaut auf <strong data-start=\"1068\" data-end=\"1105\">starrer, geschwei\u00dfter Stahlrahmen<\/strong>, Dies garantiert Stabilit\u00e4t, Formstabilit\u00e4t und h\u00f6chste Laufruhe auch bei intensiver Beanspruchung. Die L\u00f6sung richtet sich an Profis, die Zuverl\u00e4ssigkeit, Langlebigkeit und ein ansprechendes Design erwarten.<\/p>\n<p data-start=\"1039\" data-end=\"1338\">Arbeitsl\u00e4nge 1000 mm<\/p>\n<p data-start=\"1039\" data-end=\"1338\">Gewicht -100 kg<\/p>\n<p data-start=\"1039\" data-end=\"1338\">Steinl\u00e4ngen \u2013 90-50-80-80-100-100-100-100-80-80-50-90 mm<\/p>\n<p data-start=\"1039\" data-end=\"1338\">H\u00f6he der oberen Steine 65 mm<\/p>","protected":false},"excerpt":{"rendered":"<p>Segmentbiegemaschine der ZGDS-100-Serie<\/p>","protected":false},"featured_media":35912,"comment_status":"open","ping_status":"closed","template":"","meta":[],"product_brand":[],"product_cat":[551,535],"product_tag":[574,573,578,576,575,565,577],"class_list":{"0":"post-35916","1":"product","2":"type-product","3":"status-publish","4":"has-post-thumbnail","6":"product_cat-uncategorized","7":"product_cat-zaginarki-segmentowe-zgds","8":"product_tag-do-blachy","9":"product_tag-gietarka","10":"product_tag-gietarka-warsztatowa","11":"product_tag-kantownica","12":"product_tag-krawedziarka","13":"product_tag-zaginarka-segmentowa","14":"product_tag-zaginarka-warsztatowa","15":"product_shipping_class-paleta-euro","17":"first","18":"instock","19":"shipping-taxable","20":"purchasable","21":"product-type-simple"},"_links":{"self":[{"href":"https:\/\/rddsklep.pl\/de\/wp-json\/wp\/v2\/product\/35916","targetHints":{"allow":["GET"]}}],"collection":[{"href":"https:\/\/rddsklep.pl\/de\/wp-json\/wp\/v2\/product"}],"about":[{"href":"https:\/\/rddsklep.pl\/de\/wp-json\/wp\/v2\/types\/product"}],"replies":[{"embeddable":true,"href":"https:\/\/rddsklep.pl\/de\/wp-json\/wp\/v2\/comments?post=35916"}],"version-history":[{"count":5,"href":"https:\/\/rddsklep.pl\/de\/wp-json\/wp\/v2\/product\/35916\/revisions"}],"predecessor-version":[{"id":36191,"href":"https:\/\/rddsklep.pl\/de\/wp-json\/wp\/v2\/product\/35916\/revisions\/36191"}],"wp:featuredmedia":[{"embeddable":true,"href":"https:\/\/rddsklep.pl\/de\/wp-json\/wp\/v2\/media\/35912"}],"wp:attachment":[{"href":"https:\/\/rddsklep.pl\/de\/wp-json\/wp\/v2\/media?parent=35916"}],"wp:term":[{"taxonomy":"product_brand","embeddable":true,"href":"https:\/\/rddsklep.pl\/de\/wp-json\/wp\/v2\/product_brand?post=35916"},{"taxonomy":"product_cat","embeddable":true,"href":"https:\/\/rddsklep.pl\/de\/wp-json\/wp\/v2\/product_cat?post=35916"},{"taxonomy":"product_tag","embeddable":true,"href":"https:\/\/rddsklep.pl\/de\/wp-json\/wp\/v2\/product_tag?post=35916"}],"curies":[{"name":"wp","href":"https:\/\/api.w.org\/{rel}","templated":true}]}}