{"id":35930,"date":"2026-02-01T16:38:43","date_gmt":"2026-02-01T15:38:43","guid":{"rendered":"https:\/\/rddsklep.pl\/?post_type=product&#038;p=35930"},"modified":"2026-03-09T07:04:27","modified_gmt":"2026-03-09T06:04:27","slug":"zaginarka-segmentowa-zgds-70-z-nogami","status":"publish","type":"product","link":"https:\/\/rddsklep.pl\/de\/product\/zaginarka-segmentowa-zgds-70-z-nogami\/","title":{"rendered":"ZGDS-70 Segmentbiegemaschine mit Beinen"},"content":{"rendered":"<p>Zaginarka Segmentowa ZGDS-70 z nogami\u00a0 od RDD<br \/>\nProduktbeschreibung: Wir bieten die neue Segmentbiegemaschine ZGDS-70 an, ideal f\u00fcr komplexe Dachkonstruktionen. Das Ger\u00e4t stammt vom renommierten Hersteller RDD und garantiert h\u00f6chste Qualit\u00e4t und Pr\u00e4zision.<\/p>\n<p>Hauptmerkmale:<\/p>\n<p>Arbeitsl\u00e4nge: 700 mm<br \/>\nH\u00f6he der oberen Steine 65 mm<\/p>\n<p>D\u0142ugo\u015bci kamieni -120-50-80-100-100-80-50-120 mm<\/p>\n<p>Gewicht 75 kg<\/p>\n<p>W komplecie zestaw n\u00f3g z ko\u0142ami jezdnymi z hamulcem ,co czyni maszyn\u0119 bardziej mobiln\u0105 i u\u0142atwia transport<\/p>\n<p>Zustand: Neu<br \/>\nGarantie: 24 Monate ab Kaufdatum<\/p>\n<p>Warum ZGDS-70 w\u00e4hlen?<\/p>\n<p>Pr\u00e4zise und solide Konstruktion<br \/>\nM\u00f6glichkeit zur Durchf\u00fchrung komplexer Dacharbeiten<br \/>\nLange Garantie f\u00fcr sorgenfreies Arbeiten und Investitionssicherheit<br \/>\nSchneller Kontakt:<\/p>\n<p>F\u00fcr weitere Informationen oder zur Vereinbarung eines Vorf\u00fchrungstermins kontaktieren Sie uns bitte telefonisch. Verpassen Sie nicht die Gelegenheit, die professionelle ZGDS-70 Profilbiegemaschine zu einem attraktiven Preis zu erwerben!<\/p>","protected":false},"excerpt":{"rendered":"<p>Zaginarka segmentowa ZGDS-70 z nogami mobilna<\/p>","protected":false},"featured_media":36319,"comment_status":"open","ping_status":"closed","template":"","meta":[],"product_brand":[],"product_cat":[551,535],"product_tag":[574,573,578,576,575,565,577,566],"class_list":{"0":"post-35930","1":"product","2":"type-product","3":"status-publish","4":"has-post-thumbnail","6":"product_cat-uncategorized","7":"product_cat-zaginarki-segmentowe-zgds","8":"product_tag-do-blachy","9":"product_tag-gietarka","10":"product_tag-gietarka-warsztatowa","11":"product_tag-kantownica","12":"product_tag-krawedziarka","13":"product_tag-zaginarka-segmentowa","14":"product_tag-zaginarka-warsztatowa","15":"product_tag-zgds70","16":"product_shipping_class-paleta-euro","18":"first","19":"instock","20":"sale","21":"shipping-taxable","22":"purchasable","23":"product-type-simple"},"_links":{"self":[{"href":"https:\/\/rddsklep.pl\/de\/wp-json\/wp\/v2\/product\/35930","targetHints":{"allow":["GET"]}}],"collection":[{"href":"https:\/\/rddsklep.pl\/de\/wp-json\/wp\/v2\/product"}],"about":[{"href":"https:\/\/rddsklep.pl\/de\/wp-json\/wp\/v2\/types\/product"}],"replies":[{"embeddable":true,"href":"https:\/\/rddsklep.pl\/de\/wp-json\/wp\/v2\/comments?post=35930"}],"version-history":[{"count":3,"href":"https:\/\/rddsklep.pl\/de\/wp-json\/wp\/v2\/product\/35930\/revisions"}],"predecessor-version":[{"id":36190,"href":"https:\/\/rddsklep.pl\/de\/wp-json\/wp\/v2\/product\/35930\/revisions\/36190"}],"wp:featuredmedia":[{"embeddable":true,"href":"https:\/\/rddsklep.pl\/de\/wp-json\/wp\/v2\/media\/36319"}],"wp:attachment":[{"href":"https:\/\/rddsklep.pl\/de\/wp-json\/wp\/v2\/media?parent=35930"}],"wp:term":[{"taxonomy":"product_brand","embeddable":true,"href":"https:\/\/rddsklep.pl\/de\/wp-json\/wp\/v2\/product_brand?post=35930"},{"taxonomy":"product_cat","embeddable":true,"href":"https:\/\/rddsklep.pl\/de\/wp-json\/wp\/v2\/product_cat?post=35930"},{"taxonomy":"product_tag","embeddable":true,"href":"https:\/\/rddsklep.pl\/de\/wp-json\/wp\/v2\/product_tag?post=35930"}],"curies":[{"name":"wp","href":"https:\/\/api.w.org\/{rel}","templated":true}]}}