{"id":35963,"date":"2026-02-01T17:03:43","date_gmt":"2026-02-01T16:03:43","guid":{"rendered":"https:\/\/rddsklep.pl\/?post_type=product&#038;p=35963"},"modified":"2026-02-02T05:44:14","modified_gmt":"2026-02-02T04:44:14","slug":"zaginarka-warsztatowa-do-blachy-zgw-1020-10","status":"publish","type":"product","link":"https:\/\/rddsklep.pl\/de\/product\/zaginarka-warsztatowa-do-blachy-zgw-1020-10\/","title":{"rendered":"ZGW-1020\/1.0 Blechbiegemaschine f\u00fcr die Werkstatt"},"content":{"rendered":"<h2 data-start=\"202\" data-end=\"278\">ZGW-1020\/1.0 Werkstattbiegemaschine \u2013 Zuverl\u00e4ssigkeit und Pr\u00e4zision in der Werkstatt<\/h2>\n<p data-start=\"280\" data-end=\"576\">Werkstatt-Biegemaschine <strong data-start=\"302\" data-end=\"318\">ZGW-1020\/1.0 <\/strong>Dieses zuverl\u00e4ssige Ger\u00e4t ist f\u00fcr die pr\u00e4zise Blechbearbeitung in Karosseriewerkst\u00e4tten, Dachdeckerbetrieben und Schlossereien konzipiert. Sein stabiler Stahlrahmen gew\u00e4hrleistet einen sicheren Betrieb und wiederholgenaues Biegen, selbst bei starker Beanspruchung.<\/p>\n<p data-start=\"578\" data-end=\"754\">Dieses Modell kombiniert <strong data-start=\"594\" data-end=\"616\">kompakte Abmessungen<\/strong> z <strong data-start=\"619\" data-end=\"642\">hohe Genauigkeit<\/strong>, was es zur idealen L\u00f6sung sowohl f\u00fcr Profis als auch f\u00fcr anspruchsvolle Werkstattnutzer macht.<\/p>\n<h3 data-start=\"756\" data-end=\"782\">\u2705 Hauptmerkmale:<\/h3>\n<ul data-start=\"783\" data-end=\"1126\">\n<li data-start=\"783\" data-end=\"817\">\n<p data-start=\"785\" data-end=\"817\"><strong data-start=\"785\" data-end=\"807\">Arbeitsbreite:<\/strong> 1020 mm<\/p>\n<\/li>\n<li data-start=\"818\" data-end=\"873\">\n<p data-start=\"820\" data-end=\"873\"><strong data-start=\"820\" data-end=\"857\">Maximale Dicke des gebogenen Blechs:<\/strong> 1,0 mm (Stahl)<\/p>\n<\/li>\n<li data-start=\"874\" data-end=\"949\">\n<p data-start=\"876\" data-end=\"949\"><strong data-start=\"876\" data-end=\"907\">Pr\u00e4zisionsbiegebalken<\/strong> gleichm\u00e4\u00dfige und wiederholbare Biegungen gew\u00e4hrleisten<\/p>\n<\/li>\n<li data-start=\"950\" data-end=\"1022\">\n<p data-start=\"952\" data-end=\"1022\"><strong data-start=\"952\" data-end=\"984\">Stabile Stahlkonstruktion<\/strong> \u2013 hohe Best\u00e4ndigkeit gegen Verformung<\/p>\n<\/li>\n<li data-start=\"1023\" data-end=\"1058\">\n<p data-start=\"1025\" data-end=\"1058\"><strong data-start=\"1025\" data-end=\"1056\">Einfache und intuitive Bedienung<\/strong><\/p>\n<\/li>\n<li data-start=\"1059\" data-end=\"1126\">\n<p data-start=\"1061\" data-end=\"1126\">Geeignet f\u00fcr die Bearbeitung von Stahl-, verzinkten und Aluminiumblechen<\/p>\n<\/li>\n<\/ul>\n<h3 data-start=\"1128\" data-end=\"1148\">\ud83d\udee0 Anwendung:<\/h3>\n<ul data-start=\"1149\" data-end=\"1308\">\n<li data-start=\"1149\" data-end=\"1189\">\n<p data-start=\"1151\" data-end=\"1189\">Blechbearbeitung f\u00fcr Dachzwecke<\/p>\n<\/li>\n<li data-start=\"1190\" data-end=\"1237\">\n<p data-start=\"1192\" data-end=\"1237\">L\u00fcftungselemente und Blechabdeckungen<\/p>\n<\/li>\n<li data-start=\"1238\" data-end=\"1276\">\n<p data-start=\"1240\" data-end=\"1276\">Schlosser- und Produktionswerkst\u00e4tten<\/p>\n<\/li>\n<li data-start=\"1277\" data-end=\"1308\">\n<p data-start=\"1279\" data-end=\"1308\">Service- und Montagearbeiten<\/p>\n<\/li>\n<\/ul>\n<p data-start=\"1310\" data-end=\"1485\">Faltmaschine <strong data-start=\"1320\" data-end=\"1336\">ZGW-1020\/1.0<\/strong> ist ein perfekter Kompromiss zwischen <strong data-start=\"1369\" data-end=\"1406\">Preis, Qualit\u00e4t und Funktionalit\u00e4t<\/strong>. Es wird sich \u00fcberall dort als n\u00fctzlich erweisen, wo Pr\u00e4zision, Langlebigkeit und Zuverl\u00e4ssigkeit unerl\u00e4sslich sind.<\/p>","protected":false},"excerpt":{"rendered":"<p>Werkstattbiegemaschine ZGW-1020\/1.0<\/p>","protected":false},"featured_media":35977,"comment_status":"open","ping_status":"closed","template":"","meta":[],"product_brand":[],"product_cat":[550],"product_tag":[574,573,578,576,575,565,577],"class_list":{"0":"post-35963","1":"product","2":"type-product","3":"status-publish","4":"has-post-thumbnail","6":"product_cat-zaginarki-warsztatowe-zgw","7":"product_tag-do-blachy","8":"product_tag-gietarka","9":"product_tag-gietarka-warsztatowa","10":"product_tag-kantownica","11":"product_tag-krawedziarka","12":"product_tag-zaginarka-segmentowa","13":"product_tag-zaginarka-warsztatowa","14":"product_shipping_class-opakowania-kartonowe","16":"first","17":"instock","18":"shipping-taxable","19":"purchasable","20":"product-type-simple"},"_links":{"self":[{"href":"https:\/\/rddsklep.pl\/de\/wp-json\/wp\/v2\/product\/35963","targetHints":{"allow":["GET"]}}],"collection":[{"href":"https:\/\/rddsklep.pl\/de\/wp-json\/wp\/v2\/product"}],"about":[{"href":"https:\/\/rddsklep.pl\/de\/wp-json\/wp\/v2\/types\/product"}],"replies":[{"embeddable":true,"href":"https:\/\/rddsklep.pl\/de\/wp-json\/wp\/v2\/comments?post=35963"}],"version-history":[{"count":1,"href":"https:\/\/rddsklep.pl\/de\/wp-json\/wp\/v2\/product\/35963\/revisions"}],"predecessor-version":[{"id":35980,"href":"https:\/\/rddsklep.pl\/de\/wp-json\/wp\/v2\/product\/35963\/revisions\/35980"}],"wp:featuredmedia":[{"embeddable":true,"href":"https:\/\/rddsklep.pl\/de\/wp-json\/wp\/v2\/media\/35977"}],"wp:attachment":[{"href":"https:\/\/rddsklep.pl\/de\/wp-json\/wp\/v2\/media?parent=35963"}],"wp:term":[{"taxonomy":"product_brand","embeddable":true,"href":"https:\/\/rddsklep.pl\/de\/wp-json\/wp\/v2\/product_brand?post=35963"},{"taxonomy":"product_cat","embeddable":true,"href":"https:\/\/rddsklep.pl\/de\/wp-json\/wp\/v2\/product_cat?post=35963"},{"taxonomy":"product_tag","embeddable":true,"href":"https:\/\/rddsklep.pl\/de\/wp-json\/wp\/v2\/product_tag?post=35963"}],"curies":[{"name":"wp","href":"https:\/\/api.w.org\/{rel}","templated":true}]}}