{"id":36053,"date":"2026-02-01T19:56:25","date_gmt":"2026-02-01T18:56:25","guid":{"rendered":"https:\/\/rddsklep.pl\/?post_type=product&#038;p=36053"},"modified":"2026-02-02T05:43:52","modified_gmt":"2026-02-02T04:43:52","slug":"regal-do-blachy-rb-5","status":"publish","type":"product","link":"https:\/\/rddsklep.pl\/de\/product\/regal-do-blachy-rb-5\/","title":{"rendered":"RB-5 Blechgestell"},"content":{"rendered":"<p data-start=\"280\" data-end=\"486\">Zuverl\u00e4ssig <strong data-start=\"288\" data-end=\"334\">Lagerregal aus Blech<\/strong> Entwickelt f\u00fcr Karosseriewerkst\u00e4tten, Dachdeckerbetriebe und Produktionsst\u00e4tten, wo Qualit\u00e4t wichtig ist <strong data-start=\"439\" data-end=\"485\">Ordnung, Ergonomie und Arbeitssicherheit<\/strong>.<\/p>\n<p data-start=\"488\" data-end=\"637\">Die Konstruktion erm\u00f6glicht eine bequeme Lagerung von Blechabmessungen in voller Gr\u00f6\u00dfe. <strong data-start=\"565\" data-end=\"583\">2000 \u00d7 1000 mm<\/strong>,<\/p>\n<h3 data-start=\"639\" data-end=\"669\">Durchdachte Aufteilung der F\u00e4cher<\/h3>\n<p data-start=\"671\" data-end=\"696\">Der Stand ist ausgestattet mit:<\/p>\n<ul data-start=\"697\" data-end=\"832\">\n<li data-start=\"697\" data-end=\"757\">\n<p data-start=\"699\" data-end=\"757\"><strong data-start=\"699\" data-end=\"719\">5 gro\u00dfe F\u00e4cher<\/strong> vorgesehen f\u00fcr ganze Metallplatten<\/p>\n<\/li>\n<\/ul>\n<p data-start=\"834\" data-end=\"955\">Diese Anordnung erm\u00f6glicht einen schnellen Zugriff auf das Material, eine bessere Organisation des Arbeitsplatzes und die Reduzierung von Materialverlusten.<\/p>\n<h3 data-start=\"957\" data-end=\"1000\">Solide Konstruktion f\u00fcr den t\u00e4glichen Gebrauch<\/h3>\n<p data-start=\"1002\" data-end=\"1069\">Der St\u00e4nder besteht aus robusten Stahlprofilen, was Folgendes gew\u00e4hrleistet:<\/p>\n<ul data-start=\"1070\" data-end=\"1185\">\n<li data-start=\"1070\" data-end=\"1087\">\n<p data-start=\"1072\" data-end=\"1087\">hohe Belastbarkeit,<\/p>\n<\/li>\n<li data-start=\"1088\" data-end=\"1130\">\n<p data-start=\"1090\" data-end=\"1130\">Stabilit\u00e4t auch unter Volllast,<\/p>\n<\/li>\n<li data-start=\"1131\" data-end=\"1185\">\n<p data-start=\"1133\" data-end=\"1185\">Best\u00e4ndigkeit gegen Verformung und intensive Beanspruchung.<\/p>\n<\/li>\n<\/ul>\n<p data-start=\"1187\" data-end=\"1336\">Die geeignete Geometrie der Konstruktion erm\u00f6glicht ein sicheres Ablagern und Entnehmen der Bleche und minimiert so das Risiko von Materialbesch\u00e4digungen und Verletzungen des Bedienpersonals.<\/p>\n<h3 data-start=\"1338\" data-end=\"1354\">Anwendung<\/h3>\n<p data-start=\"1356\" data-end=\"1388\">Der St\u00e4nder eignet sich perfekt f\u00fcr:<\/p>\n<ul data-start=\"1389\" data-end=\"1541\">\n<li data-start=\"1389\" data-end=\"1429\">\n<p data-start=\"1391\" data-end=\"1429\">Blechbearbeitungs- und Dachdeckerwerkst\u00e4tten,<\/p>\n<\/li>\n<li data-start=\"1430\" data-end=\"1456\">\n<p data-start=\"1432\" data-end=\"1456\">Produktionsanlagen,<\/p>\n<\/li>\n<li data-start=\"1457\" data-end=\"1481\">\n<p data-start=\"1459\" data-end=\"1481\">Materiallager,<\/p>\n<\/li>\n<li data-start=\"1482\" data-end=\"1541\">\n<p data-start=\"1484\" data-end=\"1541\">auf Maschinen wie Biegemaschinen oder Blechscheren.<\/p>\n<\/li>\n<\/ul>\n<h3 data-start=\"1543\" data-end=\"1567\">Die wichtigsten Vorteile<\/h3>\n<p data-start=\"1569\" data-end=\"1801\">\u2714 F\u00fcr Bettw\u00e4sche geeignet <strong data-start=\"1595\" data-end=\"1613\">2000 \u00d7 1000 mm<\/strong><br data-start=\"1657\" data-end=\"1660\" \/>\u2714 Massive Stahlkonstruktion<br data-start=\"1690\" data-end=\"1693\" \/>\u2714 verbesserte Ergonomie und Arbeitsorganisation<br data-start=\"1732\" data-end=\"1735\" \/>\u2714 Platz- und Zeitersparnis<br data-start=\"1764\" data-end=\"1767\" \/>\u2714 Professionelle L\u00f6sung<\/p>","protected":false},"excerpt":{"rendered":"<p>RB-5 Blechgestell<\/p>","protected":false},"featured_media":36021,"comment_status":"open","ping_status":"closed","template":"","meta":[],"product_brand":[],"product_cat":[529],"product_tag":[574,573,576,575,565],"class_list":{"0":"post-36053","1":"product","2":"type-product","3":"status-publish","4":"has-post-thumbnail","6":"product_cat-regaly-do-blachy-i-rozwijaki-do-blach","7":"product_tag-do-blachy","8":"product_tag-gietarka","9":"product_tag-kantownica","10":"product_tag-krawedziarka","11":"product_tag-zaginarka-segmentowa","12":"product_shipping_class-paleta-euro","14":"first","15":"instock","16":"shipping-taxable","17":"purchasable","18":"product-type-simple"},"_links":{"self":[{"href":"https:\/\/rddsklep.pl\/de\/wp-json\/wp\/v2\/product\/36053","targetHints":{"allow":["GET"]}}],"collection":[{"href":"https:\/\/rddsklep.pl\/de\/wp-json\/wp\/v2\/product"}],"about":[{"href":"https:\/\/rddsklep.pl\/de\/wp-json\/wp\/v2\/types\/product"}],"replies":[{"embeddable":true,"href":"https:\/\/rddsklep.pl\/de\/wp-json\/wp\/v2\/comments?post=36053"}],"version-history":[{"count":1,"href":"https:\/\/rddsklep.pl\/de\/wp-json\/wp\/v2\/product\/36053\/revisions"}],"predecessor-version":[{"id":36054,"href":"https:\/\/rddsklep.pl\/de\/wp-json\/wp\/v2\/product\/36053\/revisions\/36054"}],"wp:featuredmedia":[{"embeddable":true,"href":"https:\/\/rddsklep.pl\/de\/wp-json\/wp\/v2\/media\/36021"}],"wp:attachment":[{"href":"https:\/\/rddsklep.pl\/de\/wp-json\/wp\/v2\/media?parent=36053"}],"wp:term":[{"taxonomy":"product_brand","embeddable":true,"href":"https:\/\/rddsklep.pl\/de\/wp-json\/wp\/v2\/product_brand?post=36053"},{"taxonomy":"product_cat","embeddable":true,"href":"https:\/\/rddsklep.pl\/de\/wp-json\/wp\/v2\/product_cat?post=36053"},{"taxonomy":"product_tag","embeddable":true,"href":"https:\/\/rddsklep.pl\/de\/wp-json\/wp\/v2\/product_tag?post=36053"}],"curies":[{"name":"wp","href":"https:\/\/api.w.org\/{rel}","templated":true}]}}