{"id":36055,"date":"2026-02-01T20:05:26","date_gmt":"2026-02-01T19:05:26","guid":{"rendered":"https:\/\/rddsklep.pl\/?post_type=product&#038;p=36055"},"modified":"2026-03-17T13:10:30","modified_gmt":"2026-03-17T12:10:30","slug":"zaginarka-do-grubych-blach-zgd-600-30","status":"publish","type":"product","link":"https:\/\/rddsklep.pl\/de\/product\/zaginarka-do-grubych-blach-zgd-600-30\/","title":{"rendered":"Dickblechbiegemaschine ZGD-800\/2.0"},"content":{"rendered":"<h2 data-start=\"335\" data-end=\"410\">Dachbiegemaschine ZGD-800\/2.0 \u2013 professionelle Biegemaschine f\u00fcr dickes Blech<\/h2>\n<p data-start=\"412\" data-end=\"737\"><strong data-start=\"412\" data-end=\"427\">ZGD-800\/2.0<\/strong> Das <strong data-start=\"431\" data-end=\"467\">professioneller Dachbieger<\/strong> hergestellt von der Firma <strong data-start=\"492\" data-end=\"533\"><span class=\"hover:entity-accent entity-underline inline cursor-pointer align-baseline\"><span class=\"whitespace-normal\">RDD<\/span><\/span><\/strong>, Die Maschine wurde f\u00fcr das pr\u00e4zise Biegen von dickem Blech entwickelt und ist f\u00fcr den intensiven Einsatz in Karosseriewerkst\u00e4tten, Dachdeckerbetrieben und Produktionsst\u00e4tten konzipiert.<\/p>\n<p data-start=\"739\" data-end=\"971\">Danke <strong data-start=\"746\" data-end=\"776\">Arbeitsbreite 800 mm<\/strong> und Biegem\u00f6glichkeiten <strong data-start=\"800\" data-end=\"829\">Stahlblech bis zu 2,0 mm<\/strong>, Das Modell ZGD-800\/2.0 eignet sich perfekt f\u00fcr Dacharbeiten, Bauelemente und pr\u00e4zise Blechdetails.<\/p>\n<h3 data-start=\"973\" data-end=\"1023\">Eine robuste Biegemaschine f\u00fcr anspruchsvolle Anwendungen<\/h3>\n<p data-start=\"1025\" data-end=\"1273\">Die Biegemaschine ZGD-800\/2.0 zeichnet sich aus <strong data-start=\"1060\" data-end=\"1092\">massive Stahlkonstruktion<\/strong>, Dies gew\u00e4hrleistet Stabilit\u00e4t, Wiederholgenauigkeit beim Biegen und hohe Arbeitsgenauigkeit. Der starre Rahmen und die pr\u00e4zise angepassten Tr\u00e4ger minimieren die Durchbiegung auch bei der Bearbeitung dicker Materialien.<\/p>\n<p data-start=\"1275\" data-end=\"1306\">Die Maschine erm\u00f6glicht das Biegen von Blechen:<\/p>\n<ul data-start=\"1307\" data-end=\"1366\">\n<li data-start=\"1307\" data-end=\"1319\">\n<p data-start=\"1309\" data-end=\"1319\">Stahl,<\/p>\n<\/li>\n<li data-start=\"1320\" data-end=\"1335\">\n<p data-start=\"1322\" data-end=\"1335\">Aluminium,<\/p>\n<\/li>\n<li data-start=\"1336\" data-end=\"1350\">\n<p data-start=\"1338\" data-end=\"1350\">Kupfer,<\/p>\n<\/li>\n<li data-start=\"1351\" data-end=\"1366\">\n<p data-start=\"1353\" data-end=\"1366\">verzinkt.<\/p>\n<\/li>\n<\/ul>\n<p data-start=\"1368\" data-end=\"1496\">Dank dessen ist es <strong data-start=\"1388\" data-end=\"1421\">Universal-Dachbieger<\/strong>, was sowohl in der Serienproduktion als auch im Serviceeinsatz gut funktionieren wird.<\/p>\n<h3 data-start=\"1498\" data-end=\"1536\">Pr\u00e4zision, Ergonomie und Zuverl\u00e4ssigkeit<\/h3>\n<p data-start=\"1538\" data-end=\"1771\">Die Biegemaschine wurde mit besonderem Augenmerk auf <strong data-start=\"1586\" data-end=\"1607\">Bedienerkomfort<\/strong> und einfache Bedienbarkeit. Das intuitive Design erm\u00f6glicht eine schnelle Materialvorbereitung und pr\u00e4zises Biegen ohne aufw\u00e4ndige Maschinenvorbereitung.<\/p>\n<p data-start=\"1773\" data-end=\"1794\">Die wichtigsten Vorteile:<\/p>\n<ul data-start=\"1795\" data-end=\"1974\">\n<li data-start=\"1795\" data-end=\"1826\">\n<p data-start=\"1797\" data-end=\"1826\">pr\u00e4zise und saubere Biegungen,<\/p>\n<\/li>\n<li data-start=\"1827\" data-end=\"1857\">\n<p data-start=\"1829\" data-end=\"1857\">hohe Wiederholgenauigkeit der Details,<\/p>\n<\/li>\n<li data-start=\"1858\" data-end=\"1897\">\n<p data-start=\"1860\" data-end=\"1897\">Best\u00e4ndigkeit gegen\u00fcber intensiver Nutzung,<\/p>\n<\/li>\n<li data-start=\"1898\" data-end=\"1925\">\n<p data-start=\"1900\" data-end=\"1925\">stabiler Betrieb ohne Vibrationen,<\/p>\n<\/li>\n<li data-start=\"1926\" data-end=\"1974\">\n<p data-start=\"1928\" data-end=\"1974\">Eine L\u00f6sung, die speziell f\u00fcr die Bearbeitung von dickem Blech entwickelt wurde.<\/p>\n<\/li>\n<\/ul>\n<h3 data-start=\"1976\" data-end=\"2014\">Anwendung der Biegemaschine ZGD-800\/2.0<\/h3>\n<p data-start=\"2016\" data-end=\"2047\">Die Maschine eignet sich ideal f\u00fcr:<\/p>\n<ul data-start=\"2048\" data-end=\"2283\">\n<li data-start=\"2048\" data-end=\"2081\">\n<p data-start=\"2050\" data-end=\"2081\">Dachdeckerarbeiten durchf\u00fchren,<\/p>\n<\/li>\n<li data-start=\"2082\" data-end=\"2152\">\n<p data-start=\"2084\" data-end=\"2152\">Herstellung von Fensterb\u00e4nken, Dachrinnenverkleidungen und Abschlusselementen,<\/p>\n<\/li>\n<li data-start=\"2153\" data-end=\"2195\">\n<p data-start=\"2155\" data-end=\"2195\">Blechbiegen in der Werkstatt,<\/p>\n<\/li>\n<li data-start=\"2196\" data-end=\"2229\">\n<p data-start=\"2198\" data-end=\"2229\">Montage- und Servicearbeiten,<\/p>\n<\/li>\n<li data-start=\"2230\" data-end=\"2283\">\n<p data-start=\"2232\" data-end=\"2283\">Blechbearbeitung f\u00fcr Bauwesen und Industrie.<\/p>\n<\/li>\n<\/ul>\n<h3 data-start=\"2285\" data-end=\"2325\">Warum sollte man sich f\u00fcr eine RDD-Biegemaschine entscheiden?<\/h3>\n<p data-start=\"2327\" data-end=\"2574\">Mit der Wahl von ZGD-800\/2.0 investieren Sie in <strong data-start=\"2365\" data-end=\"2394\">Poliermaschine f\u00fcr Blechbearbeitung<\/strong>, Diese Ausr\u00fcstung wurde speziell f\u00fcr die Bed\u00fcrfnisse von Profis entwickelt und hergestellt. <strong data-start=\"2486\" data-end=\"2536\">einfache Konstruktion, hohe Langlebigkeit und Pr\u00e4zision<\/strong>, und garantiert so jahrelange Zuverl\u00e4ssigkeit.<\/p>","protected":false},"excerpt":{"rendered":"<p>Dickblechbiegemaschine ZGD-800\/2.0<\/p>","protected":false},"featured_media":36337,"comment_status":"open","ping_status":"closed","template":"","meta":[],"product_brand":[],"product_cat":[549],"product_tag":[574,573,576,575,565],"class_list":{"0":"post-36055","1":"product","2":"type-product","3":"status-publish","4":"has-post-thumbnail","6":"product_cat-zaginarki-dekarskie-zgd","7":"product_tag-do-blachy","8":"product_tag-gietarka","9":"product_tag-kantownica","10":"product_tag-krawedziarka","11":"product_tag-zaginarka-segmentowa","12":"product_shipping_class-paleta-euro","14":"first","15":"instock","16":"shipping-taxable","17":"purchasable","18":"product-type-simple"},"_links":{"self":[{"href":"https:\/\/rddsklep.pl\/de\/wp-json\/wp\/v2\/product\/36055","targetHints":{"allow":["GET"]}}],"collection":[{"href":"https:\/\/rddsklep.pl\/de\/wp-json\/wp\/v2\/product"}],"about":[{"href":"https:\/\/rddsklep.pl\/de\/wp-json\/wp\/v2\/types\/product"}],"replies":[{"embeddable":true,"href":"https:\/\/rddsklep.pl\/de\/wp-json\/wp\/v2\/comments?post=36055"}],"version-history":[{"count":3,"href":"https:\/\/rddsklep.pl\/de\/wp-json\/wp\/v2\/product\/36055\/revisions"}],"predecessor-version":[{"id":36059,"href":"https:\/\/rddsklep.pl\/de\/wp-json\/wp\/v2\/product\/36055\/revisions\/36059"}],"wp:featuredmedia":[{"embeddable":true,"href":"https:\/\/rddsklep.pl\/de\/wp-json\/wp\/v2\/media\/36337"}],"wp:attachment":[{"href":"https:\/\/rddsklep.pl\/de\/wp-json\/wp\/v2\/media?parent=36055"}],"wp:term":[{"taxonomy":"product_brand","embeddable":true,"href":"https:\/\/rddsklep.pl\/de\/wp-json\/wp\/v2\/product_brand?post=36055"},{"taxonomy":"product_cat","embeddable":true,"href":"https:\/\/rddsklep.pl\/de\/wp-json\/wp\/v2\/product_cat?post=36055"},{"taxonomy":"product_tag","embeddable":true,"href":"https:\/\/rddsklep.pl\/de\/wp-json\/wp\/v2\/product_tag?post=36055"}],"curies":[{"name":"wp","href":"https:\/\/api.w.org\/{rel}","templated":true}]}}