{"id":36067,"date":"2026-02-01T20:21:19","date_gmt":"2026-02-01T19:21:19","guid":{"rendered":"https:\/\/rddsklep.pl\/?post_type=product&#038;p=36067"},"modified":"2026-02-16T17:26:18","modified_gmt":"2026-02-16T16:26:18","slug":"rolkowa-dogniatarka-felcu-dgf-4","status":"publish","type":"product","link":"https:\/\/rddsklep.pl\/de\/product\/rolkowa-dogniatarka-felcu-dgf-4\/","title":{"rendered":"DGF-4 Rollenfalzpressmaschine"},"content":{"rendered":"<h2 data-start=\"281\" data-end=\"349\">Walzennahtgl\u00e4tter \u2013 professionelles Dachdeckerwerkzeug RDD<\/h2>\n<p data-start=\"351\" data-end=\"716\"><strong data-start=\"351\" data-end=\"380\">Walzen-Falzpolierer<\/strong> produziert von <strong data-start=\"399\" data-end=\"440\"><span class=\"hover:entity-accent entity-underline inline cursor-pointer align-baseline\"><span class=\"whitespace-normal\">RDD<\/span><\/span><\/strong> Das <strong data-start=\"444\" data-end=\"478\">ein zuverl\u00e4ssiges Dachdeckerwerkzeug<\/strong>, Das Ger\u00e4t wurde f\u00fcr das pr\u00e4zise und sichere Schlie\u00dfen von stehenden Rabatten entwickelt. Es richtet sich an Fachleute, die hohe Anspr\u00fcche stellen. <strong data-start=\"623\" data-end=\"653\">perfekter Saumverschluss<\/strong>, Hohe \u00e4sthetische Verarbeitung und reproduzierbare Arbeitsergebnisse.<\/p>\n<p data-start=\"718\" data-end=\"833\">Die Poliermaschine funktioniert sowohl auf dem Dach als auch in der Werkstatt gut und beschleunigt und erleichtert die Blechbearbeitung erheblich.<\/p>\n<h3 data-start=\"835\" data-end=\"880\">Pr\u00e4zisions-Stehfalzpolierer<\/h3>\n<p data-start=\"882\" data-end=\"1170\">Dank der Verwendung von <strong data-start=\"902\" data-end=\"919\">Rollensystem<\/strong>, Die Poliermaschine erm\u00f6glicht das gleichm\u00e4\u00dfige F\u00fchren des Werkzeugs entlang der Naht, wodurch das Risiko von Kratzern im Blech und ungleichm\u00e4\u00dfigem Falzschluss vermieden wird. Das Werkzeug erm\u00f6glicht das Erreichen von <strong data-start=\"1088\" data-end=\"1124\">sauberer, \u00e4sthetischer und langlebiger Falz<\/strong>, entsprechend den Anforderungen moderner Dachkonstruktionen.<\/p>\n<p data-start=\"1172\" data-end=\"1213\">Die Poliermaschine ist f\u00fcr die Verwendung mit folgenden Materialien ausgelegt:<\/p>\n<ul data-start=\"1214\" data-end=\"1293\">\n<li data-start=\"1214\" data-end=\"1231\">\n<p data-start=\"1216\" data-end=\"1231\">Stahlblech,<\/p>\n<\/li>\n<li data-start=\"1232\" data-end=\"1252\">\n<p data-start=\"1234\" data-end=\"1252\">Aluminiumblech,<\/p>\n<\/li>\n<li data-start=\"1253\" data-end=\"1273\">\n<p data-start=\"1255\" data-end=\"1273\">Titan-Zink-Blech,<\/p>\n<\/li>\n<li data-start=\"1274\" data-end=\"1293\">\n<p data-start=\"1276\" data-end=\"1293\">Kupferblech.<\/p>\n<\/li>\n<\/ul>\n<h3 data-start=\"1295\" data-end=\"1346\">Solide Konstruktion f\u00fcr intensive Nutzung<\/h3>\n<p data-start=\"1348\" data-end=\"1504\">Die RDD-Rollenfalzpoliermaschine besteht aus <strong data-start=\"1394\" data-end=\"1425\">hochwertige Materialien<\/strong>, best\u00e4ndig gegen Abnutzung und die Bedingungen auf Baustellen. Die robuste Konstruktion gew\u00e4hrleistet:<\/p>\n<ul data-start=\"1505\" data-end=\"1663\">\n<li data-start=\"1505\" data-end=\"1537\">\n<p data-start=\"1507\" data-end=\"1537\">stabile F\u00fchrung entlang der Naht,<\/p>\n<\/li>\n<li data-start=\"1538\" data-end=\"1566\">\n<p data-start=\"1540\" data-end=\"1566\">lange Werkzeuglebensdauer,<\/p>\n<\/li>\n<li data-start=\"1567\" data-end=\"1614\">\n<p data-start=\"1569\" data-end=\"1614\">Wiederholbarkeit des Effekts entlang der gesamten L\u00e4nge des Rabatts,<\/p>\n<\/li>\n<li data-start=\"1615\" data-end=\"1663\">\n<p data-start=\"1617\" data-end=\"1663\">Hoher Arbeitskomfort auch bei einer gro\u00dfen Anzahl von Verarbeitungsvorg\u00e4ngen.<\/p>\n<\/li>\n<\/ul>\n<p data-start=\"1665\" data-end=\"1731\">Dies ist ein Werkzeug, das f\u00fcr den t\u00e4glichen, professionellen Einsatz konzipiert wurde.<\/p>\n<h3 data-start=\"1733\" data-end=\"1762\">Ergonomie und Arbeitskomfort<\/h3>\n<p data-start=\"1764\" data-end=\"1919\">Die durchdachte Konstruktion der Poliermaschine erm\u00f6glicht <strong data-start=\"1805\" data-end=\"1855\">reibungsloser Betrieb ohne \u00fcberm\u00e4\u00dfigen Bedieneraufwand<\/strong>. Das Rollenf\u00fchrungssystem reduziert den Widerstand, was Folgendes bedeutet:<\/p>\n<ul data-start=\"1920\" data-end=\"2041\">\n<li data-start=\"1920\" data-end=\"1941\">\n<p data-start=\"1922\" data-end=\"1941\">weniger Erm\u00fcdung,<\/p>\n<\/li>\n<li data-start=\"1942\" data-end=\"1976\">\n<p data-start=\"1944\" data-end=\"1976\">mehr Kontrolle \u00fcber das Werkzeug,<\/p>\n<\/li>\n<li data-start=\"1977\" data-end=\"1999\">\n<p data-start=\"1979\" data-end=\"1999\">h\u00f6heres Arbeitstempo,<\/p>\n<\/li>\n<li data-start=\"2000\" data-end=\"2041\">\n<p data-start=\"2002\" data-end=\"2041\">Pr\u00e4ziser Abschluss des Rabatts ohne Korrekturen.<\/p>\n<\/li>\n<\/ul>\n<h3 data-start=\"2043\" data-end=\"2086\">Anwendung des Walzenfalzpolierers<\/h3>\n<p data-start=\"2088\" data-end=\"2127\">Der Polierer eignet sich perfekt f\u00fcr:<\/p>\n<ul data-start=\"2128\" data-end=\"2370\">\n<li data-start=\"2128\" data-end=\"2176\">\n<p data-start=\"2130\" data-end=\"2176\">Herstellung von Stehfalz-Dachdeckungen,<\/p>\n<\/li>\n<li data-start=\"2177\" data-end=\"2223\">\n<p data-start=\"2179\" data-end=\"2223\">Polieren von einfachen und doppelten Falzen,<\/p>\n<\/li>\n<li data-start=\"2224\" data-end=\"2260\">\n<p data-start=\"2226\" data-end=\"2260\">Dachdecker- und Blecharbeiten,<\/p>\n<\/li>\n<li data-start=\"2261\" data-end=\"2317\">\n<p data-start=\"2263\" data-end=\"2317\">Premiumprojekte, bei denen die \u00c4sthetik des Details z\u00e4hlt,<\/p>\n<\/li>\n<li data-start=\"2318\" data-end=\"2370\">\n<p data-start=\"2320\" data-end=\"2370\">Montage von Blechd\u00e4chern auf modernen Geb\u00e4uden.<\/p>\n<\/li>\n<\/ul>\n<h3 data-start=\"2372\" data-end=\"2396\">Die wichtigsten Vorteile<\/h3>\n<p data-start=\"2398\" data-end=\"2648\">\u2714 professionell <strong data-start=\"2414\" data-end=\"2443\">Walzenfalzpolierer<\/strong><br data-start=\"2443\" data-end=\"2446\" \/>\u2714 Pr\u00e4ziser und gleichm\u00e4\u00dfiger Nahtverschluss<br data-start=\"2488\" data-end=\"2491\" \/>\u2714 Sicher f\u00fcr Blechoberfl\u00e4chen<br data-start=\"2526\" data-end=\"2529\" \/>\u2714 Solide Konstruktion f\u00fcr intensive Nutzung<br data-start=\"2571\" data-end=\"2574\" \/>\u2714 Werkzeug f\u00fcr Dachdecker und Blechbearbeiter<br data-start=\"2609\" data-end=\"2612\" \/>\u2714 Produkt des polnischen Herstellers RDD<\/p>\n<h3 data-start=\"2650\" data-end=\"2690\">Warum sollte man sich f\u00fcr RDD-Tools entscheiden?<\/h3>\n<p data-start=\"2692\" data-end=\"2939\">Die Produkte von RDD sind f\u00fcr die realen Arbeitsbedingungen auf Baustellen und in Werkst\u00e4tten konzipiert. Die Walzen-Falzpoliermaschine ist eine Kombination aus <strong data-start=\"2816\" data-end=\"2850\">Einfachheit, Langlebigkeit, Pr\u00e4zision<\/strong>, was sich in der Qualit\u00e4t der Dachdeckung niederschl\u00e4gt und Arbeitszeit spart.<\/p>","protected":false},"excerpt":{"rendered":"<p>DGF-4 Falzpolierer<\/p>","protected":false},"featured_media":36260,"comment_status":"open","ping_status":"closed","template":"","meta":[],"product_brand":[],"product_cat":[569],"product_tag":[574,573,578,576,575,565,577],"class_list":{"0":"post-36067","1":"product","2":"type-product","3":"status-publish","4":"has-post-thumbnail","6":"product_cat-dogniatarka-felcu","7":"product_tag-do-blachy","8":"product_tag-gietarka","9":"product_tag-gietarka-warsztatowa","10":"product_tag-kantownica","11":"product_tag-krawedziarka","12":"product_tag-zaginarka-segmentowa","13":"product_tag-zaginarka-warsztatowa","14":"product_shipping_class-opakowania-kartonowe","16":"first","17":"instock","18":"shipping-taxable","19":"purchasable","20":"product-type-simple"},"_links":{"self":[{"href":"https:\/\/rddsklep.pl\/de\/wp-json\/wp\/v2\/product\/36067","targetHints":{"allow":["GET"]}}],"collection":[{"href":"https:\/\/rddsklep.pl\/de\/wp-json\/wp\/v2\/product"}],"about":[{"href":"https:\/\/rddsklep.pl\/de\/wp-json\/wp\/v2\/types\/product"}],"replies":[{"embeddable":true,"href":"https:\/\/rddsklep.pl\/de\/wp-json\/wp\/v2\/comments?post=36067"}],"version-history":[{"count":1,"href":"https:\/\/rddsklep.pl\/de\/wp-json\/wp\/v2\/product\/36067\/revisions"}],"predecessor-version":[{"id":36073,"href":"https:\/\/rddsklep.pl\/de\/wp-json\/wp\/v2\/product\/36067\/revisions\/36073"}],"wp:featuredmedia":[{"embeddable":true,"href":"https:\/\/rddsklep.pl\/de\/wp-json\/wp\/v2\/media\/36260"}],"wp:attachment":[{"href":"https:\/\/rddsklep.pl\/de\/wp-json\/wp\/v2\/media?parent=36067"}],"wp:term":[{"taxonomy":"product_brand","embeddable":true,"href":"https:\/\/rddsklep.pl\/de\/wp-json\/wp\/v2\/product_brand?post=36067"},{"taxonomy":"product_cat","embeddable":true,"href":"https:\/\/rddsklep.pl\/de\/wp-json\/wp\/v2\/product_cat?post=36067"},{"taxonomy":"product_tag","embeddable":true,"href":"https:\/\/rddsklep.pl\/de\/wp-json\/wp\/v2\/product_tag?post=36067"}],"curies":[{"name":"wp","href":"https:\/\/api.w.org\/{rel}","templated":true}]}}