{"id":36085,"date":"2026-02-01T20:33:18","date_gmt":"2026-02-01T19:33:18","guid":{"rendered":"https:\/\/rddsklep.pl\/?post_type=product&#038;p=36085"},"modified":"2026-02-05T07:57:29","modified_gmt":"2026-02-05T06:57:29","slug":"zaginarka-segmentowa-zgds-70-plus-z-nogami","status":"publish","type":"product","link":"https:\/\/rddsklep.pl\/de\/product\/zaginarka-segmentowa-zgds-70-plus-z-nogami\/","title":{"rendered":"ZGDS-70 PLUS Segmentbiegemaschine mit Beinen"},"content":{"rendered":"<h2 data-start=\"228\" data-end=\"312\">ZGDS-70 Plus Segmentbiegemaschine mit Beinen \u2013 professionelle RDD-Blechbiegemaschine<\/h2>\n<p data-start=\"314\" data-end=\"716\"><strong data-start=\"314\" data-end=\"339\">ZGDS-70 Plus mit Beinen<\/strong> Das <strong data-start=\"343\" data-end=\"381\">professionelle segmentierte Biegemaschine<\/strong> produziert von <strong data-start=\"400\" data-end=\"441\"><span class=\"hover:entity-accent entity-underline inline cursor-pointer align-baseline\"><span class=\"whitespace-normal\">RDD<\/span><\/span><\/strong>, Dieses Modell wurde f\u00fcr die pr\u00e4zise Blechbearbeitung in Karosseriewerkst\u00e4tten und Dachdeckerbetrieben entwickelt. <strong data-start=\"560\" data-end=\"647\">kompakte Abmessungen, hohe Biegegenauigkeit und eine stabile, freistehende Struktur<\/strong>, was es zu einer idealen L\u00f6sung f\u00fcr die t\u00e4gliche, intensive Arbeit macht.<\/p>\n<p data-start=\"718\" data-end=\"901\">Dank der Verwendung von <strong data-start=\"738\" data-end=\"770\">segmentierter Druckstrahl<\/strong>, Mit der Biegemaschine k\u00f6nnen Sie komplexe Profile, Kassetten, Dacharbeiten und Elemente herstellen, die nicht standardm\u00e4\u00dfige Biegungen erfordern.<\/p>\n<h3 data-start=\"903\" data-end=\"951\">Segmentbiegemaschine f\u00fcr die Pr\u00e4zisionsbearbeitung<\/h3>\n<p data-start=\"953\" data-end=\"1246\">Die Biegemaschine ZGDS-70 Plus ist ausgestattet mit <strong data-start=\"994\" data-end=\"1030\">Segmente unterschiedlicher Breite<\/strong>, Diese L\u00f6sung l\u00e4sst sich je nach Werkst\u00fcck frei konfigurieren. Sie erweitert die M\u00f6glichkeiten der Maschine erheblich und erm\u00f6glicht das Biegen geschlossener Elemente sowie Mehrfachbiegungen ohne Kollision mit dem Tr\u00e4ger.<\/p>\n<p data-start=\"1248\" data-end=\"1286\">Es ist perfekt <strong data-start=\"1259\" data-end=\"1282\">segmentierter Bieger<\/strong> runter:<\/p>\n<ul data-start=\"1287\" data-end=\"1404\">\n<li data-start=\"1287\" data-end=\"1308\">\n<p data-start=\"1289\" data-end=\"1308\">Dachdeckerarbeiten,<\/p>\n<\/li>\n<li data-start=\"1309\" data-end=\"1344\">\n<p data-start=\"1311\" data-end=\"1344\">Herstellung von Fassadenelementen,<\/p>\n<\/li>\n<li data-start=\"1345\" data-end=\"1370\">\n<p data-start=\"1347\" data-end=\"1370\">Biegekassetten und Profile,<\/p>\n<\/li>\n<li data-start=\"1371\" data-end=\"1404\">\n<p data-start=\"1373\" data-end=\"1404\">Pr\u00e4zisionsblechbearbeitung.<\/p>\n<\/li>\n<\/ul>\n<h3 data-start=\"1406\" data-end=\"1466\">Stabile Konstruktion mit Beinen \u2013 Komfort und Sicherheit<\/h3>\n<p data-start=\"1468\" data-end=\"1497\">Version <strong data-start=\"1475\" data-end=\"1487\">mit Beinen<\/strong> bietet:<\/p>\n<ul data-start=\"1498\" data-end=\"1669\">\n<li data-start=\"1498\" data-end=\"1542\">\n<p data-start=\"1500\" data-end=\"1542\">stabiler, freistehender Maschinenaufbau,<\/p>\n<\/li>\n<li data-start=\"1543\" data-end=\"1575\">\n<p data-start=\"1545\" data-end=\"1575\">ergonomische Arbeitsh\u00f6he,<\/p>\n<\/li>\n<li data-start=\"1576\" data-end=\"1626\">\n<p data-start=\"1578\" data-end=\"1626\">Komfortables Arbeiten ohne die Notwendigkeit, es am Tisch zu befestigen.,<\/p>\n<\/li>\n<li data-start=\"1627\" data-end=\"1669\">\n<p data-start=\"1629\" data-end=\"1669\">Sicherheit und Zuverl\u00e4ssigkeit beim Biegen.<\/p>\n<\/li>\n<\/ul>\n<p data-start=\"1671\" data-end=\"1819\">Ein stabiler Stahlrahmen und pr\u00e4zise gefertigte Tr\u00e4ger garantieren <strong data-start=\"1735\" data-end=\"1782\">Wiederholgenauigkeit der Biegungen und hohe Detailqualit\u00e4t<\/strong>, selbst bei intensiver Nutzung.<\/p>\n<h3 data-start=\"1821\" data-end=\"1874\">Universelle Biegemaschine f\u00fcr Werkstatt und Produktion<\/h3>\n<p data-start=\"1876\" data-end=\"1959\">Die ZGDS-70 Plus ist eine Maschine, die f\u00fcr die Bearbeitung verschiedener Arten von Blechen konzipiert wurde, wie zum Beispiel:<\/p>\n<ul data-start=\"1960\" data-end=\"2020\">\n<li data-start=\"1960\" data-end=\"1977\">\n<p data-start=\"1962\" data-end=\"1977\">Stahlblech,<\/p>\n<\/li>\n<li data-start=\"1978\" data-end=\"1998\">\n<p data-start=\"1980\" data-end=\"1998\">verzinktes Blech,<\/p>\n<\/li>\n<li data-start=\"1999\" data-end=\"2011\">\n<p data-start=\"2001\" data-end=\"2011\">Aluminium,<\/p>\n<\/li>\n<li data-start=\"2012\" data-end=\"2020\">\n<p data-start=\"2014\" data-end=\"2020\">Kupfer.<\/p>\n<\/li>\n<\/ul>\n<p data-start=\"2022\" data-end=\"2212\">Kompakte Arbeitsbreite <strong data-start=\"2051\" data-end=\"2060\">70 cm<\/strong> Dadurch eignet sich die Biegemaschine perfekt f\u00fcr kleinere Werkst\u00e4tten, f\u00fcr die Einzelteilfertigung und f\u00fcr Projekte, die eine hohe Pr\u00e4zision erfordern.<\/p>\n<p data-start=\"2022\" data-end=\"2212\">Arbeitsl\u00e4nge 700 mm<\/p>\n<p data-start=\"2022\" data-end=\"2212\">H\u00f6he der oberen Steine 55 mm<\/p>\n<p data-start=\"2022\" data-end=\"2212\">Maschinengewicht 80 kg<\/p>\n<p data-start=\"2022\" data-end=\"2212\">Steinbreite 120-50-80-100-100-80-50-120 mm<\/p>\n<h3 data-start=\"2214\" data-end=\"2261\">Die wichtigsten Vorteile der Biegemaschine ZGDS-70 Plus<\/h3>\n<p data-start=\"2263\" data-end=\"2522\">\u2714 Segmentierter Druckbalken \u2013 gr\u00f6\u00dfere Biegem\u00f6glichkeiten<br data-start=\"2319\" data-end=\"2322\" \/>\u2714 Stabile, freistehende Konstruktion mit Beinen<br data-start=\"2366\" data-end=\"2369\" \/>\u2714 pr\u00e4zise und saubere Biegungen<br data-start=\"2399\" data-end=\"2402\" \/>\u2714 Hohe Wiederholgenauigkeit der Details<br data-start=\"2431\" data-end=\"2434\" \/>\u2714 Kompakte Abmessungen \u2013 perfekt f\u00fcr die Werkstatt<br data-start=\"2477\" data-end=\"2480\" \/>\u2714 Professionelle RDD-Segmentbiegemaschine<\/p>\n<h3 data-start=\"2524\" data-end=\"2575\">Warum sollte man sich f\u00fcr die RDD-Sektionsbiegemaschine entscheiden?<\/h3>\n<p data-start=\"2577\" data-end=\"2854\">RDD-Biegemaschinen wurden speziell f\u00fcr die Bed\u00fcrfnisse von Profis entwickelt. <strong data-start=\"2654\" data-end=\"2679\">ZGDS-70 Plus mit Beinen<\/strong> diese Verbindung <strong data-start=\"2694\" data-end=\"2765\">solide Konstruktion, segmentierte Funktionalit\u00e4t und ergonomisches Arbeiten<\/strong>, Das bedeutet Zeitersparnis, h\u00f6here Genauigkeit und Zuverl\u00e4ssigkeit f\u00fcr die kommenden Jahre.<\/p>","protected":false},"excerpt":{"rendered":"<p>ZGDS-70 plus segmentierte Biegemaschine mit Beinen<\/p>","protected":false},"featured_media":35951,"comment_status":"closed","ping_status":"closed","template":"","meta":[],"product_brand":[],"product_cat":[551,535],"product_tag":[574,573,578,576,575,565,577],"class_list":{"0":"post-36085","1":"product","2":"type-product","3":"status-publish","4":"has-post-thumbnail","6":"product_cat-uncategorized","7":"product_cat-zaginarki-segmentowe-zgds","8":"product_tag-do-blachy","9":"product_tag-gietarka","10":"product_tag-gietarka-warsztatowa","11":"product_tag-kantownica","12":"product_tag-krawedziarka","13":"product_tag-zaginarka-segmentowa","14":"product_tag-zaginarka-warsztatowa","15":"product_shipping_class-paleta-euro","17":"first","18":"instock","19":"shipping-taxable","20":"purchasable","21":"product-type-simple"},"_links":{"self":[{"href":"https:\/\/rddsklep.pl\/de\/wp-json\/wp\/v2\/product\/36085","targetHints":{"allow":["GET"]}}],"collection":[{"href":"https:\/\/rddsklep.pl\/de\/wp-json\/wp\/v2\/product"}],"about":[{"href":"https:\/\/rddsklep.pl\/de\/wp-json\/wp\/v2\/types\/product"}],"replies":[{"embeddable":true,"href":"https:\/\/rddsklep.pl\/de\/wp-json\/wp\/v2\/comments?post=36085"}],"version-history":[{"count":3,"href":"https:\/\/rddsklep.pl\/de\/wp-json\/wp\/v2\/product\/36085\/revisions"}],"predecessor-version":[{"id":36186,"href":"https:\/\/rddsklep.pl\/de\/wp-json\/wp\/v2\/product\/36085\/revisions\/36186"}],"wp:featuredmedia":[{"embeddable":true,"href":"https:\/\/rddsklep.pl\/de\/wp-json\/wp\/v2\/media\/35951"}],"wp:attachment":[{"href":"https:\/\/rddsklep.pl\/de\/wp-json\/wp\/v2\/media?parent=36085"}],"wp:term":[{"taxonomy":"product_brand","embeddable":true,"href":"https:\/\/rddsklep.pl\/de\/wp-json\/wp\/v2\/product_brand?post=36085"},{"taxonomy":"product_cat","embeddable":true,"href":"https:\/\/rddsklep.pl\/de\/wp-json\/wp\/v2\/product_cat?post=36085"},{"taxonomy":"product_tag","embeddable":true,"href":"https:\/\/rddsklep.pl\/de\/wp-json\/wp\/v2\/product_tag?post=36085"}],"curies":[{"name":"wp","href":"https:\/\/api.w.org\/{rel}","templated":true}]}}