{"id":36099,"date":"2026-02-02T06:10:16","date_gmt":"2026-02-02T05:10:16","guid":{"rendered":"https:\/\/rddsklep.pl\/?post_type=product&#038;p=36099"},"modified":"2026-02-19T07:00:32","modified_gmt":"2026-02-19T06:00:32","slug":"zaginadlo-do-blachy-zb-460","status":"publish","type":"product","link":"https:\/\/rddsklep.pl\/de\/product\/zaginadlo-do-blachy-zb-460\/","title":{"rendered":"ZB-460 Blechbiegemaschine"},"content":{"rendered":"<h2 data-start=\"310\" data-end=\"381\">Blechbiegeger\u00e4t ZB-460 von RDD \u2013 ein professionelles Werkzeug f\u00fcr pr\u00e4zise Biegungen<\/h2>\n<p data-start=\"383\" data-end=\"692\"><strong data-start=\"383\" data-end=\"406\">Blechbiegewerkzeug<\/strong> Das <strong data-start=\"410\" data-end=\"457\">ein unverzichtbares Werkzeug f\u00fcr Blech- und Dacharbeiten<\/strong>, Entwickelt f\u00fcr das manuelle, pr\u00e4zise Biegen von Blechkanten. Es eignet sich \u00fcberall dort, wo Pr\u00e4zision wichtig ist. <strong data-start=\"576\" data-end=\"623\">Pr\u00e4zision, Kontrolle und \u00e4sthetische Verarbeitung<\/strong>, insbesondere bei Dachdecker-, Montage- und Ausbauarbeiten.<\/p>\n<p data-start=\"694\" data-end=\"833\">Dank seiner einfachen, aber robusten Konstruktion erm\u00f6glicht das Biegewerkzeug ein schnelles und sicheres Biegen von Blechen ohne die Gefahr, diese zu besch\u00e4digen.<\/p>\n<h3 data-start=\"835\" data-end=\"871\">Pr\u00e4zision und vollst\u00e4ndige Biegekontrolle<\/h3>\n<p data-start=\"873\" data-end=\"905\">Mit der Biegemaschine ZB-460 k\u00f6nnen Sie Folgendes durchf\u00fchren:<\/p>\n<ul data-start=\"906\" data-end=\"1046\">\n<li data-start=\"906\" data-end=\"933\">\n<p data-start=\"908\" data-end=\"933\">Biegungen mit gerader Kante,<\/p>\n<\/li>\n<li data-start=\"934\" data-end=\"965\">\n<p data-start=\"936\" data-end=\"965\">gebogene Dachbleche,<\/p>\n<\/li>\n<li data-start=\"966\" data-end=\"998\">\n<p data-start=\"968\" data-end=\"998\">Montagekorrekturen und -anpassungen,<\/p>\n<\/li>\n<li data-start=\"999\" data-end=\"1046\">\n<p data-start=\"1001\" data-end=\"1046\">Fertigstellungsarbeiten auf dem Dach und in der Werkstatt.<\/p>\n<\/li>\n<\/ul>\n<p data-start=\"1048\" data-end=\"1205\">Das Tool bietet <strong data-start=\"1067\" data-end=\"1102\">volle Kontrolle \u00fcber den Biegewinkel<\/strong>, Dies ist insbesondere f\u00fcr sichtbare Elemente und Projekte mit hohen \u00e4sthetischen Anspr\u00fcchen von Bedeutung.<\/p>\n<h3 data-start=\"1207\" data-end=\"1249\">Solide Konstruktion f\u00fcr den Feldeinsatz<\/h3>\n<p data-start=\"1251\" data-end=\"1505\">Die Blechbiegemaschine ZB-460 besteht aus <strong data-start=\"1287\" data-end=\"1314\">langlebige Materialien<\/strong>, Es ist best\u00e4ndig gegen intensive Beanspruchung und die Bedingungen auf Baustellen. Die glatte Arbeitsfl\u00e4che minimiert das Risiko von Kratzern im Blech, was sich in Folgendem niederschl\u00e4gt: <strong data-start=\"1472\" data-end=\"1504\">saubere und \u00e4sthetische Kurven<\/strong>.<\/p>\n<p data-start=\"1507\" data-end=\"1570\">Dies ist ein Werkzeug, das f\u00fcr die t\u00e4gliche Arbeit von Dachdeckern und Blechschlossern entwickelt wurde.<\/p>\n<h3 data-start=\"1572\" data-end=\"1600\">Universelle Verwendung<\/h3>\n<p data-start=\"1602\" data-end=\"1648\">Die Biegemaschine ZB-460 eignet sich perfekt f\u00fcr die Bearbeitung von:<\/p>\n<ul data-start=\"1649\" data-end=\"1731\">\n<li data-start=\"1649\" data-end=\"1666\">\n<p data-start=\"1651\" data-end=\"1666\">Stahlblech,<\/p>\n<\/li>\n<li data-start=\"1667\" data-end=\"1687\">\n<p data-start=\"1669\" data-end=\"1687\">verzinktes Blech,<\/p>\n<\/li>\n<li data-start=\"1688\" data-end=\"1700\">\n<p data-start=\"1690\" data-end=\"1700\">Aluminium,<\/p>\n<\/li>\n<li data-start=\"1701\" data-end=\"1711\">\n<p data-start=\"1703\" data-end=\"1711\">Kupfer,<\/p>\n<\/li>\n<li data-start=\"1712\" data-end=\"1731\">\n<p data-start=\"1714\" data-end=\"1731\">beschichtetes Blech.<\/p>\n<\/li>\n<\/ul>\n<p data-start=\"1733\" data-end=\"1744\">Perfekt geeignet f\u00fcr:<\/p>\n<ul data-start=\"1745\" data-end=\"1867\">\n<li data-start=\"1745\" data-end=\"1766\">\n<p data-start=\"1747\" data-end=\"1766\">Dachdeckerarbeiten,<\/p>\n<\/li>\n<li data-start=\"1767\" data-end=\"1795\">\n<p data-start=\"1769\" data-end=\"1795\">Montagearbeiten auf dem Dach,<\/p>\n<\/li>\n<li data-start=\"1796\" data-end=\"1815\">\n<p data-start=\"1798\" data-end=\"1815\">Biegedetails,<\/p>\n<\/li>\n<li data-start=\"1816\" data-end=\"1844\">\n<p data-start=\"1818\" data-end=\"1844\">Korrekturen an fertigen Elementen,<\/p>\n<\/li>\n<li data-start=\"1845\" data-end=\"1867\">\n<p data-start=\"1847\" data-end=\"1867\">Service und Reparaturen.<\/p>\n<\/li>\n<\/ul>\n<h3 data-start=\"1869\" data-end=\"1913\">Die wichtigsten Vorteile der Blechbiegemaschine ZB-460<\/h3>\n<p data-start=\"1915\" data-end=\"2125\">\u2714 Pr\u00e4zises manuelles Blechbiegen<br data-start=\"1948\" data-end=\"1951\" \/>\u2714 Einfaches und zuverl\u00e4ssiges Design<br data-start=\"1984\" data-end=\"1987\" \/>\u2714 Sicher f\u00fcr Blechoberfl\u00e4chen<br data-start=\"2022\" data-end=\"2025\" \/>\u2714 leichtes und handliches Werkzeug<br data-start=\"2054\" data-end=\"2057\" \/>\u2714 Perfekt f\u00fcr die Feldarbeit<br data-start=\"2085\" data-end=\"2088\" \/>\u2714 Werkzeug f\u00fcr Dachdecker und Blechbearbeiter<\/p>\n<h3 data-start=\"2127\" data-end=\"2177\">Warum sollten Sie sich f\u00fcr die professionelle Biegemaschine ZB-460 von RDD entscheiden?<\/h3>\n<p data-start=\"2179\" data-end=\"2444\">Eine gute Blechbiegemaschine wie die ZB-460 spart Zeit, erh\u00f6ht die Pr\u00e4zision und verbessert das Endergebnis. Mit diesem Werkzeug lassen sich Bauteile schnell und ohne gro\u00dfe Maschinen ausrichten \u2013 eine ideale Erg\u00e4nzung f\u00fcr jede Werkstatt oder jedes Dachdeckerteam.<\/p>","protected":false},"excerpt":{"rendered":"<p>ZB-460 Blechbiegemaschine<\/p>","protected":false},"featured_media":35999,"comment_status":"open","ping_status":"closed","template":"","meta":[],"product_brand":[],"product_cat":[551,569,549,535,550],"product_tag":[],"class_list":{"0":"post-36099","1":"product","2":"type-product","3":"status-publish","4":"has-post-thumbnail","6":"product_cat-uncategorized","7":"product_cat-dogniatarka-felcu","8":"product_cat-zaginarki-dekarskie-zgd","9":"product_cat-zaginarki-segmentowe-zgds","10":"product_cat-zaginarki-warsztatowe-zgw","11":"product_shipping_class-opakowania-kartonowe","13":"first","14":"instock","15":"shipping-taxable","16":"purchasable","17":"product-type-simple"},"_links":{"self":[{"href":"https:\/\/rddsklep.pl\/de\/wp-json\/wp\/v2\/product\/36099","targetHints":{"allow":["GET"]}}],"collection":[{"href":"https:\/\/rddsklep.pl\/de\/wp-json\/wp\/v2\/product"}],"about":[{"href":"https:\/\/rddsklep.pl\/de\/wp-json\/wp\/v2\/types\/product"}],"replies":[{"embeddable":true,"href":"https:\/\/rddsklep.pl\/de\/wp-json\/wp\/v2\/comments?post=36099"}],"version-history":[{"count":1,"href":"https:\/\/rddsklep.pl\/de\/wp-json\/wp\/v2\/product\/36099\/revisions"}],"predecessor-version":[{"id":36100,"href":"https:\/\/rddsklep.pl\/de\/wp-json\/wp\/v2\/product\/36099\/revisions\/36100"}],"wp:featuredmedia":[{"embeddable":true,"href":"https:\/\/rddsklep.pl\/de\/wp-json\/wp\/v2\/media\/35999"}],"wp:attachment":[{"href":"https:\/\/rddsklep.pl\/de\/wp-json\/wp\/v2\/media?parent=36099"}],"wp:term":[{"taxonomy":"product_brand","embeddable":true,"href":"https:\/\/rddsklep.pl\/de\/wp-json\/wp\/v2\/product_brand?post=36099"},{"taxonomy":"product_cat","embeddable":true,"href":"https:\/\/rddsklep.pl\/de\/wp-json\/wp\/v2\/product_cat?post=36099"},{"taxonomy":"product_tag","embeddable":true,"href":"https:\/\/rddsklep.pl\/de\/wp-json\/wp\/v2\/product_tag?post=36099"}],"curies":[{"name":"wp","href":"https:\/\/api.w.org\/{rel}","templated":true}]}}