{"id":36102,"date":"2026-02-02T06:25:34","date_gmt":"2026-02-02T05:25:34","guid":{"rendered":"https:\/\/rddsklep.pl\/?post_type=product&#038;p=36102"},"modified":"2026-02-14T16:17:13","modified_gmt":"2026-02-14T15:17:13","slug":"stojak-regal-do-workow-typu-big-bag","status":"publish","type":"product","link":"https:\/\/rddsklep.pl\/de\/product\/stojak-regal-do-workow-typu-big-bag\/","title":{"rendered":"Big-Bag-Halterung"},"content":{"rendered":"<h2 data-start=\"200\" data-end=\"279\">Stojak do Big-Bag\u00f3w RDD \u2013 solidne i bezpieczne rozwi\u0105zanie dla przemys\u0142u<\/h2>\n<p data-start=\"281\" data-end=\"618\"><strong data-start=\"281\" data-end=\"318\">Stojak do big-bag\u00f3w produkcji RDD<\/strong> to profesjonalne rozwi\u0105zanie przeznaczone do wygodnego, bezpiecznego i precyzyjnego nape\u0142niania work\u00f3w typu Big-Bag (FIBC). Konstrukcja zosta\u0142a zaprojektowana z my\u015bl\u0105 o intensywnej eksploatacji w warunkach przemys\u0142owych \u2013 od zak\u0142ad\u00f3w produkcyjnych, przez rolnictwo, po bran\u017c\u0119 budowlan\u0105 i magazynow\u0105.<\/p>\n<p data-start=\"620\" data-end=\"784\">Dzi\u0119ki stabilnej ramie stalowej oraz przemy\u015blanej geometrii stojak gwarantuje <strong data-start=\"698\" data-end=\"726\">pewne podwieszenie worka<\/strong>, \u0142atwy dost\u0119p do zsypu oraz komfortow\u0105 obs\u0142ug\u0119 operatora.<\/p>\n<hr data-start=\"786\" data-end=\"789\" \/>\n<h2 data-start=\"791\" data-end=\"841\">\u2705 Najwa\u017cniejsze zalety stojaka do Big-Bag\u00f3w RDD<\/h2>\n<p data-start=\"843\" data-end=\"1342\">\u2714 <strong data-start=\"845\" data-end=\"876\">Masywna konstrukcja stalowa<\/strong> \u2013 wysoka odporno\u015b\u0107 na obci\u0105\u017cenia i d\u0142ug\u0105 \u017cywotno\u015b\u0107<br data-start=\"927\" data-end=\"930\" \/>\u2714 <strong data-start=\"932\" data-end=\"969\">Stabilno\u015b\u0107 i bezpiecze\u0144stwo pracy<\/strong> \u2013 minimalizacja ryzyka przechy\u0142u lub zerwania worka<br data-start=\"1021\" data-end=\"1024\" \/>\u2714 <strong data-start=\"1026\" data-end=\"1054\">Universelle Verwendung<\/strong> \u2013 kompatybilny z wi\u0119kszo\u015bci\u0105 work\u00f3w Big-Bag dost\u0119pnych na rynku<br data-start=\"1118\" data-end=\"1121\" \/>\u2714 <strong data-start=\"1123\" data-end=\"1140\">\u0141atwa obs\u0142uga<\/strong> \u2013 szybkie zawieszanie i zdejmowanie work\u00f3w<br data-start=\"1183\" data-end=\"1186\" \/>\u2714 <strong data-start=\"1188\" data-end=\"1210\">Produkcja w Polsce<\/strong> \u2013 jako\u015b\u0107 wykonania zgodna z standardami RDD<br data-start=\"1254\" data-end=\"1257\" \/>\u2714 <strong data-start=\"1259\" data-end=\"1285\">Mo\u017cliwo\u015b\u0107 konfiguracji<\/strong> \u2013 dopasowanie wymiar\u00f3w lub no\u015bno\u015bci do potrzeb klienta<\/p>\n<hr data-start=\"1344\" data-end=\"1347\" \/>\n<h2 data-start=\"1349\" data-end=\"1388\">\ud83c\udfed Zastosowanie stojaka do big-bag\u00f3w<\/h2>\n<p data-start=\"1390\" data-end=\"1432\">Stojak RDD doskonale sprawdzi si\u0119 m.in. w:<\/p>\n<ul data-start=\"1433\" data-end=\"1618\">\n<li data-start=\"1433\" data-end=\"1460\">\n<p data-start=\"1435\" data-end=\"1460\">zak\u0142adach produkcyjnych<\/p>\n<\/li>\n<li data-start=\"1461\" data-end=\"1500\">\n<p data-start=\"1463\" data-end=\"1500\">magazynach i centrach logistycznych<\/p>\n<\/li>\n<li data-start=\"1501\" data-end=\"1538\">\n<p data-start=\"1503\" data-end=\"1538\">rolnictwie (zbo\u017ce, nawozy, pasze)<\/p>\n<\/li>\n<li data-start=\"1539\" data-end=\"1590\">\n<p data-start=\"1541\" data-end=\"1590\">bran\u017cy budowlanej (kruszywa, cement, granulaty)<\/p>\n<\/li>\n<li data-start=\"1591\" data-end=\"1618\">\n<p data-start=\"1593\" data-end=\"1618\">przemy\u015ble recyklingowym<\/p>\n<\/li>\n<\/ul>\n<hr data-start=\"1620\" data-end=\"1623\" \/>\n<h2 data-start=\"1625\" data-end=\"1654\">\ud83d\udd27 Przemy\u015blana konstrukcja<\/h2>\n<p data-start=\"1656\" data-end=\"1931\">Ka\u017cdy stojak do big-bag\u00f3w RDD jest wykonany z wysokiej jako\u015bci stali, co zapewnia <strong data-start=\"1738\" data-end=\"1795\">sztywno\u015b\u0107 konstrukcji oraz odporno\u015b\u0107 na odkszta\u0142cenia<\/strong>. Odpowiednio rozmieszczone punkty podwieszenia umo\u017cliwiaj\u0105 r\u00f3wnomierne obci\u0105\u017cenie worka, co przek\u0142ada si\u0119 na bezpieczn\u0105 i p\u0142ynn\u0105 prac\u0119.<\/p>\n<p data-start=\"1933\" data-end=\"1972\">Na \u017cyczenie klienta istnieje mo\u017cliwo\u015b\u0107:<\/p>\n<ul data-start=\"1973\" data-end=\"2072\">\n<li data-start=\"1973\" data-end=\"2001\">\n<p data-start=\"1975\" data-end=\"2001\">zmiany wysoko\u015bci stojaka<\/p>\n<\/li>\n<li data-start=\"2002\" data-end=\"2025\">\n<p data-start=\"2004\" data-end=\"2025\">dopasowania ud\u017awigu<\/p>\n<\/li>\n<li data-start=\"2026\" data-end=\"2072\">\n<p data-start=\"2028\" data-end=\"2072\">wykonania wersji mobilnej lub stacjonarnej<\/p>\n<\/li>\n<\/ul>\n<hr data-start=\"2074\" data-end=\"2077\" \/>\n<h2 data-start=\"2079\" data-end=\"2131\">\ud83d\uded2 Dlaczego warto wybra\u0107 stojak do Big-Bag\u00f3w RDD?<\/h2>\n<p data-start=\"2133\" data-end=\"2339\">Wybieraj\u0105c produkt RDD, inwestujesz w <strong data-start=\"2171\" data-end=\"2232\">trwa\u0142o\u015b\u0107, bezpiecze\u0144stwo i realn\u0105 oszcz\u0119dno\u015b\u0107 czasu pracy<\/strong>. Nasze stojaki projektowane s\u0105 przez praktyk\u00f3w, z my\u015bl\u0105 o codziennym u\u017cytkowaniu w wymagaj\u0105cych warunkach.<\/p>\n<blockquote data-start=\"2341\" data-end=\"2386\">\n<p data-start=\"2343\" data-end=\"2386\"><strong data-start=\"2343\" data-end=\"2386\">RDD \u2013 jako\u015b\u0107, na kt\u00f3rej mo\u017cesz polega\u0107.<\/strong><\/p>\n<\/blockquote>","protected":false},"excerpt":{"rendered":"<p>Rega\u0142 do Big-bag<\/p>","protected":false},"featured_media":36042,"comment_status":"open","ping_status":"closed","template":"","meta":[],"product_brand":[],"product_cat":[551,529],"product_tag":[],"class_list":{"0":"post-36102","1":"product","2":"type-product","3":"status-publish","4":"has-post-thumbnail","6":"product_cat-uncategorized","7":"product_cat-regaly-do-blachy-i-rozwijaki-do-blach","8":"product_shipping_class-paleta-euro","10":"first","11":"instock","12":"shipping-taxable","13":"purchasable","14":"product-type-simple"},"_links":{"self":[{"href":"https:\/\/rddsklep.pl\/de\/wp-json\/wp\/v2\/product\/36102","targetHints":{"allow":["GET"]}}],"collection":[{"href":"https:\/\/rddsklep.pl\/de\/wp-json\/wp\/v2\/product"}],"about":[{"href":"https:\/\/rddsklep.pl\/de\/wp-json\/wp\/v2\/types\/product"}],"replies":[{"embeddable":true,"href":"https:\/\/rddsklep.pl\/de\/wp-json\/wp\/v2\/comments?post=36102"}],"version-history":[{"count":1,"href":"https:\/\/rddsklep.pl\/de\/wp-json\/wp\/v2\/product\/36102\/revisions"}],"predecessor-version":[{"id":36103,"href":"https:\/\/rddsklep.pl\/de\/wp-json\/wp\/v2\/product\/36102\/revisions\/36103"}],"wp:featuredmedia":[{"embeddable":true,"href":"https:\/\/rddsklep.pl\/de\/wp-json\/wp\/v2\/media\/36042"}],"wp:attachment":[{"href":"https:\/\/rddsklep.pl\/de\/wp-json\/wp\/v2\/media?parent=36102"}],"wp:term":[{"taxonomy":"product_brand","embeddable":true,"href":"https:\/\/rddsklep.pl\/de\/wp-json\/wp\/v2\/product_brand?post=36102"},{"taxonomy":"product_cat","embeddable":true,"href":"https:\/\/rddsklep.pl\/de\/wp-json\/wp\/v2\/product_cat?post=36102"},{"taxonomy":"product_tag","embeddable":true,"href":"https:\/\/rddsklep.pl\/de\/wp-json\/wp\/v2\/product_tag?post=36102"}],"curies":[{"name":"wp","href":"https:\/\/api.w.org\/{rel}","templated":true}]}}