{"id":36193,"date":"2026-02-05T08:04:52","date_gmt":"2026-02-05T07:04:52","guid":{"rendered":"https:\/\/rddsklep.pl\/?post_type=product&#038;p=36193"},"modified":"2026-02-23T17:19:36","modified_gmt":"2026-02-23T16:19:36","slug":"zaginarka-segmentowa-zgds-125-export-vat-eu-0","status":"publish","type":"product","link":"https:\/\/rddsklep.pl\/de\/product\/zaginarka-segmentowa-zgds-125-export-vat-eu-0\/","title":{"rendered":"ZGDS-125 Segmentbiegemaschine EXPORT USt-IdNr. EU 0%"},"content":{"rendered":"<h1 data-start=\"295\" data-end=\"734\">EXPORTVERSION \u2013 USt-IdNr. 0% \u2013 GILT F\u00dcR K\u00c4UFER MIT EINER AKTIVEN EU-UMSATZSTEUERNUMMER<\/h1>\n<p data-start=\"295\" data-end=\"734\"><strong data-start=\"295\" data-end=\"327\">ZGDS 125 Segmentbiegemaschine<\/strong>\u00a0Unternehmen\u00a0<strong data-start=\"334\" data-end=\"375\"><span class=\"hover:entity-accent entity-underline inline cursor-pointer align-baseline\"><span class=\"whitespace-normal\">RDD<\/span><\/span><\/strong>\u00a0ist eine Maschine der Profiklasse\u00a0<strong data-start=\"407\" data-end=\"418\">Pr\u00e4mie<\/strong>, entwickelt f\u00fcr die pr\u00e4zise, manuelle Blechbearbeitung in Dachdecker- und Blechwerkst\u00e4tten sowie in Produktionsbetrieben. Die Konstruktion des Ger\u00e4ts basiert auf\u00a0<strong data-start=\"579\" data-end=\"657\">drei pr\u00e4zise gefertigte Tr\u00e4ger: fest, gebogen und druckbeaufschlagt.<\/strong>, was eine hohe Biegegenauigkeit und die volle Kontrolle \u00fcber den Bearbeitungsprozess gew\u00e4hrleistet.<\/p>\n<p data-start=\"736\" data-end=\"1037\">Das ZGDS 125-Modell ist perfekt f\u00fcr die Durchf\u00fchrung von <strong data-start=\"790\" data-end=\"894\">Dacharbeiten, Profile, Kassetten, mehrstufige B\u00f6gen und Elemente mit Sonderformen<\/strong>. Die segmentierte Bauweise erm\u00f6glicht eine schnelle Anpassung der Arbeitskonfiguration an ein bestimmtes Teil und erh\u00f6ht so die Effizienz und den Komfort des Bedieners.<\/p>\n<p data-start=\"1039\" data-end=\"1338\">Die Maschine wurde gebaut auf\u00a0<strong data-start=\"1068\" data-end=\"1105\">starrer, geschwei\u00dfter Stahlrahmen<\/strong>, Dies garantiert Stabilit\u00e4t, Formstabilit\u00e4t und h\u00f6chste Laufruhe auch bei intensiver Beanspruchung. Die L\u00f6sung richtet sich an Profis, die Zuverl\u00e4ssigkeit, Langlebigkeit und ein ansprechendes Design erwarten.<\/p>\n<p data-start=\"2022\" data-end=\"2212\">Arbeitsl\u00e4nge 1250 mm<\/p>\n<p data-start=\"2022\" data-end=\"2212\">H\u00f6he der oberen Steine 65 mm<\/p>\n<p data-start=\"2022\" data-end=\"2212\">Maschinengewicht 120 kg<\/p>\n<p data-start=\"2022\" data-end=\"2212\">Steinbreite 95-50-80-100-100-100-100-100-100-100-100-80-50-95 mm<\/p>","protected":false},"excerpt":{"rendered":"<p>ZGDS-125 Segmentbiegemaschine<\/p>","protected":false},"featured_media":35911,"comment_status":"open","ping_status":"closed","template":"","meta":[],"product_brand":[],"product_cat":[551,535],"product_tag":[574,573,578,576,575,565,577,567],"class_list":{"0":"post-36193","1":"product","2":"type-product","3":"status-publish","4":"has-post-thumbnail","6":"product_cat-uncategorized","7":"product_cat-zaginarki-segmentowe-zgds","8":"product_tag-do-blachy","9":"product_tag-gietarka","10":"product_tag-gietarka-warsztatowa","11":"product_tag-kantownica","12":"product_tag-krawedziarka","13":"product_tag-zaginarka-segmentowa","14":"product_tag-zaginarka-warsztatowa","15":"product_tag-zgds-125","16":"product_shipping_class-paleta-euro-2","18":"first","19":"instock","20":"sold-individually","21":"shipping-taxable","22":"purchasable","23":"product-type-simple"},"_links":{"self":[{"href":"https:\/\/rddsklep.pl\/de\/wp-json\/wp\/v2\/product\/36193","targetHints":{"allow":["GET"]}}],"collection":[{"href":"https:\/\/rddsklep.pl\/de\/wp-json\/wp\/v2\/product"}],"about":[{"href":"https:\/\/rddsklep.pl\/de\/wp-json\/wp\/v2\/types\/product"}],"replies":[{"embeddable":true,"href":"https:\/\/rddsklep.pl\/de\/wp-json\/wp\/v2\/comments?post=36193"}],"version-history":[{"count":3,"href":"https:\/\/rddsklep.pl\/de\/wp-json\/wp\/v2\/product\/36193\/revisions"}],"predecessor-version":[{"id":36233,"href":"https:\/\/rddsklep.pl\/de\/wp-json\/wp\/v2\/product\/36193\/revisions\/36233"}],"wp:featuredmedia":[{"embeddable":true,"href":"https:\/\/rddsklep.pl\/de\/wp-json\/wp\/v2\/media\/35911"}],"wp:attachment":[{"href":"https:\/\/rddsklep.pl\/de\/wp-json\/wp\/v2\/media?parent=36193"}],"wp:term":[{"taxonomy":"product_brand","embeddable":true,"href":"https:\/\/rddsklep.pl\/de\/wp-json\/wp\/v2\/product_brand?post=36193"},{"taxonomy":"product_cat","embeddable":true,"href":"https:\/\/rddsklep.pl\/de\/wp-json\/wp\/v2\/product_cat?post=36193"},{"taxonomy":"product_tag","embeddable":true,"href":"https:\/\/rddsklep.pl\/de\/wp-json\/wp\/v2\/product_tag?post=36193"}],"curies":[{"name":"wp","href":"https:\/\/api.w.org\/{rel}","templated":true}]}}