{"id":36241,"date":"2026-02-15T07:53:05","date_gmt":"2026-02-15T06:53:05","guid":{"rendered":"https:\/\/rddsklep.pl\/?post_type=product&#038;p=36241"},"modified":"2026-02-15T07:59:01","modified_gmt":"2026-02-15T06:59:01","slug":"zaginarka-segmentowa-zgds-125-plus","status":"publish","type":"product","link":"https:\/\/rddsklep.pl\/de\/product\/zaginarka-segmentowa-zgds-125-plus\/","title":{"rendered":"ZGDS-125 PLUS Segmentbiegemaschine"},"content":{"rendered":"<p data-start=\"295\" data-end=\"734\"><strong data-start=\"295\" data-end=\"327\">Zaginarka segmentowa ZGDS 125 PLUS<\/strong>\u00a0Unternehmen\u00a0<strong data-start=\"334\" data-end=\"375\"><span class=\"hover:entity-accent entity-underline inline cursor-pointer align-baseline\"><span class=\"whitespace-normal\">RDD<\/span><\/span><\/strong>\u00a0ist eine Maschine der Profiklasse\u00a0<strong data-start=\"407\" data-end=\"418\">Pr\u00e4mie<\/strong>, entwickelt f\u00fcr die pr\u00e4zise, manuelle Blechbearbeitung in Dachdecker- und Blechwerkst\u00e4tten sowie in Produktionsbetrieben. Die Konstruktion des Ger\u00e4ts basiert auf\u00a0<strong data-start=\"579\" data-end=\"657\">drei pr\u00e4zise gefertigte Tr\u00e4ger: fest, gebogen und druckbeaufschlagt.<\/strong>, was eine hohe Biegegenauigkeit und die volle Kontrolle \u00fcber den Bearbeitungsprozess gew\u00e4hrleistet.<\/p>\n<p data-start=\"736\" data-end=\"1037\">Das Modell ZGDS 125 PLUS ist perfekt f\u00fcr die Durchf\u00fchrung von <strong data-start=\"790\" data-end=\"894\">Dacharbeiten, Profile, Kassetten, mehrstufige B\u00f6gen und Elemente mit Sonderformen<\/strong>. Die segmentierte Bauweise erm\u00f6glicht eine schnelle Anpassung der Arbeitskonfiguration an ein bestimmtes Teil und erh\u00f6ht so die Effizienz und den Komfort des Bedieners.<\/p>\n<p data-start=\"1039\" data-end=\"1338\">Die Maschine wurde gebaut auf\u00a0<strong data-start=\"1068\" data-end=\"1105\">starrer, geschwei\u00dfter Stahlrahmen<\/strong>, Dies garantiert Stabilit\u00e4t, Formstabilit\u00e4t und h\u00f6chste Laufruhe auch bei intensiver Beanspruchung. Die L\u00f6sung richtet sich an Profis, die Zuverl\u00e4ssigkeit, Langlebigkeit und ein ansprechendes Design erwarten.<\/p>\n<p data-start=\"2022\" data-end=\"2212\">Arbeitsl\u00e4nge 1250 mm<\/p>\n<p data-start=\"2022\" data-end=\"2212\">H\u00f6he der oberen Steine 55 mm<\/p>\n<p data-start=\"2022\" data-end=\"2212\">Maschinengewicht 135 kg<\/p>\n<p data-start=\"2022\" data-end=\"2212\">Steinbreite 95-50-80-100-100-100-100-100-100-100-100-80-50-95 mm<\/p>","protected":false},"excerpt":{"rendered":"<p>ZGDS-125 PLUS Segmentbiegemaschine<\/p>","protected":false},"featured_media":36124,"comment_status":"open","ping_status":"closed","template":"","meta":[],"product_brand":[],"product_cat":[551,535],"product_tag":[574,573,578,576,575,565,577,567],"class_list":{"0":"post-36241","1":"product","2":"type-product","3":"status-publish","4":"has-post-thumbnail","6":"product_cat-uncategorized","7":"product_cat-zaginarki-segmentowe-zgds","8":"product_tag-do-blachy","9":"product_tag-gietarka","10":"product_tag-gietarka-warsztatowa","11":"product_tag-kantownica","12":"product_tag-krawedziarka","13":"product_tag-zaginarka-segmentowa","14":"product_tag-zaginarka-warsztatowa","15":"product_tag-zgds-125","16":"product_shipping_class-paleta-euro","18":"first","19":"instock","20":"shipping-taxable","21":"purchasable","22":"product-type-simple"},"_links":{"self":[{"href":"https:\/\/rddsklep.pl\/de\/wp-json\/wp\/v2\/product\/36241","targetHints":{"allow":["GET"]}}],"collection":[{"href":"https:\/\/rddsklep.pl\/de\/wp-json\/wp\/v2\/product"}],"about":[{"href":"https:\/\/rddsklep.pl\/de\/wp-json\/wp\/v2\/types\/product"}],"replies":[{"embeddable":true,"href":"https:\/\/rddsklep.pl\/de\/wp-json\/wp\/v2\/comments?post=36241"}],"version-history":[{"count":1,"href":"https:\/\/rddsklep.pl\/de\/wp-json\/wp\/v2\/product\/36241\/revisions"}],"predecessor-version":[{"id":36242,"href":"https:\/\/rddsklep.pl\/de\/wp-json\/wp\/v2\/product\/36241\/revisions\/36242"}],"wp:featuredmedia":[{"embeddable":true,"href":"https:\/\/rddsklep.pl\/de\/wp-json\/wp\/v2\/media\/36124"}],"wp:attachment":[{"href":"https:\/\/rddsklep.pl\/de\/wp-json\/wp\/v2\/media?parent=36241"}],"wp:term":[{"taxonomy":"product_brand","embeddable":true,"href":"https:\/\/rddsklep.pl\/de\/wp-json\/wp\/v2\/product_brand?post=36241"},{"taxonomy":"product_cat","embeddable":true,"href":"https:\/\/rddsklep.pl\/de\/wp-json\/wp\/v2\/product_cat?post=36241"},{"taxonomy":"product_tag","embeddable":true,"href":"https:\/\/rddsklep.pl\/de\/wp-json\/wp\/v2\/product_tag?post=36241"}],"curies":[{"name":"wp","href":"https:\/\/api.w.org\/{rel}","templated":true}]}}