{"id":36268,"date":"2026-02-16T17:36:40","date_gmt":"2026-02-16T16:36:40","guid":{"rendered":"https:\/\/rddsklep.pl\/?post_type=product&#038;p=36268"},"modified":"2026-02-16T17:36:40","modified_gmt":"2026-02-16T16:36:40","slug":"miara-drewniana-skladana-2-metry-stabila-od-rdd","status":"publish","type":"product","link":"https:\/\/rddsklep.pl\/de\/product\/miara-drewniana-skladana-2-metry-stabila-od-rdd\/","title":{"rendered":"2 Meter langer STABILA-Klapplineal aus Holz von RDD"},"content":{"rendered":"<h2 data-start=\"114\" data-end=\"203\">\ud83d\udccf Faltbares Ma\u00dfband aus Holz, 2 m, mit Logo <strong data-start=\"156\" data-end=\"168\">PPHU RDD<\/strong> \u2013 Professionelle Werkstattma\u00dfnahme<\/h2>\n<p data-start=\"205\" data-end=\"486\">2 m langes, faltbares Holzma\u00dfband mit Aufdruck <strong data-start=\"246\" data-end=\"258\">PPHU RDD<\/strong> Dieses robuste und praktische Messger\u00e4t wurde speziell f\u00fcr Fachleute in der Dachdecker-, Blech- und Baubranche entwickelt. Seine hochwertige Verarbeitung und die gut ablesbare Skala garantieren pr\u00e4zise Messungen unter allen Arbeitsbedingungen.<\/p>\n<p data-start=\"488\" data-end=\"643\">Das Produkt zeichnet sich durch seine robuste Konstruktion und den \u00e4sthetischen Werbedruck aus und pr\u00e4sentiert das Angebot von RDD \u2013 einem Hersteller von Biegemaschinen und Dachdeckerwerkzeugen.<\/p>\n<hr data-start=\"645\" data-end=\"648\" \/>\n<h3 data-start=\"650\" data-end=\"685\">\u2705 Wichtigste Produktmerkmale:<\/h3>\n<p data-start=\"687\" data-end=\"986\">\u2714 L\u00e4nge: <strong data-start=\"698\" data-end=\"718\">2 Meter (200 cm)<\/strong><br data-start=\"718\" data-end=\"721\" \/>\u2714 Material: hochwertiges Holz<br data-start=\"756\" data-end=\"759\" \/>\u2714 Faltbare Konstruktion \u2013 leicht zu transportieren<br data-start=\"805\" data-end=\"808\" \/>\u2714 Langlebige Metallverbindungen<br data-start=\"835\" data-end=\"838\" \/>\u2714 Klare Millimeter- und Zentimeter-Skala<br data-start=\"861\" data-end=\"864\" \/>\u2714 Abriebfeste Graduierung<br data-start=\"896\" data-end=\"899\" \/>\u2714 Professioneller Druck durch PPHU RDD<br data-start=\"930\" data-end=\"933\" \/>\u2714 Robuste Konstruktion f\u00fcr den Einsatz im Feld und in der Werkstatt<\/p>\n<hr data-start=\"988\" data-end=\"991\" \/>\n<h3 data-start=\"993\" data-end=\"1012\">\ud83d\udd27 Bewerbung<\/h3>\n<p data-start=\"1014\" data-end=\"1050\">Das Ma\u00dfband eignet sich perfekt f\u00fcr:<\/p>\n<ul data-start=\"1052\" data-end=\"1206\">\n<li data-start=\"1052\" data-end=\"1086\">\n<p data-start=\"1054\" data-end=\"1086\">Dachdecker- und Blecharbeiten<\/p>\n<\/li>\n<li data-start=\"1087\" data-end=\"1134\">\n<p data-start=\"1089\" data-end=\"1134\">Montage von Stahl- und Holzkonstruktionen<\/p>\n<\/li>\n<li data-start=\"1135\" data-end=\"1157\">\n<p data-start=\"1137\" data-end=\"1157\">Werkstattarbeit<\/p>\n<\/li>\n<li data-start=\"1158\" data-end=\"1181\">\n<p data-start=\"1160\" data-end=\"1181\">Messungen auf der Baustelle<\/p>\n<\/li>\n<li data-start=\"1182\" data-end=\"1206\">\n<p data-start=\"1184\" data-end=\"1206\">Service und Installation<\/p>\n<\/li>\n<\/ul>\n<p data-start=\"1208\" data-end=\"1288\">F\u00fcr jeden Profi, der Wert auf Genauigkeit und Langlebigkeit legt, ist dies ein unersetzliches Werkzeug.<\/p>\n<hr data-start=\"1290\" data-end=\"1293\" \/>\n<h3 data-start=\"1295\" data-end=\"1325\">\ud83d\udccb Technische Spezifikationen<\/h3>\n<div class=\"TyagGW_tableContainer\">\n<div class=\"group TyagGW_tableWrapper flex flex-col-reverse w-fit\" tabindex=\"-1\">\n<table class=\"w-fit min-w-(--thread-content-width)\" data-start=\"1327\" data-end=\"1498\">\n<thead data-start=\"1327\" data-end=\"1349\">\n<tr data-start=\"1327\" data-end=\"1349\">\n<th class=\"\" data-start=\"1327\" data-end=\"1338\" data-col-size=\"sm\">Parameter<\/th>\n<th class=\"\" data-start=\"1338\" data-end=\"1349\" data-col-size=\"sm\">Wert<\/th>\n<\/tr>\n<\/thead>\n<tbody data-start=\"1374\" data-end=\"1498\">\n<tr data-start=\"1374\" data-end=\"1391\">\n<td data-start=\"1374\" data-end=\"1384\" data-col-size=\"sm\">L\u00e4nge<\/td>\n<td data-start=\"1384\" data-end=\"1391\" data-col-size=\"sm\">2 m<\/td>\n<\/tr>\n<tr data-start=\"1392\" data-end=\"1410\">\n<td data-start=\"1392\" data-end=\"1398\" data-col-size=\"sm\">Typ<\/td>\n<td data-start=\"1398\" data-end=\"1410\" data-col-size=\"sm\">Faltbar<\/td>\n<\/tr>\n<tr data-start=\"1411\" data-end=\"1432\">\n<td data-start=\"1411\" data-end=\"1422\" data-col-size=\"sm\">Material<\/td>\n<td data-start=\"1422\" data-end=\"1432\" data-col-size=\"sm\">Holz<\/td>\n<\/tr>\n<tr data-start=\"1433\" data-end=\"1452\">\n<td data-start=\"1433\" data-end=\"1441\" data-col-size=\"sm\">Skala<\/td>\n<td data-start=\"1441\" data-end=\"1452\" data-col-size=\"sm\">mm \/ cm<\/td>\n<\/tr>\n<tr data-start=\"1453\" data-end=\"1476\">\n<td data-start=\"1453\" data-end=\"1464\" data-col-size=\"sm\">Gelenke<\/td>\n<td data-start=\"1464\" data-end=\"1476\" data-col-size=\"sm\">Metall<\/td>\n<\/tr>\n<tr data-start=\"1477\" data-end=\"1498\">\n<td data-start=\"1477\" data-end=\"1486\" data-col-size=\"sm\">Aufdruck<\/td>\n<td data-start=\"1486\" data-end=\"1498\" data-col-size=\"sm\">PPHU RDD<\/td>\n<\/tr>\n<\/tbody>\n<\/table>\n<\/div>\n<\/div>\n<hr data-start=\"1500\" data-end=\"1503\" \/>\n<h3 data-start=\"1505\" data-end=\"1542\">\u2b50 Warum diese Ma\u00dfnahme w\u00e4hlen?<\/h3>\n<p data-start=\"1544\" data-end=\"1694\">\u2714 Werbeartikel f\u00fcr Ihre Marke<br data-start=\"1576\" data-end=\"1579\" \/>\u2714 Hochwertige Verarbeitung<br data-start=\"1604\" data-end=\"1607\" \/>\u2714 Lange Lebensdauer<br data-start=\"1624\" data-end=\"1627\" \/>\u2714 Professionelles Aussehen<br data-start=\"1649\" data-end=\"1652\" \/>\u2714 Perfekt f\u00fcr Unternehmen und Industriekunden<\/p>\n<p data-start=\"1696\" data-end=\"1772\">Das 2 m lange h\u00f6lzerne Ma\u00dfband PPHU RDD vereint Funktionalit\u00e4t und Markenwerbung.<\/p>\n<hr data-start=\"1774\" data-end=\"1777\" \/>\n<h3 data-start=\"1779\" data-end=\"1816\">\ud83d\uded2 W\u00e4hlen Sie bew\u00e4hrte Werkzeuge<\/h3>\n<p data-start=\"1818\" data-end=\"1910\">Mit der Wahl der RDD-Metrik investieren Sie in Qualit\u00e4t, Pr\u00e4zision und das professionelle Image Ihres Unternehmens.<\/p>\n<p data-start=\"1912\" data-end=\"1961\">\u27a1 Bestellen Sie noch heute und arbeiten Sie mit zuverl\u00e4ssiger Ausr\u00fcstung!<\/p>","protected":false},"excerpt":{"rendered":"<p>Holzma\u00dfband 2 Meter RDD<\/p>","protected":false},"featured_media":36175,"comment_status":"open","ping_status":"closed","template":"","meta":[],"product_brand":[],"product_cat":[521,551],"product_tag":[],"class_list":{"0":"post-36268","1":"product","2":"type-product","3":"status-publish","4":"has-post-thumbnail","6":"product_cat-przymiary-magnetyczne","7":"product_cat-uncategorized","8":"product_shipping_class-opakowania-kartonowe","10":"first","11":"instock","12":"shipping-taxable","13":"purchasable","14":"product-type-simple"},"_links":{"self":[{"href":"https:\/\/rddsklep.pl\/de\/wp-json\/wp\/v2\/product\/36268","targetHints":{"allow":["GET"]}}],"collection":[{"href":"https:\/\/rddsklep.pl\/de\/wp-json\/wp\/v2\/product"}],"about":[{"href":"https:\/\/rddsklep.pl\/de\/wp-json\/wp\/v2\/types\/product"}],"replies":[{"embeddable":true,"href":"https:\/\/rddsklep.pl\/de\/wp-json\/wp\/v2\/comments?post=36268"}],"version-history":[{"count":2,"href":"https:\/\/rddsklep.pl\/de\/wp-json\/wp\/v2\/product\/36268\/revisions"}],"predecessor-version":[{"id":36270,"href":"https:\/\/rddsklep.pl\/de\/wp-json\/wp\/v2\/product\/36268\/revisions\/36270"}],"wp:featuredmedia":[{"embeddable":true,"href":"https:\/\/rddsklep.pl\/de\/wp-json\/wp\/v2\/media\/36175"}],"wp:attachment":[{"href":"https:\/\/rddsklep.pl\/de\/wp-json\/wp\/v2\/media?parent=36268"}],"wp:term":[{"taxonomy":"product_brand","embeddable":true,"href":"https:\/\/rddsklep.pl\/de\/wp-json\/wp\/v2\/product_brand?post=36268"},{"taxonomy":"product_cat","embeddable":true,"href":"https:\/\/rddsklep.pl\/de\/wp-json\/wp\/v2\/product_cat?post=36268"},{"taxonomy":"product_tag","embeddable":true,"href":"https:\/\/rddsklep.pl\/de\/wp-json\/wp\/v2\/product_tag?post=36268"}],"curies":[{"name":"wp","href":"https:\/\/api.w.org\/{rel}","templated":true}]}}