{"id":36275,"date":"2026-02-16T18:23:29","date_gmt":"2026-02-16T17:23:29","guid":{"rendered":"https:\/\/rddsklep.pl\/?post_type=product&#038;p=36275"},"modified":"2026-02-16T18:27:45","modified_gmt":"2026-02-16T17:27:45","slug":"zaginarka-warsztatowa-zgw-1250-08-z-nogami","status":"publish","type":"product","link":"https:\/\/rddsklep.pl\/de\/product\/zaginarka-warsztatowa-zgw-1250-08-z-nogami\/","title":{"rendered":"Werkstattbiegemaschine ZGW-1250 \/0.8 mit Beinen"},"content":{"rendered":"<p>Die Werkstattbiegemaschine ZGW-1250 mit Rollen ist ein professionelles Ger\u00e4t f\u00fcr pr\u00e4zises Blechbiegen in Karosseriewerkst\u00e4tten und Produktionsbetrieben. Ihre robuste Konstruktion gew\u00e4hrleistet Stabilit\u00e4t und Langlebigkeit und macht sie zum idealen Werkzeug f\u00fcr Hobby- und Profianwender.<\/p>\n<p>Die ZGW-1250 mit Rollenf\u00fc\u00dfen bietet eine maximale Biegel\u00e4nge von 1270 mm und kann Bleche bis zu einer Dicke von 0,8 mm biegen. Dadurch eignet sie sich f\u00fcr eine Vielzahl von Projekten. Dank der Verwendung hochwertiger Materialien gew\u00e4hrleistet die Biegemaschine Biegegenauigkeit und Wiederholbarkeit, was im Produktionsprozess entscheidend ist.<\/p>\n<p>Die Werkstattbiegemaschine ZGW-1250 mit fahrbaren Beinen ist ein zuverl\u00e4ssiges Werkzeug, das die Arbeitseffizienz in jeder Werkstatt steigern wird und die Herstellung pr\u00e4ziser und \u00e4sthetischer Blechelemente erm\u00f6glicht.<\/p>","protected":false},"excerpt":{"rendered":"<p>ZGW-1250 Biegemaschine mit fahrbaren Beinen<\/p>","protected":false},"featured_media":36166,"comment_status":"open","ping_status":"closed","template":"","meta":[],"product_brand":[],"product_cat":[550],"product_tag":[574,573,578,576,575,565,577],"class_list":{"0":"post-36275","1":"product","2":"type-product","3":"status-publish","4":"has-post-thumbnail","6":"product_cat-zaginarki-warsztatowe-zgw","7":"product_tag-do-blachy","8":"product_tag-gietarka","9":"product_tag-gietarka-warsztatowa","10":"product_tag-kantownica","11":"product_tag-krawedziarka","12":"product_tag-zaginarka-segmentowa","13":"product_tag-zaginarka-warsztatowa","14":"product_shipping_class-paleta-euro","16":"first","17":"instock","18":"shipping-taxable","19":"purchasable","20":"product-type-simple"},"_links":{"self":[{"href":"https:\/\/rddsklep.pl\/de\/wp-json\/wp\/v2\/product\/36275","targetHints":{"allow":["GET"]}}],"collection":[{"href":"https:\/\/rddsklep.pl\/de\/wp-json\/wp\/v2\/product"}],"about":[{"href":"https:\/\/rddsklep.pl\/de\/wp-json\/wp\/v2\/types\/product"}],"replies":[{"embeddable":true,"href":"https:\/\/rddsklep.pl\/de\/wp-json\/wp\/v2\/comments?post=36275"}],"version-history":[{"count":1,"href":"https:\/\/rddsklep.pl\/de\/wp-json\/wp\/v2\/product\/36275\/revisions"}],"predecessor-version":[{"id":36276,"href":"https:\/\/rddsklep.pl\/de\/wp-json\/wp\/v2\/product\/36275\/revisions\/36276"}],"wp:featuredmedia":[{"embeddable":true,"href":"https:\/\/rddsklep.pl\/de\/wp-json\/wp\/v2\/media\/36166"}],"wp:attachment":[{"href":"https:\/\/rddsklep.pl\/de\/wp-json\/wp\/v2\/media?parent=36275"}],"wp:term":[{"taxonomy":"product_brand","embeddable":true,"href":"https:\/\/rddsklep.pl\/de\/wp-json\/wp\/v2\/product_brand?post=36275"},{"taxonomy":"product_cat","embeddable":true,"href":"https:\/\/rddsklep.pl\/de\/wp-json\/wp\/v2\/product_cat?post=36275"},{"taxonomy":"product_tag","embeddable":true,"href":"https:\/\/rddsklep.pl\/de\/wp-json\/wp\/v2\/product_tag?post=36275"}],"curies":[{"name":"wp","href":"https:\/\/api.w.org\/{rel}","templated":true}]}}