{"id":36277,"date":"2026-02-16T18:28:24","date_gmt":"2026-02-16T17:28:24","guid":{"rendered":"https:\/\/rddsklep.pl\/?post_type=product&#038;p=36277"},"modified":"2026-02-20T06:55:43","modified_gmt":"2026-02-20T05:55:43","slug":"zaginarka-warsztatowa-zgw-1020-10-z-nogami","status":"publish","type":"product","link":"https:\/\/rddsklep.pl\/de\/product\/zaginarka-warsztatowa-zgw-1020-10-z-nogami\/","title":{"rendered":"Werkstattbiegemaschine ZGW-1020 \/1.2 mit Beinen"},"content":{"rendered":"<p>Zaginarka warsztatowa ZGW-1020\u00a0 z nogami na k\u00f3\u0142kach to profesjonalne urz\u0105dzenie przeznaczone do precyzyjnego gi\u0119cia blachy w warsztatach blacharskich oraz produkcyjnych. Jej solidna konstrukcja zapewnia stabilno\u015b\u0107 oraz trwa\u0142o\u015b\u0107, co czyni j\u0105 idealnym narz\u0119dziem zar\u00f3wno dla amator\u00f3w, jak i profesjonalist\u00f3w.<\/p>\n<p>ZGW-1020 z nogami na k\u00f3\u0142kach charakteryzuje si\u0119 maksymaln\u0105 d\u0142ugo\u015bci\u0105 gi\u0119cia wynosz\u0105c\u0105 1040 mm oraz mo\u017cliwo\u015bci\u0105 gi\u0119cia blach o grubo\u015bci do 1,2 mm, co pozwala na realizacj\u0119 r\u00f3\u017cnorodnych projekt\u00f3w. Dzi\u0119ki zastosowaniu wysokiej jako\u015bci materia\u0142\u00f3w, zaginarka zapewnia dok\u0142adno\u015b\u0107 i powtarzalno\u015b\u0107 gi\u0119cia, co jest kluczowe w procesie produkcji.<\/p>\n<p>Zaginarka warsztatowa ZGW-1020 z nogami na k\u00f3\u0142kach\u00a0 to niezawodne narz\u0119dzie, kt\u00f3re z pewno\u015bci\u0105 podniesie efektywno\u015b\u0107 pracy w ka\u017cdym warsztacie, umo\u017cliwiaj\u0105c wykonywanie precyzyjnych i estetycznych element\u00f3w z blachy.<\/p>\n<p>Maksymalny k\u0105t zaginania 135 stopni<\/p>","protected":false},"excerpt":{"rendered":"<p>Zaginarka ZGW-1020 z nogami na k\u00f3\u0142kach<\/p>","protected":false},"featured_media":36169,"comment_status":"open","ping_status":"closed","template":"","meta":[],"product_brand":[583],"product_cat":[550],"product_tag":[574,573,578,576,575,565,577],"class_list":{"0":"post-36277","1":"product","2":"type-product","3":"status-publish","4":"has-post-thumbnail","6":"product_brand-producent-profesjonalnych-maszyn-blacharskich-rdd","7":"product_cat-zaginarki-warsztatowe-zgw","8":"product_tag-do-blachy","9":"product_tag-gietarka","10":"product_tag-gietarka-warsztatowa","11":"product_tag-kantownica","12":"product_tag-krawedziarka","13":"product_tag-zaginarka-segmentowa","14":"product_tag-zaginarka-warsztatowa","15":"product_shipping_class-paleta-euro","17":"first","18":"instock","19":"shipping-taxable","20":"purchasable","21":"product-type-simple"},"_links":{"self":[{"href":"https:\/\/rddsklep.pl\/de\/wp-json\/wp\/v2\/product\/36277","targetHints":{"allow":["GET"]}}],"collection":[{"href":"https:\/\/rddsklep.pl\/de\/wp-json\/wp\/v2\/product"}],"about":[{"href":"https:\/\/rddsklep.pl\/de\/wp-json\/wp\/v2\/types\/product"}],"replies":[{"embeddable":true,"href":"https:\/\/rddsklep.pl\/de\/wp-json\/wp\/v2\/comments?post=36277"}],"version-history":[{"count":1,"href":"https:\/\/rddsklep.pl\/de\/wp-json\/wp\/v2\/product\/36277\/revisions"}],"predecessor-version":[{"id":36278,"href":"https:\/\/rddsklep.pl\/de\/wp-json\/wp\/v2\/product\/36277\/revisions\/36278"}],"wp:featuredmedia":[{"embeddable":true,"href":"https:\/\/rddsklep.pl\/de\/wp-json\/wp\/v2\/media\/36169"}],"wp:attachment":[{"href":"https:\/\/rddsklep.pl\/de\/wp-json\/wp\/v2\/media?parent=36277"}],"wp:term":[{"taxonomy":"product_brand","embeddable":true,"href":"https:\/\/rddsklep.pl\/de\/wp-json\/wp\/v2\/product_brand?post=36277"},{"taxonomy":"product_cat","embeddable":true,"href":"https:\/\/rddsklep.pl\/de\/wp-json\/wp\/v2\/product_cat?post=36277"},{"taxonomy":"product_tag","embeddable":true,"href":"https:\/\/rddsklep.pl\/de\/wp-json\/wp\/v2\/product_tag?post=36277"}],"curies":[{"name":"wp","href":"https:\/\/api.w.org\/{rel}","templated":true}]}}