{"id":36279,"date":"2026-02-16T18:36:49","date_gmt":"2026-02-16T17:36:49","guid":{"rendered":"https:\/\/rddsklep.pl\/?post_type=product&#038;p=36279"},"modified":"2026-02-16T19:28:45","modified_gmt":"2026-02-16T18:28:45","slug":"zaginarka-segmentowa-zgds-125-plus-zestaw-z-ms-270","status":"publish","type":"product","link":"https:\/\/rddsklep.pl\/de\/product\/zaginarka-segmentowa-zgds-125-plus-zestaw-z-ms-270\/","title":{"rendered":"ZGDS-125 PLUS Segmentbiegemaschine mit MS-270"},"content":{"rendered":"<p data-start=\"295\" data-end=\"734\"><strong data-start=\"295\" data-end=\"327\">ZGDS 125 PLUS Segmentbiegemaschine mit magnetischen Messger\u00e4ten <\/strong>\u00a0Unternehmen\u00a0<strong data-start=\"334\" data-end=\"375\"><span class=\"hover:entity-accent entity-underline inline cursor-pointer align-baseline\"><span class=\"whitespace-normal\">RDD<\/span><\/span><\/strong>\u00a0ist eine Maschine der Profiklasse\u00a0<strong data-start=\"407\" data-end=\"418\">Pr\u00e4mie<\/strong>, entwickelt f\u00fcr die pr\u00e4zise, manuelle Blechbearbeitung in Dachdecker- und Blechwerkst\u00e4tten sowie in Produktionsbetrieben. Die Konstruktion des Ger\u00e4ts basiert auf\u00a0<strong data-start=\"579\" data-end=\"657\">drei pr\u00e4zise gefertigte Tr\u00e4ger: fest, gebogen und druckbeaufschlagt.<\/strong>, was eine hohe Biegegenauigkeit und die volle Kontrolle \u00fcber den Bearbeitungsprozess gew\u00e4hrleistet.<\/p>\n<p data-start=\"736\" data-end=\"1037\">Das Modell ZGDS 125 PLUS ist perfekt f\u00fcr die Durchf\u00fchrung von <strong data-start=\"790\" data-end=\"894\">Dacharbeiten, Profile, Kassetten, mehrstufige B\u00f6gen und Elemente mit Sonderformen<\/strong>. Die segmentierte Bauweise erm\u00f6glicht eine schnelle Anpassung der Arbeitskonfiguration an ein bestimmtes Teil und erh\u00f6ht so die Effizienz und den Komfort des Bedieners.<\/p>\n<p data-start=\"1039\" data-end=\"1338\">Die Maschine wurde gebaut auf\u00a0<strong data-start=\"1068\" data-end=\"1105\">starrer, geschwei\u00dfter Stahlrahmen<\/strong>, Dies garantiert Stabilit\u00e4t, Formstabilit\u00e4t und h\u00f6chste Laufruhe auch bei intensiver Beanspruchung. Die L\u00f6sung richtet sich an Profis, die Zuverl\u00e4ssigkeit, Langlebigkeit und ein ansprechendes Design erwarten.<\/p>\n<p data-start=\"2022\" data-end=\"2212\">Arbeitsl\u00e4nge 1250 mm<\/p>\n<p data-start=\"2022\" data-end=\"2212\">H\u00f6he der oberen Steine 55 mm<\/p>\n<p data-start=\"2022\" data-end=\"2212\">Maschinengewicht 135 kg<\/p>\n<p data-start=\"2022\" data-end=\"2212\">Steinbreite 95-50-80-100-100-100-100-100-100-100-100-80-50-95 mm<\/p>\n<p data-start=\"134\" data-end=\"501\"><strong data-start=\"134\" data-end=\"165\">Magnetmessger\u00e4t MS-270<\/strong> Dieses praktische Werkstattwerkzeug kommt bei Arbeiten zum Einsatz, die eine schnelle und pr\u00e4zise Ma\u00dfkontrolle und Ausrichtung von Metallbauteilen erfordern. Dank seiner integrierten Magnete und der robusten Bauweise erleichtert es das Messen, Montieren und Schwei\u00dfen bei allt\u00e4glichen Blechbearbeitungs-, Metallbearbeitungs- und Montagearbeiten.<\/p>\n<hr data-start=\"503\" data-end=\"506\" \/>\n<h3 data-start=\"508\" data-end=\"533\">\u2b50 Hauptmerkmale<\/h3>\n<ul data-start=\"535\" data-end=\"912\">\n<li data-start=\"535\" data-end=\"614\">\n<p data-start=\"537\" data-end=\"614\"><strong data-start=\"537\" data-end=\"566\">Gesamtl\u00e4nge: 270 mm<\/strong> \u2014 praktische Gr\u00f6\u00dfe f\u00fcr die Arbeit mit verschiedenen Teilen<\/p>\n<\/li>\n<li data-start=\"615\" data-end=\"700\">\n<p data-start=\"617\" data-end=\"700\"><strong data-start=\"617\" data-end=\"667\">Neodym-Magnete oder Permanentferrit-Magnete<\/strong> \u2014 stabile Materialhaltung<\/p>\n<\/li>\n<li data-start=\"701\" data-end=\"775\">\n<p data-start=\"703\" data-end=\"775\"><strong data-start=\"703\" data-end=\"734\">Skala\/Buchstaben auf der Oberfl\u00e4che<\/strong> \u2014 erm\u00f6glicht schnelles Ablesen und Ausrichten<\/p>\n<\/li>\n<li data-start=\"776\" data-end=\"851\">\n<p data-start=\"778\" data-end=\"851\"><strong data-start=\"778\" data-end=\"810\">Massive Stahlkonstruktion<\/strong> \u2014 Widerstandsf\u00e4higkeit gegen mechanische Besch\u00e4digung<\/p>\n<\/li>\n<li data-start=\"852\" data-end=\"912\">\n<p data-start=\"854\" data-end=\"912\"><strong data-start=\"854\" data-end=\"874\">Leicht und handlich<\/strong> \u2014 ideal f\u00fcr manuelle und mobile Arbeiten<\/p>\n<\/li>\n<\/ul>\n<hr data-start=\"914\" data-end=\"917\" \/>\n<h3 data-start=\"919\" data-end=\"941\">\ud83e\uddf0 Wozu dient es?<\/h3>\n<p data-start=\"943\" data-end=\"1011\">Das Magnetmessger\u00e4t MS-270 ist ein vielseitiges Werkzeug, das f\u00fcr folgende Zwecke verwendet wird:<\/p>\n<ul data-start=\"1013\" data-end=\"1276\">\n<li data-start=\"1013\" data-end=\"1081\">\n<p data-start=\"1015\" data-end=\"1081\"><strong data-start=\"1015\" data-end=\"1049\">Elemente in einem Winkel anordnen<\/strong> w\u00e4hrend des Schwei\u00dfens oder der Montage,<\/p>\n<\/li>\n<li data-start=\"1082\" data-end=\"1145\">\n<p data-start=\"1084\" data-end=\"1145\"><strong data-start=\"1084\" data-end=\"1117\">L\u00e4nge und Distanz messen<\/strong> auf einer Metalloberfl\u00e4che,<\/p>\n<\/li>\n<li data-start=\"1146\" data-end=\"1212\">\n<p data-start=\"1148\" data-end=\"1212\"><strong data-start=\"1148\" data-end=\"1172\">Position beibehalten<\/strong> Stahlelemente, Bleche und Profile,<\/p>\n<\/li>\n<li data-start=\"1213\" data-end=\"1276\">\n<p data-start=\"1215\" data-end=\"1276\"><strong data-start=\"1215\" data-end=\"1241\">geometrische Steuerung<\/strong> kurze Abschnitte w\u00e4hrend der Verarbeitung.<\/p>\n<\/li>\n<\/ul>\n<p data-start=\"1278\" data-end=\"1414\">Die magnetische Anziehungskraft erm\u00f6glicht eine stabile Befestigung des Ger\u00e4ts an Stahlelementen, ohne dass zus\u00e4tzliche Halterungen oder Klemmen erforderlich sind.<\/p>\n<hr data-start=\"1416\" data-end=\"1419\" \/>\n<h3 data-start=\"1421\" data-end=\"1440\">\ud83d\udd27 Bewerbung<\/h3>\n<p data-start=\"1442\" data-end=\"1504\">Das Messger\u00e4t MS-270 wird in vielen Branchen eingesetzt, unter anderem:<\/p>\n<ul data-start=\"1506\" data-end=\"1623\">\n<li data-start=\"1506\" data-end=\"1533\">\n<p data-start=\"1508\" data-end=\"1533\">Schlosserei und Metallurgie<\/p>\n<\/li>\n<li data-start=\"1534\" data-end=\"1550\">\n<p data-start=\"1536\" data-end=\"1550\">Schwei\u00dfen<\/p>\n<\/li>\n<li data-start=\"1551\" data-end=\"1568\">\n<p data-start=\"1553\" data-end=\"1568\">Blechbearbeitung<\/p>\n<\/li>\n<li data-start=\"1569\" data-end=\"1601\">\n<p data-start=\"1571\" data-end=\"1601\">Montage von Stahlkonstruktionen<\/p>\n<\/li>\n<li data-start=\"1602\" data-end=\"1623\">\n<p data-start=\"1604\" data-end=\"1623\">Service-Werkst\u00e4tten<\/p>\n<\/li>\n<\/ul>\n<p data-start=\"1625\" data-end=\"1739\">Dies ist ein Werkzeug, das die Arbeit deutlich verbessert, insbesondere beim pr\u00e4zisen Positionieren von Elementen und beim \u00dcberpr\u00fcfen von Details.<\/p>\n<hr data-start=\"1741\" data-end=\"1744\" \/>\n<h3 data-start=\"1746\" data-end=\"1776\">\ud83d\udccc Warum lohnt es sich, es zu besitzen?<\/h3>\n<p data-start=\"1778\" data-end=\"1995\">\u2714 <em data-start=\"1780\" data-end=\"1816\">Erm\u00f6glicht schnelle und genaue Messungen<\/em><br data-start=\"1816\" data-end=\"1819\" \/>\u2714 <em data-start=\"1821\" data-end=\"1860\">Reduziert Fehler bei der Elementausrichtung<\/em><br data-start=\"1860\" data-end=\"1863\" \/>\u2714 <em data-start=\"1865\" data-end=\"1907\">Die magnetische Befestigung gew\u00e4hrleistet komfortables Arbeiten<\/em><br data-start=\"1907\" data-end=\"1910\" \/>\u2714 <em data-start=\"1912\" data-end=\"1951\">Die L\u00e4nge von 270 mm ist eine universelle Gr\u00f6\u00dfe.<\/em><br data-start=\"1951\" data-end=\"1954\" \/>\u2714 <em data-start=\"1956\" data-end=\"1995\">Die solide Konstruktion gew\u00e4hrleistet Langlebigkeit.<\/em><\/p>","protected":false},"excerpt":{"rendered":"<p>ZGDS-125 PLUS Segmentbiegemaschine im Set mit MS-270<\/p>","protected":false},"featured_media":36280,"comment_status":"open","ping_status":"closed","template":"","meta":[],"product_brand":[],"product_cat":[551,535],"product_tag":[574,573,578,576,575,565,577,567],"class_list":{"0":"post-36279","1":"product","2":"type-product","3":"status-publish","4":"has-post-thumbnail","6":"product_cat-uncategorized","7":"product_cat-zaginarki-segmentowe-zgds","8":"product_tag-do-blachy","9":"product_tag-gietarka","10":"product_tag-gietarka-warsztatowa","11":"product_tag-kantownica","12":"product_tag-krawedziarka","13":"product_tag-zaginarka-segmentowa","14":"product_tag-zaginarka-warsztatowa","15":"product_tag-zgds-125","16":"product_shipping_class-paleta-euro","18":"first","19":"instock","20":"shipping-taxable","21":"purchasable","22":"product-type-simple"},"_links":{"self":[{"href":"https:\/\/rddsklep.pl\/de\/wp-json\/wp\/v2\/product\/36279","targetHints":{"allow":["GET"]}}],"collection":[{"href":"https:\/\/rddsklep.pl\/de\/wp-json\/wp\/v2\/product"}],"about":[{"href":"https:\/\/rddsklep.pl\/de\/wp-json\/wp\/v2\/types\/product"}],"replies":[{"embeddable":true,"href":"https:\/\/rddsklep.pl\/de\/wp-json\/wp\/v2\/comments?post=36279"}],"version-history":[{"count":2,"href":"https:\/\/rddsklep.pl\/de\/wp-json\/wp\/v2\/product\/36279\/revisions"}],"predecessor-version":[{"id":36285,"href":"https:\/\/rddsklep.pl\/de\/wp-json\/wp\/v2\/product\/36279\/revisions\/36285"}],"wp:featuredmedia":[{"embeddable":true,"href":"https:\/\/rddsklep.pl\/de\/wp-json\/wp\/v2\/media\/36280"}],"wp:attachment":[{"href":"https:\/\/rddsklep.pl\/de\/wp-json\/wp\/v2\/media?parent=36279"}],"wp:term":[{"taxonomy":"product_brand","embeddable":true,"href":"https:\/\/rddsklep.pl\/de\/wp-json\/wp\/v2\/product_brand?post=36279"},{"taxonomy":"product_cat","embeddable":true,"href":"https:\/\/rddsklep.pl\/de\/wp-json\/wp\/v2\/product_cat?post=36279"},{"taxonomy":"product_tag","embeddable":true,"href":"https:\/\/rddsklep.pl\/de\/wp-json\/wp\/v2\/product_tag?post=36279"}],"curies":[{"name":"wp","href":"https:\/\/api.w.org\/{rel}","templated":true}]}}