{"id":232,"date":"2021-08-26T14:39:51","date_gmt":"2021-08-26T14:39:51","guid":{"rendered":"http:\/\/dummy.xtemos.com\/woodmart2\/elementor\/?post_type=product&#038;p=232"},"modified":"2026-02-20T06:49:39","modified_gmt":"2026-02-20T05:49:39","slug":"eames-lounge-chair","status":"publish","type":"product","link":"https:\/\/rddsklep.pl\/en\/product\/eames-lounge-chair\/","title":{"rendered":"ZGP-2 square and flat profile bending machine"},"content":{"rendered":"\t\t<div data-elementor-type=\"wp-post\" data-elementor-id=\"232\" class=\"elementor elementor-232\" data-elementor-post-type=\"product\">\n\t\t\t\t<div class=\"wd-negative-gap elementor-element elementor-element-916b037 e-flex e-con-boxed e-con e-parent\" data-id=\"916b037\" data-element_type=\"container\" data-e-type=\"container\">\n\t\t\t\t\t<div class=\"e-con-inner\">\n\t\t<div class=\"elementor-element elementor-element-771f478 text-center e-con-full e-flex e-con e-child\" data-id=\"771f478\" data-element_type=\"container\" data-e-type=\"container\">\n\t\t\t\t<div class=\"elementor-element elementor-element-2d4e6b7 wd-width-100 elementor-widget elementor-widget-wd_title\" data-id=\"2d4e6b7\" data-element_type=\"widget\" data-e-type=\"widget\" data-widget_type=\"wd_title.default\">\n\t\t\t\t<div class=\"elementor-widget-container\">\n\t\t\t\t\t\t\t<div class=\"title-wrapper wd-set-mb reset-last-child wd-title-color-default wd-title-style-default wd-title-size-extra-large text-center\">\n\n\t\t\t\n\t\t\t<div class=\"liner-continer\">\n\t\t\t\t<h4 class=\"woodmart-title-container title wd-fontsize-xxxl\">G\u0142\u00f3wne cechy gi\u0119tarki ZGP-2:<br \/>\n<\/h4> \n\t\t\t\t\t\t\t<\/div>\n\n\t\t\t\t\t\t\t<div class=\"title-after_title reset-last-child wd-fontsize-s\">\n\t\t\t\t\t<ol><li><p><strong>Budowa i konstrukcja<\/strong><br \/>Gi\u0119tarka ZGP-2 zazwyczaj charakteryzuje si\u0119 solidn\u0105, stalow\u0105 konstrukcj\u0105, co zapewnia jej trwa\u0142o\u015b\u0107 i stabilno\u015b\u0107 podczas pracy. Maszyna jest zaprojektowana tak, aby mog\u0142a obs\u0142ugiwa\u0107 r\u00f3\u017cne rodzaje materia\u0142\u00f3w.<\/p><\/li><li><p><strong>Zakres gi\u0119cia<\/strong><br \/>ZGP-2 oferuje mo\u017cliwo\u015b\u0107 gi\u0119cia element\u00f3w w r\u00f3\u017cnych promieniach, co pozwala na osi\u0105gni\u0119cie r\u00f3\u017cnych kszta\u0142t\u00f3w. Dzi\u0119ki temu jest wszechstronna i mo\u017ce by\u0107 u\u017cywana w r\u00f3\u017cnych zastosowaniach.<\/p><\/li><li><p><strong>Sterowanie<\/strong><br \/>W zale\u017cno\u015bci od modelu, gi\u0119tarka mo\u017ce by\u0107 wyposa\u017cona w r\u0119czne lub automatyczne systemy sterowania, co wp\u0142ywa na wygod\u0119 u\u017cytkowania oraz precyzj\u0119 gi\u0119cia.<\/p><\/li><li><p><strong>Wydajno\u015b\u0107<\/strong><br \/>Gi\u0119tarki te s\u0105 zaprojektowane tak, aby mog\u0142y pracowa\u0107 z du\u017c\u0105 wydajno\u015bci\u0105, co jest istotne w zak\u0142adach przemys\u0142owych, gdzie czas produkcji ma kluczowe znaczenie.<\/p><\/li><li><p><strong>Zastosowanie<\/strong><br \/>ZGP-2 znajduje zastosowanie w wielu dziedzinach, takich jak przemys\u0142 motoryzacyjny, budownictwo, produkcja element\u00f3w do maszyn oraz w innych bran\u017cach, gdzie konieczne jest formowanie metalu.<\/p><\/li><li><p><strong>Mo\u017cliwo\u015bci opcjonalne<\/strong><br \/>Mo\u017cliwo\u015b\u0107 dokupienia stojaka zwi\u0119ksza funkcjonalno\u015b\u0107 urz\u0105dzenia, u\u0142atwiaj\u0105c jego u\u017cytkowanie.<\/p><\/li><\/ol><p><strong>Gi\u0119tarka ZGP-2 jest ceniona za swoj\u0105 niezawodno\u015b\u0107 i wszechstronno\u015b\u0107, co czyni j\u0105 popularnym wyborem zar\u00f3wno w\u015br\u00f3d profesjonalist\u00f3w, jak i amator\u00f3w w r\u00f3\u017cnych bran\u017cach.<\/strong><\/p>\t\t\t\t<\/div>\n\t\t\t\t\t<\/div>\n\t\t\t\t\t\t<\/div>\n\t\t\t\t<\/div>\n\t\t\t\t<div class=\"elementor-element elementor-element-b6c172e elementor-widget elementor-widget-wd_3d_view\" data-id=\"b6c172e\" data-element_type=\"widget\" data-e-type=\"widget\" data-widget_type=\"wd_3d_view.default\">\n\t\t\t\t<div class=\"elementor-widget-container\">\n\t\t\t\t\t\t\t<div class=\"wd-threed-view\" data-args='{\"frames_count\":5,\"images\":[\"https:\\\/\\\/rddsklep.pl\\\/wp-content\\\/uploads\\\/2021\\\/08\\\/1673386816532-1070x800.jpg\",\"https:\\\/\\\/rddsklep.pl\\\/wp-content\\\/uploads\\\/2021\\\/08\\\/IMG_20221024_103910-scaled-1300x800.jpg\",\"https:\\\/\\\/rddsklep.pl\\\/wp-content\\\/uploads\\\/2021\\\/08\\\/IMG_20221024_104028-scaled-1300x800.jpg\",\"https:\\\/\\\/rddsklep.pl\\\/wp-content\\\/uploads\\\/2021\\\/08\\\/IMG_20221024_104041-scaled-1300x800.jpg\",\"https:\\\/\\\/rddsklep.pl\\\/wp-content\\\/uploads\\\/2021\\\/08\\\/IMG_20221024_104203-scaled-1300x800.jpg\"],\"width\":1070,\"height\":800}'>\n\t\t\t<ul class=\"threed-view-images\"><\/ul>\n\t\t\t<div class=\"spinner\">\n\t\t\t\t<span>0%<\/span>\n\t\t\t<\/div>\n\t\t<\/div>\n\t\t\t\t\t\t<\/div>\n\t\t\t\t<\/div>\n\t\t\t\t<\/div>\n\t\t\t\t\t<\/div>\n\t\t\t\t<\/div>\n\t\t\t\t<\/div>\n\t\t","protected":false},"excerpt":{"rendered":"<p class=\"a-b-r-La\">The ZGP-2 bending machine is a device used in industry for bending sheet metal and metal profiles. This machine allows for the precise forming of various shapes from metal, which is essential in many production processes, such as the production of steel structures, machine components, and the construction industry.<\/p>","protected":false},"featured_media":35740,"comment_status":"closed","ping_status":"closed","template":"","meta":[],"product_brand":[],"product_cat":[523],"product_tag":[],"class_list":{"0":"post-232","1":"product","2":"type-product","3":"status-publish","4":"has-post-thumbnail","6":"product_cat-gietarki-do-profili","8":"first","9":"instock","10":"sale","11":"shipping-taxable","12":"purchasable","13":"product-type-simple"},"_links":{"self":[{"href":"https:\/\/rddsklep.pl\/en\/wp-json\/wp\/v2\/product\/232","targetHints":{"allow":["GET"]}}],"collection":[{"href":"https:\/\/rddsklep.pl\/en\/wp-json\/wp\/v2\/product"}],"about":[{"href":"https:\/\/rddsklep.pl\/en\/wp-json\/wp\/v2\/types\/product"}],"replies":[{"embeddable":true,"href":"https:\/\/rddsklep.pl\/en\/wp-json\/wp\/v2\/comments?post=232"}],"version-history":[{"count":1,"href":"https:\/\/rddsklep.pl\/en\/wp-json\/wp\/v2\/product\/232\/revisions"}],"predecessor-version":[{"id":35983,"href":"https:\/\/rddsklep.pl\/en\/wp-json\/wp\/v2\/product\/232\/revisions\/35983"}],"wp:featuredmedia":[{"embeddable":true,"href":"https:\/\/rddsklep.pl\/en\/wp-json\/wp\/v2\/media\/35740"}],"wp:attachment":[{"href":"https:\/\/rddsklep.pl\/en\/wp-json\/wp\/v2\/media?parent=232"}],"wp:term":[{"taxonomy":"product_brand","embeddable":true,"href":"https:\/\/rddsklep.pl\/en\/wp-json\/wp\/v2\/product_brand?post=232"},{"taxonomy":"product_cat","embeddable":true,"href":"https:\/\/rddsklep.pl\/en\/wp-json\/wp\/v2\/product_cat?post=232"},{"taxonomy":"product_tag","embeddable":true,"href":"https:\/\/rddsklep.pl\/en\/wp-json\/wp\/v2\/product_tag?post=232"}],"curies":[{"name":"wp","href":"https:\/\/api.w.org\/{rel}","templated":true}]}}