{"id":35818,"date":"2025-03-07T16:49:59","date_gmt":"2025-03-07T15:49:59","guid":{"rendered":"https:\/\/rddsklep.pl\/?post_type=product&#038;p=35818"},"modified":"2026-02-02T05:45:14","modified_gmt":"2026-02-02T04:45:14","slug":"przymiar-magnetyczny-ms-320","status":"publish","type":"product","link":"https:\/\/rddsklep.pl\/en\/product\/przymiar-magnetyczny-ms-320\/","title":{"rendered":"MS-320 magnetic gauge"},"content":{"rendered":"<p>The innovative use of neodymium magnets significantly simplifies the gauge&#039;s attachment to the machine and equipment components on which it is mounted. The gauge significantly simplifies single-person operation on longer machine tools, such as a sheet metal bending machine, for roofing work, thereby reducing labor costs and speeding up work. The gauge is equipped with a scale on which a pointer moves smoothly, clearly showing the desired dimension on the workpiece. The main mounting element, which was our idea, is a neodymium magnet with a strong holding force connected to an aluminum profile, which carries a measuring scale on top of the profile, integrated with a sliding pointer with a locking mechanism that determines the desired dimension.<img loading=\"lazy\" decoding=\"async\" class=\"alignnone size-medium wp-image-35744\" src=\"https:\/\/rddsklep.pl\/wp-content\/uploads\/2025\/02\/Photoroom-20240625_224837-400x300.png\" alt=\"\" width=\"400\" height=\"300\" \/><img loading=\"lazy\" decoding=\"async\" class=\"alignnone size-medium wp-image-35747\" src=\"https:\/\/rddsklep.pl\/wp-content\/uploads\/2025\/02\/Projekt-bez-nazwy-43-400x225.jpg\" alt=\"\" width=\"400\" height=\"225\" \/><\/p>","protected":false},"excerpt":{"rendered":"<p>Innowacyjno\u015bci\u0105 jest zastosowanie magnes\u00f3w neodymowych co znacznie u\u0142atwia monta\u017c przymiaru do element\u00f3w maszyn i urz\u0105dze\u0144 na kt\u00f3rych jest zamontowany\u00a0 .<\/p>","protected":false},"featured_media":35745,"comment_status":"open","ping_status":"closed","template":"","meta":[],"product_brand":[],"product_cat":[521],"product_tag":[574,573,578,576,575,579,565,577],"class_list":{"0":"post-35818","1":"product","2":"type-product","3":"status-publish","4":"has-post-thumbnail","6":"product_cat-przymiary-magnetyczne","7":"product_tag-do-blachy","8":"product_tag-gietarka","9":"product_tag-gietarka-warsztatowa","10":"product_tag-kantownica","11":"product_tag-krawedziarka","12":"product_tag-przymiar-magnetyczny","13":"product_tag-zaginarka-segmentowa","14":"product_tag-zaginarka-warsztatowa","15":"product_shipping_class-opakowania-kartonowe","17":"first","18":"instock","19":"shipping-taxable","20":"purchasable","21":"product-type-simple"},"_links":{"self":[{"href":"https:\/\/rddsklep.pl\/en\/wp-json\/wp\/v2\/product\/35818","targetHints":{"allow":["GET"]}}],"collection":[{"href":"https:\/\/rddsklep.pl\/en\/wp-json\/wp\/v2\/product"}],"about":[{"href":"https:\/\/rddsklep.pl\/en\/wp-json\/wp\/v2\/types\/product"}],"replies":[{"embeddable":true,"href":"https:\/\/rddsklep.pl\/en\/wp-json\/wp\/v2\/comments?post=35818"}],"version-history":[{"count":1,"href":"https:\/\/rddsklep.pl\/en\/wp-json\/wp\/v2\/product\/35818\/revisions"}],"predecessor-version":[{"id":36094,"href":"https:\/\/rddsklep.pl\/en\/wp-json\/wp\/v2\/product\/35818\/revisions\/36094"}],"wp:featuredmedia":[{"embeddable":true,"href":"https:\/\/rddsklep.pl\/en\/wp-json\/wp\/v2\/media\/35745"}],"wp:attachment":[{"href":"https:\/\/rddsklep.pl\/en\/wp-json\/wp\/v2\/media?parent=35818"}],"wp:term":[{"taxonomy":"product_brand","embeddable":true,"href":"https:\/\/rddsklep.pl\/en\/wp-json\/wp\/v2\/product_brand?post=35818"},{"taxonomy":"product_cat","embeddable":true,"href":"https:\/\/rddsklep.pl\/en\/wp-json\/wp\/v2\/product_cat?post=35818"},{"taxonomy":"product_tag","embeddable":true,"href":"https:\/\/rddsklep.pl\/en\/wp-json\/wp\/v2\/product_tag?post=35818"}],"curies":[{"name":"wp","href":"https:\/\/api.w.org\/{rel}","templated":true}]}}